{"id":18570,"date":"2024-01-24T00:42:48","date_gmt":"2024-01-24T00:42:48","guid":{"rendered":"https:\/\/mspteambuilding.ca\/?post_type=product&#038;p=18570"},"modified":"2024-02-23T07:33:34","modified_gmt":"2024-02-23T07:33:34","slug":"defi-igloo","status":"publish","type":"product","link":"https:\/\/mspteambuilding.ca\/fr\/produit\/defi-igloo\/","title":{"rendered":"D\u00e9fi Igloo"},"content":{"rendered":"<p>Adoptez l&#8217;esprit de l&#8217;hiver en construisant des igloos cr\u00e9atifs, en encourageant le travail d&#8217;\u00e9quipe, la strat\u00e9gie et la r\u00e9silience dans le cadre d&#8217;un d\u00e9fi en plein air et dans la neige.<\/p>\n","protected":false},"excerpt":{"rendered":"<p>Plongez dans le royaume glac\u00e9 de l&#8217;Arctique avec notre d\u00e9fi Igloo, une activit\u00e9 de consolidation d&#8217;\u00e9quipe inspir\u00e9e des traditions inuites. Cette aventure en plein air de 2 \u00e0 4 heures encourage les \u00e9quipes \u00e0 construire leurs propres igloos dans une \u00e9tendue enneig\u00e9e, m\u00ealant cr\u00e9ativit\u00e9, comp\u00e9tences en construction et travail d&#8217;\u00e9quipe.<\/p>\n<p>Les participants recevront du mat\u00e9riel pour construire un igloo solide et s\u00fbr, mettant \u00e0 l&#8217;\u00e9preuve leurs aptitudes physiques, leur r\u00e9flexion strat\u00e9gique et leurs capacit\u00e9s de collaboration. Le d\u00e9fi met l&#8217;accent non seulement sur la beaut\u00e9 architecturale, mais aussi sur la durabilit\u00e9 et la conception des structures.<\/p>\n<p>C\u00e9l\u00e9brez l&#8217;ing\u00e9niosit\u00e9 et l&#8217;esprit de votre \u00e9quipe dans cette comp\u00e9tition amicale qui refl\u00e8te la r\u00e9silience et l&#8217;esprit communautaire des habitants de l&#8217;Arctique.<\/p>\n<p><strong>Id\u00e9al pour :<\/strong><\/p>\n<ul>\n<li>Travail d&#8217;\u00e9quipe et strat\u00e9gie<\/li>\n<li>S&#8217;amuser<\/li>\n<li>D\u00e9velopper sa cr\u00e9ativit\u00e9<\/li>\n<li>La collaboration<\/li>\n<\/ul>\n<h5><span style=\"vertical-align: inherit;\">[edgtf_separator class_name=\"\" type=\"normal\" position=\"left\" color=\"\" border_style=\"solid\" width=\"200px\" thickness=\"\" top_margin=\"20px\" bottom_margin=\"0px\"] <\/span><br \/>\n<span style=\"vertical-align: inherit;\">[edgtf_custom_font content_custom_font=\" DUR\u00c9E: Plus de 2hrs\" custom_font_tag=\"h5\" font_family=\"\" font_size=\"16\" line_height=\"0px\" font_style=\"normal\" text_align=\"left\" font_weight=\"700\" color=\"\" text_decoration=\"none\" letter_spacing=\"\"] <\/span><br \/>\n<span style=\"vertical-align: inherit;\">[edgtf_separator class_name=\"\" type=\"normal\" position=\"left\" color=\"\" border_style=\"solid\" width=\"200px\" thickness=\"\" top_margin=\"0px\" bottom_margin=\"30px\"]<\/span><\/h5>\n<p>&nbsp;<\/p>\n<p><span style=\"vertical-align: inherit;\"><span style=\"vertical-align: inherit;\">[edgtf_custom_font content_custom_font=\"REQUEST A PRICE QUOTE\" custom_font_tag=\"h5\" font_family=\"\" font_size=\"20\" line_height=\"0px\" font_style=\"normal\" text_align=\"left\" font_weight=\"700\" color=\"\" text_decoration=\"none\" letter_spacing=\"\"] <\/span><\/span><\/p>\n[wpforms id=\"14791\" title=\"false\"]\n<p><!----[contact-form-7 id=\"6219\" title=\"Team Building - Sing Along\"] ---><\/p>\n","protected":false},"featured_media":18572,"comment_status":"open","ping_status":"closed","template":"","meta":{"_acf_changed":false},"product_brand":[],"product_cat":[1426],"product_tag":[1601],"class_list":{"0":"post-18570","1":"product","2":"type-product","3":"status-publish","4":"has-post-thumbnail","6":"product_cat-en-personne","7":"product_tag-en-personne","8":"pa_activity-type-creative","9":"pa_activity-type-culture-dentreprise","10":"pa_activity-type-divertissement","11":"pa_activity-type-ie-intelligence-emotionnelle","12":"pa_activity-type-reconnaissance-de-lequipe","13":"pa_play-type-team-fr","14":"pa_time-1-2hrs","15":"pa_time-jusqua-toute-la-journee","16":"pa_time-plus-de-2-heures","18":"first","19":"instock","20":"product-type-simple"},"acf":[],"yoast_head":"<!-- This site is optimized with the Yoast SEO Premium plugin v21.8 (Yoast SEO v27.5) - https:\/\/yoast.com\/product\/yoast-seo-premium-wordpress\/ -->\n<title>D\u00e9fi Igloo : Des activit\u00e9s cr\u00e9atives pour renforcer l&#039;esprit d&#039;\u00e9quipe ! | MSP Teambuilding<\/title>\n<meta name=\"description\" content=\"Rejoignez le d\u00e9fi Igloo de MSP Teambuilding pour une exp\u00e9rience unique en plein air qui combine cr\u00e9ativit\u00e9, comp\u00e9tences en construction et travail d&#039;\u00e9quipe. Pour en savoir plus, cliquez ici !\" \/>\n<meta name=\"robots\" content=\"index, follow, max-snippet:-1, max-image-preview:large, max-video-preview:-1\" \/>\n<link rel=\"canonical\" href=\"https:\/\/mspteambuilding.ca\/fr\/produit\/defi-igloo\/\" \/>\n<meta property=\"og:locale\" content=\"fr_FR\" \/>\n<meta property=\"og:type\" content=\"article\" \/>\n<meta property=\"og:title\" content=\"D\u00e9fi Igloo\" \/>\n<meta property=\"og:description\" content=\"Rejoignez le d\u00e9fi Igloo de MSP Teambuilding pour une exp\u00e9rience unique en plein air qui combine cr\u00e9ativit\u00e9, comp\u00e9tences en construction et travail d&#039;\u00e9quipe. Pour en savoir plus, cliquez ici !\" \/>\n<meta property=\"og:url\" content=\"https:\/\/mspteambuilding.ca\/fr\/produit\/defi-igloo\/\" \/>\n<meta property=\"og:site_name\" content=\"MSP Teambuilding\" \/>\n<meta property=\"article:publisher\" content=\"https:\/\/www.facebook.com\/mspteambuilding\" \/>\n<meta property=\"article:modified_time\" content=\"2024-02-23T07:33:34+00:00\" \/>\n<meta property=\"og:image\" content=\"https:\/\/mspteambuilding.ca\/wp-content\/uploads\/2024\/01\/Screen-Shot-2024-01-19-at-1.43.16-PM-1024x1010.png\" \/>\n\t<meta property=\"og:image:width\" content=\"1024\" \/>\n\t<meta property=\"og:image:height\" content=\"1010\" \/>\n\t<meta property=\"og:image:type\" content=\"image\/png\" \/>\n<meta name=\"twitter:card\" content=\"summary_large_image\" \/>\n<meta name=\"twitter:site\" content=\"@teambuildingmsp\" \/>\n<meta name=\"twitter:label1\" content=\"Dur\u00e9e de lecture estim\u00e9e\" \/>\n\t<meta name=\"twitter:data1\" content=\"1 minute\" \/>\n<script type=\"application\/ld+json\" class=\"yoast-schema-graph\">{\"@context\":\"https:\\\/\\\/schema.org\",\"@graph\":[{\"@type\":\"WebPage\",\"@id\":\"https:\\\/\\\/mspteambuilding.ca\\\/fr\\\/produit\\\/defi-igloo\\\/\",\"url\":\"https:\\\/\\\/mspteambuilding.ca\\\/fr\\\/produit\\\/defi-igloo\\\/\",\"name\":\"D\u00e9fi Igloo : Des activit\u00e9s cr\u00e9atives pour renforcer l'esprit d'\u00e9quipe ! | MSP Teambuilding\",\"isPartOf\":{\"@id\":\"https:\\\/\\\/mspteambuilding.ca\\\/#website\"},\"primaryImageOfPage\":{\"@id\":\"https:\\\/\\\/mspteambuilding.ca\\\/fr\\\/produit\\\/defi-igloo\\\/#primaryimage\"},\"image\":{\"@id\":\"https:\\\/\\\/mspteambuilding.ca\\\/fr\\\/produit\\\/defi-igloo\\\/#primaryimage\"},\"thumbnailUrl\":\"https:\\\/\\\/mspteambuilding.ca\\\/wp-content\\\/uploads\\\/2024\\\/01\\\/Screen-Shot-2024-01-19-at-1.43.16-PM.png\",\"datePublished\":\"2024-01-24T00:42:48+00:00\",\"dateModified\":\"2024-02-23T07:33:34+00:00\",\"description\":\"Rejoignez le d\u00e9fi Igloo de MSP Teambuilding pour une exp\u00e9rience unique en plein air qui combine cr\u00e9ativit\u00e9, comp\u00e9tences en construction et travail d'\u00e9quipe. Pour en savoir plus, cliquez ici !\",\"breadcrumb\":{\"@id\":\"https:\\\/\\\/mspteambuilding.ca\\\/fr\\\/produit\\\/defi-igloo\\\/#breadcrumb\"},\"inLanguage\":\"fr-FR\",\"potentialAction\":[{\"@type\":\"ReadAction\",\"target\":[\"https:\\\/\\\/mspteambuilding.ca\\\/fr\\\/produit\\\/defi-igloo\\\/\"]}]},{\"@type\":\"ImageObject\",\"inLanguage\":\"fr-FR\",\"@id\":\"https:\\\/\\\/mspteambuilding.ca\\\/fr\\\/produit\\\/defi-igloo\\\/#primaryimage\",\"url\":\"https:\\\/\\\/mspteambuilding.ca\\\/wp-content\\\/uploads\\\/2024\\\/01\\\/Screen-Shot-2024-01-19-at-1.43.16-PM.png\",\"contentUrl\":\"https:\\\/\\\/mspteambuilding.ca\\\/wp-content\\\/uploads\\\/2024\\\/01\\\/Screen-Shot-2024-01-19-at-1.43.16-PM.png\",\"width\":1156,\"height\":1140,\"caption\":\"3 people are building an Igloo. One of them is holding a shovel and smiling. He is wearing a red coat\"},{\"@type\":\"BreadcrumbList\",\"@id\":\"https:\\\/\\\/mspteambuilding.ca\\\/fr\\\/produit\\\/defi-igloo\\\/#breadcrumb\",\"itemListElement\":[{\"@type\":\"ListItem\",\"position\":1,\"name\":\"Home\",\"item\":\"https:\\\/\\\/mspteambuilding.ca\\\/fr\\\/\"},{\"@type\":\"ListItem\",\"position\":2,\"name\":\"Magasinez\",\"item\":\"https:\\\/\\\/mspteambuilding.ca\\\/team-building-activities\\\/\"},{\"@type\":\"ListItem\",\"position\":3,\"name\":\"D\u00e9fi Igloo\"}]},{\"@type\":\"WebSite\",\"@id\":\"https:\\\/\\\/mspteambuilding.ca\\\/#website\",\"url\":\"https:\\\/\\\/mspteambuilding.ca\\\/\",\"name\":\"MSP Teambuilding\",\"description\":\"Transforming Company Culture, One Human Connection at a time.\",\"publisher\":{\"@id\":\"https:\\\/\\\/mspteambuilding.ca\\\/#organization\"},\"potentialAction\":[{\"@type\":\"SearchAction\",\"target\":{\"@type\":\"EntryPoint\",\"urlTemplate\":\"https:\\\/\\\/mspteambuilding.ca\\\/?s={search_term_string}\"},\"query-input\":{\"@type\":\"PropertyValueSpecification\",\"valueRequired\":true,\"valueName\":\"search_term_string\"}}],\"inLanguage\":\"fr-FR\"},{\"@type\":\"Organization\",\"@id\":\"https:\\\/\\\/mspteambuilding.ca\\\/#organization\",\"name\":\"MSP TeamBuilding\",\"url\":\"https:\\\/\\\/mspteambuilding.ca\\\/\",\"logo\":{\"@type\":\"ImageObject\",\"inLanguage\":\"fr-FR\",\"@id\":\"https:\\\/\\\/mspteambuilding.ca\\\/#\\\/schema\\\/logo\\\/image\\\/\",\"url\":\"https:\\\/\\\/mspteambuilding.ca\\\/wp-content\\\/uploads\\\/2019\\\/03\\\/cropped-mspteambuilding-favicon.png\",\"contentUrl\":\"https:\\\/\\\/mspteambuilding.ca\\\/wp-content\\\/uploads\\\/2019\\\/03\\\/cropped-mspteambuilding-favicon.png\",\"width\":512,\"height\":512,\"caption\":\"MSP TeamBuilding\"},\"image\":{\"@id\":\"https:\\\/\\\/mspteambuilding.ca\\\/#\\\/schema\\\/logo\\\/image\\\/\"},\"sameAs\":[\"https:\\\/\\\/www.facebook.com\\\/mspteambuilding\",\"https:\\\/\\\/x.com\\\/teambuildingmsp\",\"https:\\\/\\\/www.instagram.com\\\/mspteambuilding\\\/\",\"https:\\\/\\\/www.linkedin.com\\\/company\\\/msp-teambuilding\",\"https:\\\/\\\/www.youtube.com\\\/channel\\\/UCKzGwb2bi6TEYMFmEfboppg\\\/\"]}]}<\/script>\n<!-- \/ Yoast SEO Premium plugin. -->","yoast_head_json":{"title":"D\u00e9fi Igloo : Des activit\u00e9s cr\u00e9atives pour renforcer l'esprit d'\u00e9quipe ! | MSP Teambuilding","description":"Rejoignez le d\u00e9fi Igloo de MSP Teambuilding pour une exp\u00e9rience unique en plein air qui combine cr\u00e9ativit\u00e9, comp\u00e9tences en construction et travail d'\u00e9quipe. Pour en savoir plus, cliquez ici !","robots":{"index":"index","follow":"follow","max-snippet":"max-snippet:-1","max-image-preview":"max-image-preview:large","max-video-preview":"max-video-preview:-1"},"canonical":"https:\/\/mspteambuilding.ca\/fr\/produit\/defi-igloo\/","og_locale":"fr_FR","og_type":"article","og_title":"D\u00e9fi Igloo","og_description":"Rejoignez le d\u00e9fi Igloo de MSP Teambuilding pour une exp\u00e9rience unique en plein air qui combine cr\u00e9ativit\u00e9, comp\u00e9tences en construction et travail d'\u00e9quipe. Pour en savoir plus, cliquez ici !","og_url":"https:\/\/mspteambuilding.ca\/fr\/produit\/defi-igloo\/","og_site_name":"MSP Teambuilding","article_publisher":"https:\/\/www.facebook.com\/mspteambuilding","article_modified_time":"2024-02-23T07:33:34+00:00","og_image":[{"width":1024,"height":1010,"url":"https:\/\/mspteambuilding.ca\/wp-content\/uploads\/2024\/01\/Screen-Shot-2024-01-19-at-1.43.16-PM-1024x1010.png","type":"image\/png"}],"twitter_card":"summary_large_image","twitter_site":"@teambuildingmsp","twitter_misc":{"Dur\u00e9e de lecture estim\u00e9e":"1 minute"},"schema":{"@context":"https:\/\/schema.org","@graph":[{"@type":"WebPage","@id":"https:\/\/mspteambuilding.ca\/fr\/produit\/defi-igloo\/","url":"https:\/\/mspteambuilding.ca\/fr\/produit\/defi-igloo\/","name":"D\u00e9fi Igloo : Des activit\u00e9s cr\u00e9atives pour renforcer l'esprit d'\u00e9quipe ! | MSP Teambuilding","isPartOf":{"@id":"https:\/\/mspteambuilding.ca\/#website"},"primaryImageOfPage":{"@id":"https:\/\/mspteambuilding.ca\/fr\/produit\/defi-igloo\/#primaryimage"},"image":{"@id":"https:\/\/mspteambuilding.ca\/fr\/produit\/defi-igloo\/#primaryimage"},"thumbnailUrl":"https:\/\/mspteambuilding.ca\/wp-content\/uploads\/2024\/01\/Screen-Shot-2024-01-19-at-1.43.16-PM.png","datePublished":"2024-01-24T00:42:48+00:00","dateModified":"2024-02-23T07:33:34+00:00","description":"Rejoignez le d\u00e9fi Igloo de MSP Teambuilding pour une exp\u00e9rience unique en plein air qui combine cr\u00e9ativit\u00e9, comp\u00e9tences en construction et travail d'\u00e9quipe. Pour en savoir plus, cliquez ici !","breadcrumb":{"@id":"https:\/\/mspteambuilding.ca\/fr\/produit\/defi-igloo\/#breadcrumb"},"inLanguage":"fr-FR","potentialAction":[{"@type":"ReadAction","target":["https:\/\/mspteambuilding.ca\/fr\/produit\/defi-igloo\/"]}]},{"@type":"ImageObject","inLanguage":"fr-FR","@id":"https:\/\/mspteambuilding.ca\/fr\/produit\/defi-igloo\/#primaryimage","url":"https:\/\/mspteambuilding.ca\/wp-content\/uploads\/2024\/01\/Screen-Shot-2024-01-19-at-1.43.16-PM.png","contentUrl":"https:\/\/mspteambuilding.ca\/wp-content\/uploads\/2024\/01\/Screen-Shot-2024-01-19-at-1.43.16-PM.png","width":1156,"height":1140,"caption":"3 people are building an Igloo. One of them is holding a shovel and smiling. He is wearing a red coat"},{"@type":"BreadcrumbList","@id":"https:\/\/mspteambuilding.ca\/fr\/produit\/defi-igloo\/#breadcrumb","itemListElement":[{"@type":"ListItem","position":1,"name":"Home","item":"https:\/\/mspteambuilding.ca\/fr\/"},{"@type":"ListItem","position":2,"name":"Magasinez","item":"https:\/\/mspteambuilding.ca\/team-building-activities\/"},{"@type":"ListItem","position":3,"name":"D\u00e9fi Igloo"}]},{"@type":"WebSite","@id":"https:\/\/mspteambuilding.ca\/#website","url":"https:\/\/mspteambuilding.ca\/","name":"MSP Teambuilding","description":"Transforming Company Culture, One Human Connection at a time.","publisher":{"@id":"https:\/\/mspteambuilding.ca\/#organization"},"potentialAction":[{"@type":"SearchAction","target":{"@type":"EntryPoint","urlTemplate":"https:\/\/mspteambuilding.ca\/?s={search_term_string}"},"query-input":{"@type":"PropertyValueSpecification","valueRequired":true,"valueName":"search_term_string"}}],"inLanguage":"fr-FR"},{"@type":"Organization","@id":"https:\/\/mspteambuilding.ca\/#organization","name":"MSP TeamBuilding","url":"https:\/\/mspteambuilding.ca\/","logo":{"@type":"ImageObject","inLanguage":"fr-FR","@id":"https:\/\/mspteambuilding.ca\/#\/schema\/logo\/image\/","url":"https:\/\/mspteambuilding.ca\/wp-content\/uploads\/2019\/03\/cropped-mspteambuilding-favicon.png","contentUrl":"https:\/\/mspteambuilding.ca\/wp-content\/uploads\/2019\/03\/cropped-mspteambuilding-favicon.png","width":512,"height":512,"caption":"MSP TeamBuilding"},"image":{"@id":"https:\/\/mspteambuilding.ca\/#\/schema\/logo\/image\/"},"sameAs":["https:\/\/www.facebook.com\/mspteambuilding","https:\/\/x.com\/teambuildingmsp","https:\/\/www.instagram.com\/mspteambuilding\/","https:\/\/www.linkedin.com\/company\/msp-teambuilding","https:\/\/www.youtube.com\/channel\/UCKzGwb2bi6TEYMFmEfboppg\/"]}]}},"_links":{"self":[{"href":"https:\/\/mspteambuilding.ca\/fr\/wp-json\/wp\/v2\/product\/18570","targetHints":{"allow":["GET"]}}],"collection":[{"href":"https:\/\/mspteambuilding.ca\/fr\/wp-json\/wp\/v2\/product"}],"about":[{"href":"https:\/\/mspteambuilding.ca\/fr\/wp-json\/wp\/v2\/types\/product"}],"replies":[{"embeddable":true,"href":"https:\/\/mspteambuilding.ca\/fr\/wp-json\/wp\/v2\/comments?post=18570"}],"wp:featuredmedia":[{"embeddable":true,"href":"https:\/\/mspteambuilding.ca\/fr\/wp-json\/wp\/v2\/media\/18572"}],"wp:attachment":[{"href":"https:\/\/mspteambuilding.ca\/fr\/wp-json\/wp\/v2\/media?parent=18570"}],"wp:term":[{"taxonomy":"product_brand","embeddable":true,"href":"https:\/\/mspteambuilding.ca\/fr\/wp-json\/wp\/v2\/product_brand?post=18570"},{"taxonomy":"product_cat","embeddable":true,"href":"https:\/\/mspteambuilding.ca\/fr\/wp-json\/wp\/v2\/product_cat?post=18570"},{"taxonomy":"product_tag","embeddable":true,"href":"https:\/\/mspteambuilding.ca\/fr\/wp-json\/wp\/v2\/product_tag?post=18570"}],"curies":[{"name":"wp","href":"https:\/\/api.w.org\/{rel}","templated":true}]}}