{"id":18630,"date":"2024-01-26T07:17:42","date_gmt":"2024-01-26T07:17:42","guid":{"rendered":"https:\/\/mspteambuilding.ca\/?post_type=product&#038;p=18630"},"modified":"2024-02-16T18:21:15","modified_gmt":"2024-02-16T18:21:15","slug":"team-building-degustation-de-vins","status":"publish","type":"product","link":"https:\/\/mspteambuilding.ca\/fr\/produit\/team-building-degustation-de-vins\/","title":{"rendered":"Team Building D\u00e9gustation de Vins"},"content":{"rendered":"<p>D\u00e9couvrez une exp\u00e9rience de d\u00e9gustation de vins unique et captivante, guid\u00e9e par des sommeliers experts, con\u00e7ue pour la reconnaissance des employ\u00e9s, la coh\u00e9sion d&#8217;\u00e9quipe et l&#8217;apprentissage par le plaisir.<\/p>\n","protected":false},"excerpt":{"rendered":"[embed]https:\/\/youtu.be\/s-uLdCVdaaU[\/embed]\n<p>Embarquez pour un voyage inoubliable autour du go\u00fbt, du travail d&#8217;\u00e9quipe et de la d\u00e9couverte gr\u00e2ce \u00e0 notre \u00e9v\u00e9nement exclusif de d\u00e9gustation de vins pour renforcer l&#8217;esprit d&#8217;\u00e9quipe. Cette activit\u00e9 immersive invite les \u00e9quipes \u00e0 explorer le monde riche des vins, guid\u00e9es par des sommeliers experts qui partagent leur passion et leurs connaissances d&#8217;une mani\u00e8re attrayante et interactive.<\/p>\n<p>Que vous souhaitiez encourager la collaboration, c\u00e9l\u00e9brer un succ\u00e8s ou simplement profiter d&#8217;une sortie d&#8217;\u00e9quipe sophistiqu\u00e9e et amusante, notre d\u00e9gustation de vins promet d&#8217;offrir une exp\u00e9rience enrichissante et m\u00e9morable qui va au-del\u00e0 du team building traditionnel. Cette activit\u00e9 est disponible \u00e0 la fois en personne et en ligne. Elle est \u00e9galement offerte sous forme de cocktail ou de mocktail.<\/p>\n<p>&nbsp;<\/p>\n<p><strong>Id\u00e9ale pour :<\/strong><\/p>\n<ul>\n<li>Le plaisir entre coll\u00e8gues<\/li>\n<li>La reconnaissance des employ\u00e9s<\/li>\n<li>Apprendre quelque chose de nouveau ensemble<\/li>\n<li>La coh\u00e9sion d&#8217;\u00e9quipe<\/li>\n<\/ul>\n<p><span style=\"vertical-align: inherit;\"><span style=\"vertical-align: inherit;\">[edgtf_separator class_name=\"\" type=\"normal\" position=\"left\" color=\"\" border_style=\"solid\" width=\"200px\" thickness=\"\" top_margin=\"20px\" bottom_margin=\"0px\"] <\/span><\/span><br \/>\n<span style=\"vertical-align: inherit;\"><span style=\"vertical-align: inherit;\">[edgtf_custom_font content_custom_font=\"  DURATION: 1 hour or +\" custom_font_tag=\"h5\" font_family=\"\" font_size=\"16\" line_height=\"0px\" font_style=\"normal\" text_align=\"left\" font_weight=\"700\" color=\"\" text_decoration=\"none\" letter_spacing=\"\"] <\/span><\/span><br \/>\n<span style=\"vertical-align: inherit;\"><span style=\"vertical-align: inherit;\">[edgtf_separator class_name=\"\" type=\"normal\" position=\"left\" color=\"\" border_style=\"solid\" width=\"200px\" thickness=\"\" top_margin=\"0px\" bottom_margin=\"30px\"]<\/span><\/span><\/p>\n<h5><\/h5>\n<p>&nbsp;<\/p>\n<p><span style=\"vertical-align: inherit;\"><span style=\"vertical-align: inherit;\">[edgtf_custom_font content_custom_font=\"REQUEST A PRICE QUOTE\" custom_font_tag=\"h5\" font_family=\"\" font_size=\"20\" line_height=\"0px\" font_style=\"normal\" text_align=\"left\" font_weight=\"700\" color=\"\" text_decoration=\"none\" letter_spacing=\"\"] <\/span><\/span><\/p>\n[wpforms id=\"14791\" title=\"false\"]\n<p><!----[contact-form-7 id=\"6219\" title=\"Team Building - Sing Along\"] ---><\/p>\n","protected":false},"featured_media":18778,"comment_status":"open","ping_status":"closed","template":"","meta":{"_acf_changed":false},"product_brand":[],"product_cat":[1426,1429,1428],"product_tag":[1601],"class_list":{"0":"post-18630","1":"product","2":"type-product","3":"status-publish","4":"has-post-thumbnail","6":"product_cat-en-personne","7":"product_cat-hybride","8":"product_cat-virtuel","9":"product_tag-en-personne","10":"pa_activity-type-creative","11":"pa_activity-type-culture-dentreprise","12":"pa_activity-type-divertissement","13":"pa_activity-type-reconnaissance-de-lequipe","14":"pa_activity-type-sante","15":"pa_play-type-team-fr","16":"pa_time-1-2hrs","17":"pa_time-1h-ou-moins","18":"pa_time-plus-de-2-heures","20":"first","21":"instock","22":"product-type-simple"},"acf":[],"yoast_head":"<!-- This site is optimized with the Yoast SEO Premium plugin v21.8 (Yoast SEO v27.3) - https:\/\/yoast.com\/product\/yoast-seo-premium-wordpress\/ -->\n<title>Team Building D\u00e9gustation de Vins, Apprendre en tissant des liens | MSP Teambuilding<\/title>\n<meta name=\"description\" content=\"Faites l&#039;exp\u00e9rience de notre activit\u00e9 de team building &quot;D\u00e9gustation de vins&quot;, qui pr\u00e9sente des s\u00e9lections de vins exquis \u00e0 des activit\u00e9s interactives pour renforcer les liens entre coll\u00e8gues.\" \/>\n<meta name=\"robots\" content=\"index, follow, max-snippet:-1, max-image-preview:large, max-video-preview:-1\" \/>\n<link rel=\"canonical\" href=\"https:\/\/mspteambuilding.ca\/fr\/produit\/team-building-degustation-de-vins\/\" \/>\n<meta property=\"og:locale\" content=\"fr_FR\" \/>\n<meta property=\"og:type\" content=\"article\" \/>\n<meta property=\"og:title\" content=\"Team Building D\u00e9gustation de Vins\" \/>\n<meta property=\"og:description\" content=\"Faites l&#039;exp\u00e9rience de notre activit\u00e9 de team building &quot;D\u00e9gustation de vins&quot;, qui pr\u00e9sente des s\u00e9lections de vins exquis \u00e0 des activit\u00e9s interactives pour renforcer les liens entre coll\u00e8gues.\" \/>\n<meta property=\"og:url\" content=\"https:\/\/mspteambuilding.ca\/fr\/produit\/team-building-degustation-de-vins\/\" \/>\n<meta property=\"og:site_name\" content=\"MSP Teambuilding\" \/>\n<meta property=\"article:publisher\" content=\"https:\/\/www.facebook.com\/mspteambuilding\" \/>\n<meta property=\"article:modified_time\" content=\"2024-02-16T18:21:15+00:00\" \/>\n<meta property=\"og:image\" content=\"https:\/\/mspteambuilding.ca\/wp-content\/uploads\/2024\/01\/Untitled-Logo.png\" \/>\n\t<meta property=\"og:image:width\" content=\"500\" \/>\n\t<meta property=\"og:image:height\" content=\"500\" \/>\n\t<meta property=\"og:image:type\" content=\"image\/png\" \/>\n<meta name=\"twitter:card\" content=\"summary_large_image\" \/>\n<meta name=\"twitter:site\" content=\"@teambuildingmsp\" \/>\n<meta name=\"twitter:label1\" content=\"Dur\u00e9e de lecture estim\u00e9e\" \/>\n\t<meta name=\"twitter:data1\" content=\"1 minute\" \/>\n<script type=\"application\/ld+json\" class=\"yoast-schema-graph\">{\"@context\":\"https:\\\/\\\/schema.org\",\"@graph\":[{\"@type\":\"WebPage\",\"@id\":\"https:\\\/\\\/mspteambuilding.ca\\\/fr\\\/produit\\\/team-building-degustation-de-vins\\\/\",\"url\":\"https:\\\/\\\/mspteambuilding.ca\\\/fr\\\/produit\\\/team-building-degustation-de-vins\\\/\",\"name\":\"Team Building D\u00e9gustation de Vins, Apprendre en tissant des liens | MSP Teambuilding\",\"isPartOf\":{\"@id\":\"https:\\\/\\\/mspteambuilding.ca\\\/#website\"},\"primaryImageOfPage\":{\"@id\":\"https:\\\/\\\/mspteambuilding.ca\\\/fr\\\/produit\\\/team-building-degustation-de-vins\\\/#primaryimage\"},\"image\":{\"@id\":\"https:\\\/\\\/mspteambuilding.ca\\\/fr\\\/produit\\\/team-building-degustation-de-vins\\\/#primaryimage\"},\"thumbnailUrl\":\"https:\\\/\\\/mspteambuilding.ca\\\/wp-content\\\/uploads\\\/2024\\\/01\\\/Untitled-Logo.png\",\"datePublished\":\"2024-01-26T07:17:42+00:00\",\"dateModified\":\"2024-02-16T18:21:15+00:00\",\"description\":\"Faites l'exp\u00e9rience de notre activit\u00e9 de team building \\\"D\u00e9gustation de vins\\\", qui pr\u00e9sente des s\u00e9lections de vins exquis \u00e0 des activit\u00e9s interactives pour renforcer les liens entre coll\u00e8gues.\",\"breadcrumb\":{\"@id\":\"https:\\\/\\\/mspteambuilding.ca\\\/fr\\\/produit\\\/team-building-degustation-de-vins\\\/#breadcrumb\"},\"inLanguage\":\"fr-FR\",\"potentialAction\":[{\"@type\":\"ReadAction\",\"target\":[\"https:\\\/\\\/mspteambuilding.ca\\\/fr\\\/produit\\\/team-building-degustation-de-vins\\\/\"]}]},{\"@type\":\"ImageObject\",\"inLanguage\":\"fr-FR\",\"@id\":\"https:\\\/\\\/mspteambuilding.ca\\\/fr\\\/produit\\\/team-building-degustation-de-vins\\\/#primaryimage\",\"url\":\"https:\\\/\\\/mspteambuilding.ca\\\/wp-content\\\/uploads\\\/2024\\\/01\\\/Untitled-Logo.png\",\"contentUrl\":\"https:\\\/\\\/mspteambuilding.ca\\\/wp-content\\\/uploads\\\/2024\\\/01\\\/Untitled-Logo.png\",\"width\":500,\"height\":500,\"caption\":\"Hands meeting for a cheers at a wine tasting event\"},{\"@type\":\"BreadcrumbList\",\"@id\":\"https:\\\/\\\/mspteambuilding.ca\\\/fr\\\/produit\\\/team-building-degustation-de-vins\\\/#breadcrumb\",\"itemListElement\":[{\"@type\":\"ListItem\",\"position\":1,\"name\":\"Home\",\"item\":\"https:\\\/\\\/mspteambuilding.ca\\\/fr\\\/\"},{\"@type\":\"ListItem\",\"position\":2,\"name\":\"Magasinez\",\"item\":\"https:\\\/\\\/mspteambuilding.ca\\\/team-building-activities\\\/\"},{\"@type\":\"ListItem\",\"position\":3,\"name\":\"Team Building D\u00e9gustation de Vins\"}]},{\"@type\":\"WebSite\",\"@id\":\"https:\\\/\\\/mspteambuilding.ca\\\/#website\",\"url\":\"https:\\\/\\\/mspteambuilding.ca\\\/\",\"name\":\"MSP Teambuilding\",\"description\":\"Transforming Company Culture, One Human Connection at a time.\",\"publisher\":{\"@id\":\"https:\\\/\\\/mspteambuilding.ca\\\/#organization\"},\"potentialAction\":[{\"@type\":\"SearchAction\",\"target\":{\"@type\":\"EntryPoint\",\"urlTemplate\":\"https:\\\/\\\/mspteambuilding.ca\\\/?s={search_term_string}\"},\"query-input\":{\"@type\":\"PropertyValueSpecification\",\"valueRequired\":true,\"valueName\":\"search_term_string\"}}],\"inLanguage\":\"fr-FR\"},{\"@type\":\"Organization\",\"@id\":\"https:\\\/\\\/mspteambuilding.ca\\\/#organization\",\"name\":\"MSP TeamBuilding\",\"url\":\"https:\\\/\\\/mspteambuilding.ca\\\/\",\"logo\":{\"@type\":\"ImageObject\",\"inLanguage\":\"fr-FR\",\"@id\":\"https:\\\/\\\/mspteambuilding.ca\\\/#\\\/schema\\\/logo\\\/image\\\/\",\"url\":\"https:\\\/\\\/mspteambuilding.ca\\\/wp-content\\\/uploads\\\/2019\\\/03\\\/cropped-mspteambuilding-favicon.png\",\"contentUrl\":\"https:\\\/\\\/mspteambuilding.ca\\\/wp-content\\\/uploads\\\/2019\\\/03\\\/cropped-mspteambuilding-favicon.png\",\"width\":512,\"height\":512,\"caption\":\"MSP TeamBuilding\"},\"image\":{\"@id\":\"https:\\\/\\\/mspteambuilding.ca\\\/#\\\/schema\\\/logo\\\/image\\\/\"},\"sameAs\":[\"https:\\\/\\\/www.facebook.com\\\/mspteambuilding\",\"https:\\\/\\\/x.com\\\/teambuildingmsp\",\"https:\\\/\\\/www.instagram.com\\\/mspteambuilding\\\/\",\"https:\\\/\\\/www.linkedin.com\\\/company\\\/msp-teambuilding\",\"https:\\\/\\\/www.youtube.com\\\/channel\\\/UCKzGwb2bi6TEYMFmEfboppg\\\/\"]}]}<\/script>\n<!-- \/ Yoast SEO Premium plugin. -->","yoast_head_json":{"title":"Team Building D\u00e9gustation de Vins, Apprendre en tissant des liens | MSP Teambuilding","description":"Faites l'exp\u00e9rience de notre activit\u00e9 de team building \"D\u00e9gustation de vins\", qui pr\u00e9sente des s\u00e9lections de vins exquis \u00e0 des activit\u00e9s interactives pour renforcer les liens entre coll\u00e8gues.","robots":{"index":"index","follow":"follow","max-snippet":"max-snippet:-1","max-image-preview":"max-image-preview:large","max-video-preview":"max-video-preview:-1"},"canonical":"https:\/\/mspteambuilding.ca\/fr\/produit\/team-building-degustation-de-vins\/","og_locale":"fr_FR","og_type":"article","og_title":"Team Building D\u00e9gustation de Vins","og_description":"Faites l'exp\u00e9rience de notre activit\u00e9 de team building \"D\u00e9gustation de vins\", qui pr\u00e9sente des s\u00e9lections de vins exquis \u00e0 des activit\u00e9s interactives pour renforcer les liens entre coll\u00e8gues.","og_url":"https:\/\/mspteambuilding.ca\/fr\/produit\/team-building-degustation-de-vins\/","og_site_name":"MSP Teambuilding","article_publisher":"https:\/\/www.facebook.com\/mspteambuilding","article_modified_time":"2024-02-16T18:21:15+00:00","og_image":[{"width":500,"height":500,"url":"https:\/\/mspteambuilding.ca\/wp-content\/uploads\/2024\/01\/Untitled-Logo.png","type":"image\/png"}],"twitter_card":"summary_large_image","twitter_site":"@teambuildingmsp","twitter_misc":{"Dur\u00e9e de lecture estim\u00e9e":"1 minute"},"schema":{"@context":"https:\/\/schema.org","@graph":[{"@type":"WebPage","@id":"https:\/\/mspteambuilding.ca\/fr\/produit\/team-building-degustation-de-vins\/","url":"https:\/\/mspteambuilding.ca\/fr\/produit\/team-building-degustation-de-vins\/","name":"Team Building D\u00e9gustation de Vins, Apprendre en tissant des liens | MSP Teambuilding","isPartOf":{"@id":"https:\/\/mspteambuilding.ca\/#website"},"primaryImageOfPage":{"@id":"https:\/\/mspteambuilding.ca\/fr\/produit\/team-building-degustation-de-vins\/#primaryimage"},"image":{"@id":"https:\/\/mspteambuilding.ca\/fr\/produit\/team-building-degustation-de-vins\/#primaryimage"},"thumbnailUrl":"https:\/\/mspteambuilding.ca\/wp-content\/uploads\/2024\/01\/Untitled-Logo.png","datePublished":"2024-01-26T07:17:42+00:00","dateModified":"2024-02-16T18:21:15+00:00","description":"Faites l'exp\u00e9rience de notre activit\u00e9 de team building \"D\u00e9gustation de vins\", qui pr\u00e9sente des s\u00e9lections de vins exquis \u00e0 des activit\u00e9s interactives pour renforcer les liens entre coll\u00e8gues.","breadcrumb":{"@id":"https:\/\/mspteambuilding.ca\/fr\/produit\/team-building-degustation-de-vins\/#breadcrumb"},"inLanguage":"fr-FR","potentialAction":[{"@type":"ReadAction","target":["https:\/\/mspteambuilding.ca\/fr\/produit\/team-building-degustation-de-vins\/"]}]},{"@type":"ImageObject","inLanguage":"fr-FR","@id":"https:\/\/mspteambuilding.ca\/fr\/produit\/team-building-degustation-de-vins\/#primaryimage","url":"https:\/\/mspteambuilding.ca\/wp-content\/uploads\/2024\/01\/Untitled-Logo.png","contentUrl":"https:\/\/mspteambuilding.ca\/wp-content\/uploads\/2024\/01\/Untitled-Logo.png","width":500,"height":500,"caption":"Hands meeting for a cheers at a wine tasting event"},{"@type":"BreadcrumbList","@id":"https:\/\/mspteambuilding.ca\/fr\/produit\/team-building-degustation-de-vins\/#breadcrumb","itemListElement":[{"@type":"ListItem","position":1,"name":"Home","item":"https:\/\/mspteambuilding.ca\/fr\/"},{"@type":"ListItem","position":2,"name":"Magasinez","item":"https:\/\/mspteambuilding.ca\/team-building-activities\/"},{"@type":"ListItem","position":3,"name":"Team Building D\u00e9gustation de Vins"}]},{"@type":"WebSite","@id":"https:\/\/mspteambuilding.ca\/#website","url":"https:\/\/mspteambuilding.ca\/","name":"MSP Teambuilding","description":"Transforming Company Culture, One Human Connection at a time.","publisher":{"@id":"https:\/\/mspteambuilding.ca\/#organization"},"potentialAction":[{"@type":"SearchAction","target":{"@type":"EntryPoint","urlTemplate":"https:\/\/mspteambuilding.ca\/?s={search_term_string}"},"query-input":{"@type":"PropertyValueSpecification","valueRequired":true,"valueName":"search_term_string"}}],"inLanguage":"fr-FR"},{"@type":"Organization","@id":"https:\/\/mspteambuilding.ca\/#organization","name":"MSP TeamBuilding","url":"https:\/\/mspteambuilding.ca\/","logo":{"@type":"ImageObject","inLanguage":"fr-FR","@id":"https:\/\/mspteambuilding.ca\/#\/schema\/logo\/image\/","url":"https:\/\/mspteambuilding.ca\/wp-content\/uploads\/2019\/03\/cropped-mspteambuilding-favicon.png","contentUrl":"https:\/\/mspteambuilding.ca\/wp-content\/uploads\/2019\/03\/cropped-mspteambuilding-favicon.png","width":512,"height":512,"caption":"MSP TeamBuilding"},"image":{"@id":"https:\/\/mspteambuilding.ca\/#\/schema\/logo\/image\/"},"sameAs":["https:\/\/www.facebook.com\/mspteambuilding","https:\/\/x.com\/teambuildingmsp","https:\/\/www.instagram.com\/mspteambuilding\/","https:\/\/www.linkedin.com\/company\/msp-teambuilding","https:\/\/www.youtube.com\/channel\/UCKzGwb2bi6TEYMFmEfboppg\/"]}]}},"_links":{"self":[{"href":"https:\/\/mspteambuilding.ca\/fr\/wp-json\/wp\/v2\/product\/18630","targetHints":{"allow":["GET"]}}],"collection":[{"href":"https:\/\/mspteambuilding.ca\/fr\/wp-json\/wp\/v2\/product"}],"about":[{"href":"https:\/\/mspteambuilding.ca\/fr\/wp-json\/wp\/v2\/types\/product"}],"replies":[{"embeddable":true,"href":"https:\/\/mspteambuilding.ca\/fr\/wp-json\/wp\/v2\/comments?post=18630"}],"wp:featuredmedia":[{"embeddable":true,"href":"https:\/\/mspteambuilding.ca\/fr\/wp-json\/wp\/v2\/media\/18778"}],"wp:attachment":[{"href":"https:\/\/mspteambuilding.ca\/fr\/wp-json\/wp\/v2\/media?parent=18630"}],"wp:term":[{"taxonomy":"product_brand","embeddable":true,"href":"https:\/\/mspteambuilding.ca\/fr\/wp-json\/wp\/v2\/product_brand?post=18630"},{"taxonomy":"product_cat","embeddable":true,"href":"https:\/\/mspteambuilding.ca\/fr\/wp-json\/wp\/v2\/product_cat?post=18630"},{"taxonomy":"product_tag","embeddable":true,"href":"https:\/\/mspteambuilding.ca\/fr\/wp-json\/wp\/v2\/product_tag?post=18630"}],"curies":[{"name":"wp","href":"https:\/\/api.w.org\/{rel}","templated":true}]}}