{"id":18680,"date":"2024-02-02T07:20:22","date_gmt":"2024-02-02T07:20:22","guid":{"rendered":"https:\/\/mspteambuilding.ca\/?post_type=product&#038;p=18680"},"modified":"2024-02-22T21:22:25","modified_gmt":"2024-02-22T21:22:25","slug":"rallye-city-race","status":"publish","type":"product","link":"https:\/\/mspteambuilding.ca\/fr\/produit\/rallye-city-race\/","title":{"rendered":"Rallye City Race"},"content":{"rendered":"<p>&#8220;Rallye City Race&#8221; est une activit\u00e9 de renforcement de l&#8217;esprit d&#8217;\u00e9quipe qui allie exploration amusante et collaboration, en guidant les \u00e9quipes \u00e0 travers une s\u00e9rie d&#8217;indices et de d\u00e9fis dans des paysages urbains pour favoriser le travail d&#8217;\u00e9quipe et la d\u00e9couverte.<\/p>\n","protected":false},"excerpt":{"rendered":"[embed]https:\/\/youtu.be\/MdCh6bTKOnc[\/embed]\n<p>Rallye City Race est une activit\u00e9 dynamique de renforcement de l&#8217;esprit d&#8217;\u00e9quipe qui transforme l&#8217;exploration urbaine en technologie AR, mettant les \u00e9quipes au d\u00e9fi de d\u00e9couvrir et d&#8217;apprendre ensemble. Cette course attrayante n\u00e9cessite la collaboration, la r\u00e9solution de probl\u00e8mes et l&#8217;utilisation strat\u00e9gique de la r\u00e9alit\u00e9 augment\u00e9e pour d\u00e9couvrir des points d&#8217;int\u00e9r\u00eat et des joyaux cach\u00e9s.<\/p>\n<p>Cette activit\u00e9 est parfaite pour renforcer la coh\u00e9sion de l&#8217;\u00e9quipe et la pens\u00e9e innovante. Rallye City Race est une excellente activit\u00e9 pour renforcer la culture d&#8217;entreprise via des questions et des \u00e9nigmes mont\u00e9es sur mesure dans le but de renforcer le sentiment d&#8217;appartenance \u00e0 l&#8217;organisation et de vivre des exp\u00e9riences uniques ensemble.<\/p>\n<p>&nbsp;<\/p>\n<p><strong>Id\u00e9al pour :<\/strong><\/p>\n<ul>\n<li>L&#8217;esprit d&#8217;\u00e9quipe<\/li>\n<li>La collaboration<\/li>\n<li>Le plaisir en \u00e9quipe<\/li>\n<li>La comp\u00e9tition<\/li>\n<li>Maintenir\/d\u00e9velopper une culture d&#8217;entreprise forte<\/li>\n<\/ul>\n<p><span style=\"vertical-align: inherit;\"><span style=\"vertical-align: inherit;\">[edgtf_separator class_name=\"\" type=\"normal\" position=\"left\" color=\"\" border_style=\"solid\" width=\"200px\" thickness=\"\" top_margin=\"20px\" bottom_margin=\"0px\"] <\/span><\/span><br \/>\n<span style=\"vertical-align: inherit;\"><span style=\"vertical-align: inherit;\">[edgtf_custom_font content_custom_font=\" DURATION: Duration: 2 - 4 hours\" custom_font_tag=\"h5\" font_family=\"\" font_size=\"16\" line_height=\"0px\" font_style=\"normal\" text_align=\"left\" font_weight=\"700\" color=\"\" text_decoration=\"none\" letter_spacing=\"\"] <\/span><\/span><br \/>\n<span style=\"vertical-align: inherit;\"><span style=\"vertical-align: inherit;\">[edgtf_separator class_name=\"\" type=\"normal\" position=\"left\" color=\"\" border_style=\"solid\" width=\"200px\" thickness=\"\" top_margin=\"0px\" bottom_margin=\"30px\"]<\/span><\/span><\/p>\n<h5><\/h5>\n<p>&nbsp;<\/p>\n<p><span style=\"vertical-align: inherit;\"><span style=\"vertical-align: inherit;\">[edgtf_custom_font content_custom_font=\"REQUEST A PRICE QUOTE\" custom_font_tag=\"h5\" font_family=\"\" font_size=\"20\" line_height=\"0px\" font_style=\"normal\" text_align=\"left\" font_weight=\"700\" color=\"\" text_decoration=\"none\" letter_spacing=\"\"] <\/span><\/span><\/p>\n[wpforms id=\"14791\" title=\"false\"]\n<p><!----[contact-form-7 id=\"6219\" title=\"Team Building - Sing Along\"] ---><\/p>\n","protected":false},"featured_media":18690,"comment_status":"open","ping_status":"closed","template":"","meta":{"_acf_changed":false},"product_brand":[],"product_cat":[1426],"product_tag":[1601],"class_list":{"0":"post-18680","1":"product","2":"type-product","3":"status-publish","4":"has-post-thumbnail","6":"product_cat-en-personne","7":"product_tag-en-personne","8":"pa_activity-type-creative","9":"pa_activity-type-culture-dentreprise","10":"pa_activity-type-divertissement","11":"pa_activity-type-jeux","12":"pa_activity-type-reconnaissance-de-lequipe","13":"pa_play-type-team-fr","14":"pa_time-1-2hrs","15":"pa_time-jusqua-toute-la-journee","16":"pa_time-plus-de-2-heures","18":"first","19":"instock","20":"product-type-simple"},"acf":[],"yoast_head":"<!-- This site is optimized with the Yoast SEO Premium plugin v21.8 (Yoast SEO v27.3) - https:\/\/yoast.com\/product\/yoast-seo-premium-wordpress\/ -->\n<title>Rallye City Race : Explorez, Innovez, Gagnez ! | MSP Teambuilding<\/title>\n<meta name=\"description\" content=\"&quot;Rallye City Race&quot; utilise la technologie AR pour combiner l&#039;exploration amusante et la collaboration, en guidant les \u00e9quipes \u00e0 travers une s\u00e9rie d&#039;indices et de d\u00e9fis dans des paysages urbains.\" \/>\n<meta name=\"robots\" content=\"index, follow, max-snippet:-1, max-image-preview:large, max-video-preview:-1\" \/>\n<link rel=\"canonical\" href=\"https:\/\/mspteambuilding.ca\/fr\/produit\/rallye-city-race\/\" \/>\n<meta property=\"og:locale\" content=\"fr_FR\" \/>\n<meta property=\"og:type\" content=\"article\" \/>\n<meta property=\"og:title\" content=\"Rallye City Race\" \/>\n<meta property=\"og:description\" content=\"&quot;Rallye City Race&quot; utilise la technologie AR pour combiner l&#039;exploration amusante et la collaboration, en guidant les \u00e9quipes \u00e0 travers une s\u00e9rie d&#039;indices et de d\u00e9fis dans des paysages urbains.\" \/>\n<meta property=\"og:url\" content=\"https:\/\/mspteambuilding.ca\/fr\/produit\/rallye-city-race\/\" \/>\n<meta property=\"og:site_name\" content=\"MSP Teambuilding\" \/>\n<meta property=\"article:publisher\" content=\"https:\/\/www.facebook.com\/mspteambuilding\" \/>\n<meta property=\"article:modified_time\" content=\"2024-02-22T21:22:25+00:00\" \/>\n<meta property=\"og:image\" content=\"https:\/\/mspteambuilding.ca\/wp-content\/uploads\/2024\/02\/City-Race4.jpg\" \/>\n\t<meta property=\"og:image:width\" content=\"800\" \/>\n\t<meta property=\"og:image:height\" content=\"610\" \/>\n\t<meta property=\"og:image:type\" content=\"image\/jpeg\" \/>\n<meta name=\"twitter:card\" content=\"summary_large_image\" \/>\n<meta name=\"twitter:site\" content=\"@teambuildingmsp\" \/>\n<meta name=\"twitter:label1\" content=\"Dur\u00e9e de lecture estim\u00e9e\" \/>\n\t<meta name=\"twitter:data1\" content=\"1 minute\" \/>\n<script type=\"application\/ld+json\" class=\"yoast-schema-graph\">{\"@context\":\"https:\\\/\\\/schema.org\",\"@graph\":[{\"@type\":\"WebPage\",\"@id\":\"https:\\\/\\\/mspteambuilding.ca\\\/fr\\\/produit\\\/rallye-city-race\\\/\",\"url\":\"https:\\\/\\\/mspteambuilding.ca\\\/fr\\\/produit\\\/rallye-city-race\\\/\",\"name\":\"Rallye City Race : Explorez, Innovez, Gagnez ! | MSP Teambuilding\",\"isPartOf\":{\"@id\":\"https:\\\/\\\/mspteambuilding.ca\\\/#website\"},\"primaryImageOfPage\":{\"@id\":\"https:\\\/\\\/mspteambuilding.ca\\\/fr\\\/produit\\\/rallye-city-race\\\/#primaryimage\"},\"image\":{\"@id\":\"https:\\\/\\\/mspteambuilding.ca\\\/fr\\\/produit\\\/rallye-city-race\\\/#primaryimage\"},\"thumbnailUrl\":\"https:\\\/\\\/mspteambuilding.ca\\\/wp-content\\\/uploads\\\/2024\\\/02\\\/City-Race4.jpg\",\"datePublished\":\"2024-02-02T07:20:22+00:00\",\"dateModified\":\"2024-02-22T21:22:25+00:00\",\"description\":\"\\\"Rallye City Race\\\" utilise la technologie AR pour combiner l'exploration amusante et la collaboration, en guidant les \u00e9quipes \u00e0 travers une s\u00e9rie d'indices et de d\u00e9fis dans des paysages urbains.\",\"breadcrumb\":{\"@id\":\"https:\\\/\\\/mspteambuilding.ca\\\/fr\\\/produit\\\/rallye-city-race\\\/#breadcrumb\"},\"inLanguage\":\"fr-FR\",\"potentialAction\":[{\"@type\":\"ReadAction\",\"target\":[\"https:\\\/\\\/mspteambuilding.ca\\\/fr\\\/produit\\\/rallye-city-race\\\/\"]}]},{\"@type\":\"ImageObject\",\"inLanguage\":\"fr-FR\",\"@id\":\"https:\\\/\\\/mspteambuilding.ca\\\/fr\\\/produit\\\/rallye-city-race\\\/#primaryimage\",\"url\":\"https:\\\/\\\/mspteambuilding.ca\\\/wp-content\\\/uploads\\\/2024\\\/02\\\/City-Race4.jpg\",\"contentUrl\":\"https:\\\/\\\/mspteambuilding.ca\\\/wp-content\\\/uploads\\\/2024\\\/02\\\/City-Race4.jpg\",\"width\":800,\"height\":610,\"caption\":\"A group of people with green headbands smile for the camera while participating in 'city race'\"},{\"@type\":\"BreadcrumbList\",\"@id\":\"https:\\\/\\\/mspteambuilding.ca\\\/fr\\\/produit\\\/rallye-city-race\\\/#breadcrumb\",\"itemListElement\":[{\"@type\":\"ListItem\",\"position\":1,\"name\":\"Home\",\"item\":\"https:\\\/\\\/mspteambuilding.ca\\\/fr\\\/\"},{\"@type\":\"ListItem\",\"position\":2,\"name\":\"Magasinez\",\"item\":\"https:\\\/\\\/mspteambuilding.ca\\\/team-building-activities\\\/\"},{\"@type\":\"ListItem\",\"position\":3,\"name\":\"Rallye City Race\"}]},{\"@type\":\"WebSite\",\"@id\":\"https:\\\/\\\/mspteambuilding.ca\\\/#website\",\"url\":\"https:\\\/\\\/mspteambuilding.ca\\\/\",\"name\":\"MSP Teambuilding\",\"description\":\"Transforming Company Culture, One Human Connection at a time.\",\"publisher\":{\"@id\":\"https:\\\/\\\/mspteambuilding.ca\\\/#organization\"},\"potentialAction\":[{\"@type\":\"SearchAction\",\"target\":{\"@type\":\"EntryPoint\",\"urlTemplate\":\"https:\\\/\\\/mspteambuilding.ca\\\/?s={search_term_string}\"},\"query-input\":{\"@type\":\"PropertyValueSpecification\",\"valueRequired\":true,\"valueName\":\"search_term_string\"}}],\"inLanguage\":\"fr-FR\"},{\"@type\":\"Organization\",\"@id\":\"https:\\\/\\\/mspteambuilding.ca\\\/#organization\",\"name\":\"MSP TeamBuilding\",\"url\":\"https:\\\/\\\/mspteambuilding.ca\\\/\",\"logo\":{\"@type\":\"ImageObject\",\"inLanguage\":\"fr-FR\",\"@id\":\"https:\\\/\\\/mspteambuilding.ca\\\/#\\\/schema\\\/logo\\\/image\\\/\",\"url\":\"https:\\\/\\\/mspteambuilding.ca\\\/wp-content\\\/uploads\\\/2019\\\/03\\\/cropped-mspteambuilding-favicon.png\",\"contentUrl\":\"https:\\\/\\\/mspteambuilding.ca\\\/wp-content\\\/uploads\\\/2019\\\/03\\\/cropped-mspteambuilding-favicon.png\",\"width\":512,\"height\":512,\"caption\":\"MSP TeamBuilding\"},\"image\":{\"@id\":\"https:\\\/\\\/mspteambuilding.ca\\\/#\\\/schema\\\/logo\\\/image\\\/\"},\"sameAs\":[\"https:\\\/\\\/www.facebook.com\\\/mspteambuilding\",\"https:\\\/\\\/x.com\\\/teambuildingmsp\",\"https:\\\/\\\/www.instagram.com\\\/mspteambuilding\\\/\",\"https:\\\/\\\/www.linkedin.com\\\/company\\\/msp-teambuilding\",\"https:\\\/\\\/www.youtube.com\\\/channel\\\/UCKzGwb2bi6TEYMFmEfboppg\\\/\"]}]}<\/script>\n<!-- \/ Yoast SEO Premium plugin. -->","yoast_head_json":{"title":"Rallye City Race : Explorez, Innovez, Gagnez ! | MSP Teambuilding","description":"\"Rallye City Race\" utilise la technologie AR pour combiner l'exploration amusante et la collaboration, en guidant les \u00e9quipes \u00e0 travers une s\u00e9rie d'indices et de d\u00e9fis dans des paysages urbains.","robots":{"index":"index","follow":"follow","max-snippet":"max-snippet:-1","max-image-preview":"max-image-preview:large","max-video-preview":"max-video-preview:-1"},"canonical":"https:\/\/mspteambuilding.ca\/fr\/produit\/rallye-city-race\/","og_locale":"fr_FR","og_type":"article","og_title":"Rallye City Race","og_description":"\"Rallye City Race\" utilise la technologie AR pour combiner l'exploration amusante et la collaboration, en guidant les \u00e9quipes \u00e0 travers une s\u00e9rie d'indices et de d\u00e9fis dans des paysages urbains.","og_url":"https:\/\/mspteambuilding.ca\/fr\/produit\/rallye-city-race\/","og_site_name":"MSP Teambuilding","article_publisher":"https:\/\/www.facebook.com\/mspteambuilding","article_modified_time":"2024-02-22T21:22:25+00:00","og_image":[{"width":800,"height":610,"url":"https:\/\/mspteambuilding.ca\/wp-content\/uploads\/2024\/02\/City-Race4.jpg","type":"image\/jpeg"}],"twitter_card":"summary_large_image","twitter_site":"@teambuildingmsp","twitter_misc":{"Dur\u00e9e de lecture estim\u00e9e":"1 minute"},"schema":{"@context":"https:\/\/schema.org","@graph":[{"@type":"WebPage","@id":"https:\/\/mspteambuilding.ca\/fr\/produit\/rallye-city-race\/","url":"https:\/\/mspteambuilding.ca\/fr\/produit\/rallye-city-race\/","name":"Rallye City Race : Explorez, Innovez, Gagnez ! | MSP Teambuilding","isPartOf":{"@id":"https:\/\/mspteambuilding.ca\/#website"},"primaryImageOfPage":{"@id":"https:\/\/mspteambuilding.ca\/fr\/produit\/rallye-city-race\/#primaryimage"},"image":{"@id":"https:\/\/mspteambuilding.ca\/fr\/produit\/rallye-city-race\/#primaryimage"},"thumbnailUrl":"https:\/\/mspteambuilding.ca\/wp-content\/uploads\/2024\/02\/City-Race4.jpg","datePublished":"2024-02-02T07:20:22+00:00","dateModified":"2024-02-22T21:22:25+00:00","description":"\"Rallye City Race\" utilise la technologie AR pour combiner l'exploration amusante et la collaboration, en guidant les \u00e9quipes \u00e0 travers une s\u00e9rie d'indices et de d\u00e9fis dans des paysages urbains.","breadcrumb":{"@id":"https:\/\/mspteambuilding.ca\/fr\/produit\/rallye-city-race\/#breadcrumb"},"inLanguage":"fr-FR","potentialAction":[{"@type":"ReadAction","target":["https:\/\/mspteambuilding.ca\/fr\/produit\/rallye-city-race\/"]}]},{"@type":"ImageObject","inLanguage":"fr-FR","@id":"https:\/\/mspteambuilding.ca\/fr\/produit\/rallye-city-race\/#primaryimage","url":"https:\/\/mspteambuilding.ca\/wp-content\/uploads\/2024\/02\/City-Race4.jpg","contentUrl":"https:\/\/mspteambuilding.ca\/wp-content\/uploads\/2024\/02\/City-Race4.jpg","width":800,"height":610,"caption":"A group of people with green headbands smile for the camera while participating in 'city race'"},{"@type":"BreadcrumbList","@id":"https:\/\/mspteambuilding.ca\/fr\/produit\/rallye-city-race\/#breadcrumb","itemListElement":[{"@type":"ListItem","position":1,"name":"Home","item":"https:\/\/mspteambuilding.ca\/fr\/"},{"@type":"ListItem","position":2,"name":"Magasinez","item":"https:\/\/mspteambuilding.ca\/team-building-activities\/"},{"@type":"ListItem","position":3,"name":"Rallye City Race"}]},{"@type":"WebSite","@id":"https:\/\/mspteambuilding.ca\/#website","url":"https:\/\/mspteambuilding.ca\/","name":"MSP Teambuilding","description":"Transforming Company Culture, One Human Connection at a time.","publisher":{"@id":"https:\/\/mspteambuilding.ca\/#organization"},"potentialAction":[{"@type":"SearchAction","target":{"@type":"EntryPoint","urlTemplate":"https:\/\/mspteambuilding.ca\/?s={search_term_string}"},"query-input":{"@type":"PropertyValueSpecification","valueRequired":true,"valueName":"search_term_string"}}],"inLanguage":"fr-FR"},{"@type":"Organization","@id":"https:\/\/mspteambuilding.ca\/#organization","name":"MSP TeamBuilding","url":"https:\/\/mspteambuilding.ca\/","logo":{"@type":"ImageObject","inLanguage":"fr-FR","@id":"https:\/\/mspteambuilding.ca\/#\/schema\/logo\/image\/","url":"https:\/\/mspteambuilding.ca\/wp-content\/uploads\/2019\/03\/cropped-mspteambuilding-favicon.png","contentUrl":"https:\/\/mspteambuilding.ca\/wp-content\/uploads\/2019\/03\/cropped-mspteambuilding-favicon.png","width":512,"height":512,"caption":"MSP TeamBuilding"},"image":{"@id":"https:\/\/mspteambuilding.ca\/#\/schema\/logo\/image\/"},"sameAs":["https:\/\/www.facebook.com\/mspteambuilding","https:\/\/x.com\/teambuildingmsp","https:\/\/www.instagram.com\/mspteambuilding\/","https:\/\/www.linkedin.com\/company\/msp-teambuilding","https:\/\/www.youtube.com\/channel\/UCKzGwb2bi6TEYMFmEfboppg\/"]}]}},"_links":{"self":[{"href":"https:\/\/mspteambuilding.ca\/fr\/wp-json\/wp\/v2\/product\/18680","targetHints":{"allow":["GET"]}}],"collection":[{"href":"https:\/\/mspteambuilding.ca\/fr\/wp-json\/wp\/v2\/product"}],"about":[{"href":"https:\/\/mspteambuilding.ca\/fr\/wp-json\/wp\/v2\/types\/product"}],"replies":[{"embeddable":true,"href":"https:\/\/mspteambuilding.ca\/fr\/wp-json\/wp\/v2\/comments?post=18680"}],"wp:featuredmedia":[{"embeddable":true,"href":"https:\/\/mspteambuilding.ca\/fr\/wp-json\/wp\/v2\/media\/18690"}],"wp:attachment":[{"href":"https:\/\/mspteambuilding.ca\/fr\/wp-json\/wp\/v2\/media?parent=18680"}],"wp:term":[{"taxonomy":"product_brand","embeddable":true,"href":"https:\/\/mspteambuilding.ca\/fr\/wp-json\/wp\/v2\/product_brand?post=18680"},{"taxonomy":"product_cat","embeddable":true,"href":"https:\/\/mspteambuilding.ca\/fr\/wp-json\/wp\/v2\/product_cat?post=18680"},{"taxonomy":"product_tag","embeddable":true,"href":"https:\/\/mspteambuilding.ca\/fr\/wp-json\/wp\/v2\/product_tag?post=18680"}],"curies":[{"name":"wp","href":"https:\/\/api.w.org\/{rel}","templated":true}]}}