{"id":18797,"date":"2023-09-13T09:30:40","date_gmt":"2023-09-13T09:30:40","guid":{"rendered":"https:\/\/mspteambuilding.ca\/produit\/intelligence-emotionnelle-serie-leadership\/"},"modified":"2023-09-13T09:30:40","modified_gmt":"2023-09-13T09:30:40","slug":"intelligence-emotionnelle-serie-leadership","status":"publish","type":"product","link":"https:\/\/mspteambuilding.ca\/fr\/produit\/intelligence-emotionnelle-serie-leadership\/","title":{"rendered":"Intelligence \u00c9motionnelle &#8211; S\u00e9rie Leadership"},"content":{"rendered":"<p>Am\u00e9liorer son leadership gr\u00e2ce \u00e0 l&#8217;intelligence \u00e9motionnelle. Ma\u00eetriser la conscience de soi, l&#8217;empathie, les comp\u00e9tences sociales et la motivation.<\/p>\n","protected":false},"excerpt":{"rendered":"[embed]https:\/\/youtu.be\/sEGZSrUeRgg?si=fl62xfwYHnxjjjwh[\/embed]\n<p>Explorez le potentiel de transformation de la diversit\u00e9 et de l&#8217;inclusion gr\u00e2ce \u00e0 une conf\u00e9rence interactive qui favorise l&#8217;inclusion, enrichit la culture et alimente la croissance. Rejoignez-nous dans ce voyage vers un milieu de travail plus \u00e9quitable et plus empathique.<\/p>\n<p>Id\u00e9al pour:<\/p>\n<ul>\n<li>D\u00e9velopper son leadership<\/li>\n<li>Maintenir\/d\u00e9velopper une saine culture d&#8217;entreprise<\/li>\n<li>Favoriser son intelligence \u00e9motionnelle<\/li>\n<\/ul>\n<p>Taille du groupe : celle qui vous convient<\/p>\n[edgtf_button size=\"huge\" type=\"\" text=\"R\u00e9servez un appel maintenant\" custom_class=\"\" icon_pack=\"font_awesome\" fa_icon=\"\" link=\"https:\/\/mspteambuilding.ca\/team-building-activities\/\" target=\"_blank\" color=\"\" hover_color=\"\" background_color=\"\" hover_background_color=\"\" border_color=\"\" hover_border_color=\"\" font_size=\"\" font_weight=\"\" margin=\"\"]\n","protected":false},"featured_media":17642,"comment_status":"open","ping_status":"closed","template":"","meta":{"_acf_changed":false},"product_brand":[],"product_cat":[1426,1429,1428],"product_tag":[1601,1618,1600],"class_list":{"0":"post-18797","1":"product","2":"type-product","3":"status-publish","4":"has-post-thumbnail","6":"product_cat-en-personne","7":"product_cat-hybride","8":"product_cat-virtuel","9":"product_tag-en-personne","10":"product_tag-hybride","11":"product_tag-virtual-fr","12":"pa_activity-type-conferences-interactives","13":"pa_activity-type-culture-dentreprise","14":"pa_activity-type-formation-et-developpement","15":"pa_activity-type-ie-intelligence-emotionnelle","16":"pa_activity-type-responsabilite-sociale-des-entreprises","17":"pa_play-type-team-fr","18":"pa_time-moins-de-30-minutes","20":"first","21":"instock","22":"taxable","23":"shipping-taxable","24":"product-type-simple"},"acf":[],"yoast_head":"<!-- This site is optimized with the Yoast SEO Premium plugin v21.8 (Yoast SEO v27.3) - https:\/\/yoast.com\/product\/yoast-seo-premium-wordpress\/ -->\n<title>Intelligence \u00e9motionnelle - Leadership Series | MSP Teambuilding<\/title>\n<meta name=\"description\" content=\"Rejoignez l&#039;Intelligence \u00e9motionnelle - Leadership Series ! Favoriser une culture inclusive, enrichir la dynamique du lieu de travail et cultiver l&#039;intelligence \u00e9motionnelle pour r\u00e9ussir en tant que dirigeant.\" \/>\n<meta name=\"robots\" content=\"index, follow, max-snippet:-1, max-image-preview:large, max-video-preview:-1\" \/>\n<link rel=\"canonical\" href=\"https:\/\/mspteambuilding.ca\/fr\/produit\/intelligence-emotionnelle-serie-leadership\/\" \/>\n<meta property=\"og:locale\" content=\"fr_FR\" \/>\n<meta property=\"og:type\" content=\"article\" \/>\n<meta property=\"og:title\" content=\"Intelligence \u00c9motionnelle - S\u00e9rie Leadership\" \/>\n<meta property=\"og:description\" content=\"Rejoignez l&#039;Intelligence \u00e9motionnelle - Leadership Series ! Favoriser une culture inclusive, enrichir la dynamique du lieu de travail et cultiver l&#039;intelligence \u00e9motionnelle pour r\u00e9ussir en tant que dirigeant.\" \/>\n<meta property=\"og:url\" content=\"https:\/\/mspteambuilding.ca\/fr\/produit\/intelligence-emotionnelle-serie-leadership\/\" \/>\n<meta property=\"og:site_name\" content=\"MSP Teambuilding\" \/>\n<meta property=\"article:publisher\" content=\"https:\/\/www.facebook.com\/mspteambuilding\" \/>\n<meta property=\"og:image\" content=\"https:\/\/mspteambuilding.ca\/wp-content\/uploads\/2023\/09\/AMR-Intelligence-emotionelle.png\" \/>\n\t<meta property=\"og:image:width\" content=\"500\" \/>\n\t<meta property=\"og:image:height\" content=\"500\" \/>\n\t<meta property=\"og:image:type\" content=\"image\/png\" \/>\n<meta name=\"twitter:card\" content=\"summary_large_image\" \/>\n<meta name=\"twitter:site\" content=\"@teambuildingmsp\" \/>\n<script type=\"application\/ld+json\" class=\"yoast-schema-graph\">{\"@context\":\"https:\\\/\\\/schema.org\",\"@graph\":[{\"@type\":\"WebPage\",\"@id\":\"https:\\\/\\\/mspteambuilding.ca\\\/fr\\\/produit\\\/intelligence-emotionnelle-serie-leadership\\\/\",\"url\":\"https:\\\/\\\/mspteambuilding.ca\\\/fr\\\/produit\\\/intelligence-emotionnelle-serie-leadership\\\/\",\"name\":\"Intelligence \u00e9motionnelle - Leadership Series | MSP Teambuilding\",\"isPartOf\":{\"@id\":\"https:\\\/\\\/mspteambuilding.ca\\\/#website\"},\"primaryImageOfPage\":{\"@id\":\"https:\\\/\\\/mspteambuilding.ca\\\/fr\\\/produit\\\/intelligence-emotionnelle-serie-leadership\\\/#primaryimage\"},\"image\":{\"@id\":\"https:\\\/\\\/mspteambuilding.ca\\\/fr\\\/produit\\\/intelligence-emotionnelle-serie-leadership\\\/#primaryimage\"},\"thumbnailUrl\":\"https:\\\/\\\/mspteambuilding.ca\\\/wp-content\\\/uploads\\\/2023\\\/09\\\/AMR-Intelligence-emotionelle.png\",\"datePublished\":\"2023-09-13T09:30:40+00:00\",\"description\":\"Rejoignez l'Intelligence \u00e9motionnelle - Leadership Series ! Favoriser une culture inclusive, enrichir la dynamique du lieu de travail et cultiver l'intelligence \u00e9motionnelle pour r\u00e9ussir en tant que dirigeant.\",\"breadcrumb\":{\"@id\":\"https:\\\/\\\/mspteambuilding.ca\\\/fr\\\/produit\\\/intelligence-emotionnelle-serie-leadership\\\/#breadcrumb\"},\"inLanguage\":\"fr-FR\",\"potentialAction\":[{\"@type\":\"ReadAction\",\"target\":[\"https:\\\/\\\/mspteambuilding.ca\\\/fr\\\/produit\\\/intelligence-emotionnelle-serie-leadership\\\/\"]}]},{\"@type\":\"ImageObject\",\"inLanguage\":\"fr-FR\",\"@id\":\"https:\\\/\\\/mspteambuilding.ca\\\/fr\\\/produit\\\/intelligence-emotionnelle-serie-leadership\\\/#primaryimage\",\"url\":\"https:\\\/\\\/mspteambuilding.ca\\\/wp-content\\\/uploads\\\/2023\\\/09\\\/AMR-Intelligence-emotionelle.png\",\"contentUrl\":\"https:\\\/\\\/mspteambuilding.ca\\\/wp-content\\\/uploads\\\/2023\\\/09\\\/AMR-Intelligence-emotionelle.png\",\"width\":500,\"height\":500,\"caption\":\"Brain and heart icons image advertising emotional intelligence in leadership development course by Anne Marie Roy\"},{\"@type\":\"BreadcrumbList\",\"@id\":\"https:\\\/\\\/mspteambuilding.ca\\\/fr\\\/produit\\\/intelligence-emotionnelle-serie-leadership\\\/#breadcrumb\",\"itemListElement\":[{\"@type\":\"ListItem\",\"position\":1,\"name\":\"Home\",\"item\":\"https:\\\/\\\/mspteambuilding.ca\\\/fr\\\/\"},{\"@type\":\"ListItem\",\"position\":2,\"name\":\"Magasinez\",\"item\":\"https:\\\/\\\/mspteambuilding.ca\\\/team-building-activities\\\/\"},{\"@type\":\"ListItem\",\"position\":3,\"name\":\"Intelligence \u00c9motionnelle &#8211; S\u00e9rie Leadership\"}]},{\"@type\":\"WebSite\",\"@id\":\"https:\\\/\\\/mspteambuilding.ca\\\/#website\",\"url\":\"https:\\\/\\\/mspteambuilding.ca\\\/\",\"name\":\"MSP Teambuilding\",\"description\":\"Transforming Company Culture, One Human Connection at a time.\",\"publisher\":{\"@id\":\"https:\\\/\\\/mspteambuilding.ca\\\/#organization\"},\"potentialAction\":[{\"@type\":\"SearchAction\",\"target\":{\"@type\":\"EntryPoint\",\"urlTemplate\":\"https:\\\/\\\/mspteambuilding.ca\\\/?s={search_term_string}\"},\"query-input\":{\"@type\":\"PropertyValueSpecification\",\"valueRequired\":true,\"valueName\":\"search_term_string\"}}],\"inLanguage\":\"fr-FR\"},{\"@type\":\"Organization\",\"@id\":\"https:\\\/\\\/mspteambuilding.ca\\\/#organization\",\"name\":\"MSP TeamBuilding\",\"url\":\"https:\\\/\\\/mspteambuilding.ca\\\/\",\"logo\":{\"@type\":\"ImageObject\",\"inLanguage\":\"fr-FR\",\"@id\":\"https:\\\/\\\/mspteambuilding.ca\\\/#\\\/schema\\\/logo\\\/image\\\/\",\"url\":\"https:\\\/\\\/mspteambuilding.ca\\\/wp-content\\\/uploads\\\/2019\\\/03\\\/cropped-mspteambuilding-favicon.png\",\"contentUrl\":\"https:\\\/\\\/mspteambuilding.ca\\\/wp-content\\\/uploads\\\/2019\\\/03\\\/cropped-mspteambuilding-favicon.png\",\"width\":512,\"height\":512,\"caption\":\"MSP TeamBuilding\"},\"image\":{\"@id\":\"https:\\\/\\\/mspteambuilding.ca\\\/#\\\/schema\\\/logo\\\/image\\\/\"},\"sameAs\":[\"https:\\\/\\\/www.facebook.com\\\/mspteambuilding\",\"https:\\\/\\\/x.com\\\/teambuildingmsp\",\"https:\\\/\\\/www.instagram.com\\\/mspteambuilding\\\/\",\"https:\\\/\\\/www.linkedin.com\\\/company\\\/msp-teambuilding\",\"https:\\\/\\\/www.youtube.com\\\/channel\\\/UCKzGwb2bi6TEYMFmEfboppg\\\/\"]}]}<\/script>\n<!-- \/ Yoast SEO Premium plugin. -->","yoast_head_json":{"title":"Intelligence \u00e9motionnelle - Leadership Series | MSP Teambuilding","description":"Rejoignez l'Intelligence \u00e9motionnelle - Leadership Series ! Favoriser une culture inclusive, enrichir la dynamique du lieu de travail et cultiver l'intelligence \u00e9motionnelle pour r\u00e9ussir en tant que dirigeant.","robots":{"index":"index","follow":"follow","max-snippet":"max-snippet:-1","max-image-preview":"max-image-preview:large","max-video-preview":"max-video-preview:-1"},"canonical":"https:\/\/mspteambuilding.ca\/fr\/produit\/intelligence-emotionnelle-serie-leadership\/","og_locale":"fr_FR","og_type":"article","og_title":"Intelligence \u00c9motionnelle - S\u00e9rie Leadership","og_description":"Rejoignez l'Intelligence \u00e9motionnelle - Leadership Series ! Favoriser une culture inclusive, enrichir la dynamique du lieu de travail et cultiver l'intelligence \u00e9motionnelle pour r\u00e9ussir en tant que dirigeant.","og_url":"https:\/\/mspteambuilding.ca\/fr\/produit\/intelligence-emotionnelle-serie-leadership\/","og_site_name":"MSP Teambuilding","article_publisher":"https:\/\/www.facebook.com\/mspteambuilding","og_image":[{"width":500,"height":500,"url":"https:\/\/mspteambuilding.ca\/wp-content\/uploads\/2023\/09\/AMR-Intelligence-emotionelle.png","type":"image\/png"}],"twitter_card":"summary_large_image","twitter_site":"@teambuildingmsp","schema":{"@context":"https:\/\/schema.org","@graph":[{"@type":"WebPage","@id":"https:\/\/mspteambuilding.ca\/fr\/produit\/intelligence-emotionnelle-serie-leadership\/","url":"https:\/\/mspteambuilding.ca\/fr\/produit\/intelligence-emotionnelle-serie-leadership\/","name":"Intelligence \u00e9motionnelle - Leadership Series | MSP Teambuilding","isPartOf":{"@id":"https:\/\/mspteambuilding.ca\/#website"},"primaryImageOfPage":{"@id":"https:\/\/mspteambuilding.ca\/fr\/produit\/intelligence-emotionnelle-serie-leadership\/#primaryimage"},"image":{"@id":"https:\/\/mspteambuilding.ca\/fr\/produit\/intelligence-emotionnelle-serie-leadership\/#primaryimage"},"thumbnailUrl":"https:\/\/mspteambuilding.ca\/wp-content\/uploads\/2023\/09\/AMR-Intelligence-emotionelle.png","datePublished":"2023-09-13T09:30:40+00:00","description":"Rejoignez l'Intelligence \u00e9motionnelle - Leadership Series ! Favoriser une culture inclusive, enrichir la dynamique du lieu de travail et cultiver l'intelligence \u00e9motionnelle pour r\u00e9ussir en tant que dirigeant.","breadcrumb":{"@id":"https:\/\/mspteambuilding.ca\/fr\/produit\/intelligence-emotionnelle-serie-leadership\/#breadcrumb"},"inLanguage":"fr-FR","potentialAction":[{"@type":"ReadAction","target":["https:\/\/mspteambuilding.ca\/fr\/produit\/intelligence-emotionnelle-serie-leadership\/"]}]},{"@type":"ImageObject","inLanguage":"fr-FR","@id":"https:\/\/mspteambuilding.ca\/fr\/produit\/intelligence-emotionnelle-serie-leadership\/#primaryimage","url":"https:\/\/mspteambuilding.ca\/wp-content\/uploads\/2023\/09\/AMR-Intelligence-emotionelle.png","contentUrl":"https:\/\/mspteambuilding.ca\/wp-content\/uploads\/2023\/09\/AMR-Intelligence-emotionelle.png","width":500,"height":500,"caption":"Brain and heart icons image advertising emotional intelligence in leadership development course by Anne Marie Roy"},{"@type":"BreadcrumbList","@id":"https:\/\/mspteambuilding.ca\/fr\/produit\/intelligence-emotionnelle-serie-leadership\/#breadcrumb","itemListElement":[{"@type":"ListItem","position":1,"name":"Home","item":"https:\/\/mspteambuilding.ca\/fr\/"},{"@type":"ListItem","position":2,"name":"Magasinez","item":"https:\/\/mspteambuilding.ca\/team-building-activities\/"},{"@type":"ListItem","position":3,"name":"Intelligence \u00c9motionnelle &#8211; S\u00e9rie Leadership"}]},{"@type":"WebSite","@id":"https:\/\/mspteambuilding.ca\/#website","url":"https:\/\/mspteambuilding.ca\/","name":"MSP Teambuilding","description":"Transforming Company Culture, One Human Connection at a time.","publisher":{"@id":"https:\/\/mspteambuilding.ca\/#organization"},"potentialAction":[{"@type":"SearchAction","target":{"@type":"EntryPoint","urlTemplate":"https:\/\/mspteambuilding.ca\/?s={search_term_string}"},"query-input":{"@type":"PropertyValueSpecification","valueRequired":true,"valueName":"search_term_string"}}],"inLanguage":"fr-FR"},{"@type":"Organization","@id":"https:\/\/mspteambuilding.ca\/#organization","name":"MSP TeamBuilding","url":"https:\/\/mspteambuilding.ca\/","logo":{"@type":"ImageObject","inLanguage":"fr-FR","@id":"https:\/\/mspteambuilding.ca\/#\/schema\/logo\/image\/","url":"https:\/\/mspteambuilding.ca\/wp-content\/uploads\/2019\/03\/cropped-mspteambuilding-favicon.png","contentUrl":"https:\/\/mspteambuilding.ca\/wp-content\/uploads\/2019\/03\/cropped-mspteambuilding-favicon.png","width":512,"height":512,"caption":"MSP TeamBuilding"},"image":{"@id":"https:\/\/mspteambuilding.ca\/#\/schema\/logo\/image\/"},"sameAs":["https:\/\/www.facebook.com\/mspteambuilding","https:\/\/x.com\/teambuildingmsp","https:\/\/www.instagram.com\/mspteambuilding\/","https:\/\/www.linkedin.com\/company\/msp-teambuilding","https:\/\/www.youtube.com\/channel\/UCKzGwb2bi6TEYMFmEfboppg\/"]}]}},"_links":{"self":[{"href":"https:\/\/mspteambuilding.ca\/fr\/wp-json\/wp\/v2\/product\/18797","targetHints":{"allow":["GET"]}}],"collection":[{"href":"https:\/\/mspteambuilding.ca\/fr\/wp-json\/wp\/v2\/product"}],"about":[{"href":"https:\/\/mspteambuilding.ca\/fr\/wp-json\/wp\/v2\/types\/product"}],"replies":[{"embeddable":true,"href":"https:\/\/mspteambuilding.ca\/fr\/wp-json\/wp\/v2\/comments?post=18797"}],"wp:featuredmedia":[{"embeddable":true,"href":"https:\/\/mspteambuilding.ca\/fr\/wp-json\/wp\/v2\/media\/17642"}],"wp:attachment":[{"href":"https:\/\/mspteambuilding.ca\/fr\/wp-json\/wp\/v2\/media?parent=18797"}],"wp:term":[{"taxonomy":"product_brand","embeddable":true,"href":"https:\/\/mspteambuilding.ca\/fr\/wp-json\/wp\/v2\/product_brand?post=18797"},{"taxonomy":"product_cat","embeddable":true,"href":"https:\/\/mspteambuilding.ca\/fr\/wp-json\/wp\/v2\/product_cat?post=18797"},{"taxonomy":"product_tag","embeddable":true,"href":"https:\/\/mspteambuilding.ca\/fr\/wp-json\/wp\/v2\/product_tag?post=18797"}],"curies":[{"name":"wp","href":"https:\/\/api.w.org\/{rel}","templated":true}]}}