{"id":19322,"date":"2024-10-28T17:52:22","date_gmt":"2024-10-28T17:52:22","guid":{"rendered":"https:\/\/mspteambuilding.ca\/?post_type=product&#038;p=19322"},"modified":"2024-11-06T18:24:18","modified_gmt":"2024-11-06T18:24:18","slug":"super-toutous-en-equipe","status":"publish","type":"product","link":"https:\/\/mspteambuilding.ca\/fr\/produit\/super-toutous-en-equipe\/","title":{"rendered":"Super Toutous en \u00c9quipe"},"content":{"rendered":"<p>Rejoignez l&#8217;activit\u00e9 Super Toutous en \u00c9quipe &#8211; une exp\u00e9rience engageante et motivante o\u00f9 les \u00e9quipes s&#8217;affrontent pour construire des peluches \u00e0 travers des d\u00e9fis amusants. \u00c0 la fin, les participants font don de leurs toutous \u00e0 l&#8217;association caritative de leur choix, ce qui conf\u00e8re \u00e0 l&#8217;activit\u00e9 une dimension RSE.<\/p>\n<p>Fabriqu\u00e9s \u00e0 partir de mat\u00e9riaux durables, ces toutous ont un impact significatif, alliant le travail d&#8217;\u00e9quipe \u00e0 la joie de donner au suivant.<\/p>\n","protected":false},"excerpt":{"rendered":"<p>Faites l&#8217;exp\u00e9rience <strong>Super Toutous en \u00c9quipe<\/strong> &#8211; un \u00e9v\u00e9nement de team-building unique, ax\u00e9 sur l&#8217;objectif, o\u00f9 la collaboration et l&#8217;impact sur la communaut\u00e9 sont au premier plan.<\/p>\n<p>Dans ce d\u00e9fi engageant, bas\u00e9 sur des points, les \u00e9quipes s&#8217;affrontent en accomplissant des t\u00e2ches amusantes et en gagnant des pi\u00e8ces et des accessoires. Chaque peluche est con\u00e7ue avec des options personnalisables, ce qui permet aux \u00e9quipes de cr\u00e9er un cadeau unique qui refl\u00e8te leur esprit d&#8217;\u00e9quipe.<\/p>\n<p>La vraie r\u00e9compense arrive \u00e0 la fin, lorsque les \u00e9quipes choisissent de faire don de leurs toutous \u00e0 une \u0153uvre de bienfaisance de leur choix ou \u00e0 leur communaut\u00e9. Ce geste sinc\u00e8re conf\u00e8re \u00e0 l&#8217;activit\u00e9 un aspect RSE (responsabilit\u00e9 sociale des entreprises) significatif, permettant aux \u00e9quipes de faire une diff\u00e9rence tangible dans la vie des enfants et des familles dans le besoin. Fabriqu\u00e9s \u00e0 partir de mat\u00e9riaux durables, ces ours incarnent un engagement en faveur de la responsabilit\u00e9 sociale, renfor\u00e7ant ainsi l&#8217;engagement de votre entreprise en faveur des initiatives ESG.<\/p>\n<p>Les peluches sont plus qu&#8217;un simple moyen de renforcer l&#8217;esprit d&#8217;\u00e9quipe ; c&#8217;est l&#8217;occasion de s&#8217;unir dans un but plus noble, de renforcer les liens entre les membres de l&#8217;\u00e9quipe tout en ayant un impact positif sur la communaut\u00e9.<\/p>\n<p><strong><br \/>\nId\u00e9al pour :<\/strong><\/p>\n<ul>\n<li>B\u00e2tir une culture d&#8217;entreprise orient\u00e9e vers un but pr\u00e9cis<\/li>\n<li>Favoriser l&#8217;unit\u00e9 de l&#8217;\u00e9quipe par des contributions significatives<\/li>\n<li>Int\u00e9grer la RSE et le don de soi dans les activit\u00e9s de l&#8217;\u00e9quipe<\/li>\n<li>Renforcer la synergie et la compassion<\/li>\n<\/ul>\n<p><span style=\"vertical-align: inherit;\"><span style=\"vertical-align: inherit;\">[edgtf_separator class_name=\"\" type=\"normal\" position=\"left\" color=\"\" border_style=\"solid\" width=\"200px\" thickness=\"\" top_margin=\"20px\" bottom_margin=\"0px\"] <\/span><\/span><br \/>\n<span style=\"vertical-align: inherit;\"><span style=\"vertical-align: inherit;\">[edgtf_custom_font content_custom_font=\" DUR\u00c9E: 1 - 2 heures\" custom_font_tag=\"h5\" font_family=\"\" font_size=\"16\" line_height=\"0px\" font_style=\"normal\" text_align=\"left\" font_weight=\"700\" color=\"\" text_decoration=\"none\" letter_spacing=\"\"] <\/span><\/span><br \/>\n<span style=\"vertical-align: inherit;\"><span style=\"vertical-align: inherit;\">[edgtf_separator class_name=\"\" type=\"normal\" position=\"left\" color=\"\" border_style=\"solid\" width=\"200px\" thickness=\"\" top_margin=\"0px\" bottom_margin=\"30px\"]<\/span><\/span><\/p>\n<h5><\/h5>\n<p>&nbsp;<\/p>\n<p><span style=\"vertical-align: inherit;\"><span style=\"vertical-align: inherit;\">[edgtf_custom_font content_custom_font=\"REQUEST A PRICE QUOTE\" custom_font_tag=\"h5\" font_family=\"\" font_size=\"20\" line_height=\"0px\" font_style=\"normal\" text_align=\"left\" font_weight=\"700\" color=\"\" text_decoration=\"none\" letter_spacing=\"\"] <\/span><\/span><\/p>\n[wpforms id=\"14791\" title=\"false\"]\n<p><!----[contact-form-7 id=\"6219\" title=\"Team Building - Sing Along\"] ---><\/p>\n","protected":false},"featured_media":19328,"comment_status":"open","ping_status":"closed","template":"","meta":{"_acf_changed":false},"product_brand":[],"product_cat":[1426],"product_tag":[1601],"class_list":{"0":"post-19322","1":"product","2":"type-product","3":"status-publish","4":"has-post-thumbnail","6":"product_cat-en-personne","7":"product_tag-en-personne","8":"pa_activity-type-creative","9":"pa_activity-type-culture-dentreprise","10":"pa_activity-type-ie-intelligence-emotionnelle","11":"pa_activity-type-responsabilite-sociale-des-entreprises","12":"pa_play-type-team-fr","13":"pa_time-1-2hrs","15":"first","16":"instock","17":"product-type-simple"},"acf":[],"yoast_head":"<!-- This site is optimized with the Yoast SEO Premium plugin v21.8 (Yoast SEO v27.3) - https:\/\/yoast.com\/product\/yoast-seo-premium-wordpress\/ -->\n<title>Super Toutous en \u00c9quipe : Collaborer et Redonner<\/title>\n<meta name=\"description\" content=\"Une activit\u00e9 amusante o\u00f9 vous assemblez des toutous en relevant des d\u00e9fis amusants, puis faites un don \u00e0 l&#039;organisation caritative de votre choix - un travail d&#039;\u00e9quipe qui a un but !\" \/>\n<meta name=\"robots\" content=\"index, follow, max-snippet:-1, max-image-preview:large, max-video-preview:-1\" \/>\n<link rel=\"canonical\" href=\"https:\/\/mspteambuilding.ca\/fr\/produit\/super-toutous-en-equipe\/\" \/>\n<meta property=\"og:locale\" content=\"fr_FR\" \/>\n<meta property=\"og:type\" content=\"article\" \/>\n<meta property=\"og:title\" content=\"Super Toutous en \u00c9quipe\" \/>\n<meta property=\"og:description\" content=\"Une activit\u00e9 amusante o\u00f9 vous assemblez des toutous en relevant des d\u00e9fis amusants, puis faites un don \u00e0 l&#039;organisation caritative de votre choix - un travail d&#039;\u00e9quipe qui a un but !\" \/>\n<meta property=\"og:url\" content=\"https:\/\/mspteambuilding.ca\/fr\/produit\/super-toutous-en-equipe\/\" \/>\n<meta property=\"og:site_name\" content=\"MSP Teambuilding\" \/>\n<meta property=\"article:publisher\" content=\"https:\/\/www.facebook.com\/mspteambuilding\" \/>\n<meta property=\"article:modified_time\" content=\"2024-11-06T18:24:18+00:00\" \/>\n<meta property=\"og:image\" content=\"https:\/\/mspteambuilding.ca\/wp-content\/uploads\/2024\/10\/Super-Team-Teddies-1.png\" \/>\n\t<meta property=\"og:image:width\" content=\"1200\" \/>\n\t<meta property=\"og:image:height\" content=\"900\" \/>\n\t<meta property=\"og:image:type\" content=\"image\/png\" \/>\n<meta name=\"twitter:card\" content=\"summary_large_image\" \/>\n<meta name=\"twitter:site\" content=\"@teambuildingmsp\" \/>\n<meta name=\"twitter:label1\" content=\"Dur\u00e9e de lecture estim\u00e9e\" \/>\n\t<meta name=\"twitter:data1\" content=\"1 minute\" \/>\n<script type=\"application\/ld+json\" class=\"yoast-schema-graph\">{\"@context\":\"https:\\\/\\\/schema.org\",\"@graph\":[{\"@type\":\"WebPage\",\"@id\":\"https:\\\/\\\/mspteambuilding.ca\\\/fr\\\/produit\\\/super-toutous-en-equipe\\\/\",\"url\":\"https:\\\/\\\/mspteambuilding.ca\\\/fr\\\/produit\\\/super-toutous-en-equipe\\\/\",\"name\":\"Super Toutous en \u00c9quipe : Collaborer et Redonner\",\"isPartOf\":{\"@id\":\"https:\\\/\\\/mspteambuilding.ca\\\/#website\"},\"primaryImageOfPage\":{\"@id\":\"https:\\\/\\\/mspteambuilding.ca\\\/fr\\\/produit\\\/super-toutous-en-equipe\\\/#primaryimage\"},\"image\":{\"@id\":\"https:\\\/\\\/mspteambuilding.ca\\\/fr\\\/produit\\\/super-toutous-en-equipe\\\/#primaryimage\"},\"thumbnailUrl\":\"https:\\\/\\\/mspteambuilding.ca\\\/wp-content\\\/uploads\\\/2024\\\/10\\\/Super-Team-Teddies-1.png\",\"datePublished\":\"2024-10-28T17:52:22+00:00\",\"dateModified\":\"2024-11-06T18:24:18+00:00\",\"description\":\"Une activit\u00e9 amusante o\u00f9 vous assemblez des toutous en relevant des d\u00e9fis amusants, puis faites un don \u00e0 l'organisation caritative de votre choix - un travail d'\u00e9quipe qui a un but !\",\"breadcrumb\":{\"@id\":\"https:\\\/\\\/mspteambuilding.ca\\\/fr\\\/produit\\\/super-toutous-en-equipe\\\/#breadcrumb\"},\"inLanguage\":\"fr-FR\",\"potentialAction\":[{\"@type\":\"ReadAction\",\"target\":[\"https:\\\/\\\/mspteambuilding.ca\\\/fr\\\/produit\\\/super-toutous-en-equipe\\\/\"]}]},{\"@type\":\"ImageObject\",\"inLanguage\":\"fr-FR\",\"@id\":\"https:\\\/\\\/mspteambuilding.ca\\\/fr\\\/produit\\\/super-toutous-en-equipe\\\/#primaryimage\",\"url\":\"https:\\\/\\\/mspteambuilding.ca\\\/wp-content\\\/uploads\\\/2024\\\/10\\\/Super-Team-Teddies-1.png\",\"contentUrl\":\"https:\\\/\\\/mspteambuilding.ca\\\/wp-content\\\/uploads\\\/2024\\\/10\\\/Super-Team-Teddies-1.png\",\"width\":1200,\"height\":900,\"caption\":\"teddy bear waving from side of a wodden wall\"},{\"@type\":\"BreadcrumbList\",\"@id\":\"https:\\\/\\\/mspteambuilding.ca\\\/fr\\\/produit\\\/super-toutous-en-equipe\\\/#breadcrumb\",\"itemListElement\":[{\"@type\":\"ListItem\",\"position\":1,\"name\":\"Home\",\"item\":\"https:\\\/\\\/mspteambuilding.ca\\\/fr\\\/\"},{\"@type\":\"ListItem\",\"position\":2,\"name\":\"Magasinez\",\"item\":\"https:\\\/\\\/mspteambuilding.ca\\\/team-building-activities\\\/\"},{\"@type\":\"ListItem\",\"position\":3,\"name\":\"Super Toutous en \u00c9quipe\"}]},{\"@type\":\"WebSite\",\"@id\":\"https:\\\/\\\/mspteambuilding.ca\\\/#website\",\"url\":\"https:\\\/\\\/mspteambuilding.ca\\\/\",\"name\":\"MSP Teambuilding\",\"description\":\"Transforming Company Culture, One Human Connection at a time.\",\"publisher\":{\"@id\":\"https:\\\/\\\/mspteambuilding.ca\\\/#organization\"},\"potentialAction\":[{\"@type\":\"SearchAction\",\"target\":{\"@type\":\"EntryPoint\",\"urlTemplate\":\"https:\\\/\\\/mspteambuilding.ca\\\/?s={search_term_string}\"},\"query-input\":{\"@type\":\"PropertyValueSpecification\",\"valueRequired\":true,\"valueName\":\"search_term_string\"}}],\"inLanguage\":\"fr-FR\"},{\"@type\":\"Organization\",\"@id\":\"https:\\\/\\\/mspteambuilding.ca\\\/#organization\",\"name\":\"MSP TeamBuilding\",\"url\":\"https:\\\/\\\/mspteambuilding.ca\\\/\",\"logo\":{\"@type\":\"ImageObject\",\"inLanguage\":\"fr-FR\",\"@id\":\"https:\\\/\\\/mspteambuilding.ca\\\/#\\\/schema\\\/logo\\\/image\\\/\",\"url\":\"https:\\\/\\\/mspteambuilding.ca\\\/wp-content\\\/uploads\\\/2019\\\/03\\\/cropped-mspteambuilding-favicon.png\",\"contentUrl\":\"https:\\\/\\\/mspteambuilding.ca\\\/wp-content\\\/uploads\\\/2019\\\/03\\\/cropped-mspteambuilding-favicon.png\",\"width\":512,\"height\":512,\"caption\":\"MSP TeamBuilding\"},\"image\":{\"@id\":\"https:\\\/\\\/mspteambuilding.ca\\\/#\\\/schema\\\/logo\\\/image\\\/\"},\"sameAs\":[\"https:\\\/\\\/www.facebook.com\\\/mspteambuilding\",\"https:\\\/\\\/x.com\\\/teambuildingmsp\",\"https:\\\/\\\/www.instagram.com\\\/mspteambuilding\\\/\",\"https:\\\/\\\/www.linkedin.com\\\/company\\\/msp-teambuilding\",\"https:\\\/\\\/www.youtube.com\\\/channel\\\/UCKzGwb2bi6TEYMFmEfboppg\\\/\"]}]}<\/script>\n<!-- \/ Yoast SEO Premium plugin. -->","yoast_head_json":{"title":"Super Toutous en \u00c9quipe : Collaborer et Redonner","description":"Une activit\u00e9 amusante o\u00f9 vous assemblez des toutous en relevant des d\u00e9fis amusants, puis faites un don \u00e0 l'organisation caritative de votre choix - un travail d'\u00e9quipe qui a un but !","robots":{"index":"index","follow":"follow","max-snippet":"max-snippet:-1","max-image-preview":"max-image-preview:large","max-video-preview":"max-video-preview:-1"},"canonical":"https:\/\/mspteambuilding.ca\/fr\/produit\/super-toutous-en-equipe\/","og_locale":"fr_FR","og_type":"article","og_title":"Super Toutous en \u00c9quipe","og_description":"Une activit\u00e9 amusante o\u00f9 vous assemblez des toutous en relevant des d\u00e9fis amusants, puis faites un don \u00e0 l'organisation caritative de votre choix - un travail d'\u00e9quipe qui a un but !","og_url":"https:\/\/mspteambuilding.ca\/fr\/produit\/super-toutous-en-equipe\/","og_site_name":"MSP Teambuilding","article_publisher":"https:\/\/www.facebook.com\/mspteambuilding","article_modified_time":"2024-11-06T18:24:18+00:00","og_image":[{"width":1200,"height":900,"url":"https:\/\/mspteambuilding.ca\/wp-content\/uploads\/2024\/10\/Super-Team-Teddies-1.png","type":"image\/png"}],"twitter_card":"summary_large_image","twitter_site":"@teambuildingmsp","twitter_misc":{"Dur\u00e9e de lecture estim\u00e9e":"1 minute"},"schema":{"@context":"https:\/\/schema.org","@graph":[{"@type":"WebPage","@id":"https:\/\/mspteambuilding.ca\/fr\/produit\/super-toutous-en-equipe\/","url":"https:\/\/mspteambuilding.ca\/fr\/produit\/super-toutous-en-equipe\/","name":"Super Toutous en \u00c9quipe : Collaborer et Redonner","isPartOf":{"@id":"https:\/\/mspteambuilding.ca\/#website"},"primaryImageOfPage":{"@id":"https:\/\/mspteambuilding.ca\/fr\/produit\/super-toutous-en-equipe\/#primaryimage"},"image":{"@id":"https:\/\/mspteambuilding.ca\/fr\/produit\/super-toutous-en-equipe\/#primaryimage"},"thumbnailUrl":"https:\/\/mspteambuilding.ca\/wp-content\/uploads\/2024\/10\/Super-Team-Teddies-1.png","datePublished":"2024-10-28T17:52:22+00:00","dateModified":"2024-11-06T18:24:18+00:00","description":"Une activit\u00e9 amusante o\u00f9 vous assemblez des toutous en relevant des d\u00e9fis amusants, puis faites un don \u00e0 l'organisation caritative de votre choix - un travail d'\u00e9quipe qui a un but !","breadcrumb":{"@id":"https:\/\/mspteambuilding.ca\/fr\/produit\/super-toutous-en-equipe\/#breadcrumb"},"inLanguage":"fr-FR","potentialAction":[{"@type":"ReadAction","target":["https:\/\/mspteambuilding.ca\/fr\/produit\/super-toutous-en-equipe\/"]}]},{"@type":"ImageObject","inLanguage":"fr-FR","@id":"https:\/\/mspteambuilding.ca\/fr\/produit\/super-toutous-en-equipe\/#primaryimage","url":"https:\/\/mspteambuilding.ca\/wp-content\/uploads\/2024\/10\/Super-Team-Teddies-1.png","contentUrl":"https:\/\/mspteambuilding.ca\/wp-content\/uploads\/2024\/10\/Super-Team-Teddies-1.png","width":1200,"height":900,"caption":"teddy bear waving from side of a wodden wall"},{"@type":"BreadcrumbList","@id":"https:\/\/mspteambuilding.ca\/fr\/produit\/super-toutous-en-equipe\/#breadcrumb","itemListElement":[{"@type":"ListItem","position":1,"name":"Home","item":"https:\/\/mspteambuilding.ca\/fr\/"},{"@type":"ListItem","position":2,"name":"Magasinez","item":"https:\/\/mspteambuilding.ca\/team-building-activities\/"},{"@type":"ListItem","position":3,"name":"Super Toutous en \u00c9quipe"}]},{"@type":"WebSite","@id":"https:\/\/mspteambuilding.ca\/#website","url":"https:\/\/mspteambuilding.ca\/","name":"MSP Teambuilding","description":"Transforming Company Culture, One Human Connection at a time.","publisher":{"@id":"https:\/\/mspteambuilding.ca\/#organization"},"potentialAction":[{"@type":"SearchAction","target":{"@type":"EntryPoint","urlTemplate":"https:\/\/mspteambuilding.ca\/?s={search_term_string}"},"query-input":{"@type":"PropertyValueSpecification","valueRequired":true,"valueName":"search_term_string"}}],"inLanguage":"fr-FR"},{"@type":"Organization","@id":"https:\/\/mspteambuilding.ca\/#organization","name":"MSP TeamBuilding","url":"https:\/\/mspteambuilding.ca\/","logo":{"@type":"ImageObject","inLanguage":"fr-FR","@id":"https:\/\/mspteambuilding.ca\/#\/schema\/logo\/image\/","url":"https:\/\/mspteambuilding.ca\/wp-content\/uploads\/2019\/03\/cropped-mspteambuilding-favicon.png","contentUrl":"https:\/\/mspteambuilding.ca\/wp-content\/uploads\/2019\/03\/cropped-mspteambuilding-favicon.png","width":512,"height":512,"caption":"MSP TeamBuilding"},"image":{"@id":"https:\/\/mspteambuilding.ca\/#\/schema\/logo\/image\/"},"sameAs":["https:\/\/www.facebook.com\/mspteambuilding","https:\/\/x.com\/teambuildingmsp","https:\/\/www.instagram.com\/mspteambuilding\/","https:\/\/www.linkedin.com\/company\/msp-teambuilding","https:\/\/www.youtube.com\/channel\/UCKzGwb2bi6TEYMFmEfboppg\/"]}]}},"_links":{"self":[{"href":"https:\/\/mspteambuilding.ca\/fr\/wp-json\/wp\/v2\/product\/19322","targetHints":{"allow":["GET"]}}],"collection":[{"href":"https:\/\/mspteambuilding.ca\/fr\/wp-json\/wp\/v2\/product"}],"about":[{"href":"https:\/\/mspteambuilding.ca\/fr\/wp-json\/wp\/v2\/types\/product"}],"replies":[{"embeddable":true,"href":"https:\/\/mspteambuilding.ca\/fr\/wp-json\/wp\/v2\/comments?post=19322"}],"wp:featuredmedia":[{"embeddable":true,"href":"https:\/\/mspteambuilding.ca\/fr\/wp-json\/wp\/v2\/media\/19328"}],"wp:attachment":[{"href":"https:\/\/mspteambuilding.ca\/fr\/wp-json\/wp\/v2\/media?parent=19322"}],"wp:term":[{"taxonomy":"product_brand","embeddable":true,"href":"https:\/\/mspteambuilding.ca\/fr\/wp-json\/wp\/v2\/product_brand?post=19322"},{"taxonomy":"product_cat","embeddable":true,"href":"https:\/\/mspteambuilding.ca\/fr\/wp-json\/wp\/v2\/product_cat?post=19322"},{"taxonomy":"product_tag","embeddable":true,"href":"https:\/\/mspteambuilding.ca\/fr\/wp-json\/wp\/v2\/product_tag?post=19322"}],"curies":[{"name":"wp","href":"https:\/\/api.w.org\/{rel}","templated":true}]}}