{"id":6665,"date":"2017-03-06T01:08:59","date_gmt":"2017-03-06T01:08:59","guid":{"rendered":"https:\/\/wordpresscreatives.com\/sites\/msp\/product\/musical-team-building-company-theme-song\/"},"modified":"2023-11-11T00:33:20","modified_gmt":"2023-11-11T00:33:20","slug":"imaginez-l-impossible","status":"publish","type":"product","link":"https:\/\/mspteambuilding.ca\/fr\/produit\/imaginez-l-impossible\/","title":{"rendered":"Imaginez l&#8217;impossible !"},"content":{"rendered":"<p>Votre \u00e9quipe compose la chanson th\u00e8me de votre entreprise. Stimulez la cr\u00e9ativit\u00e9, favorisez l&#8217;unicit\u00e9 et d\u00e9passez les limites gr\u00e2ce au team building musical.<\/p>\n","protected":false},"excerpt":{"rendered":"<p><span style=\"vertical-align: inherit;\"><span style=\"vertical-align: inherit;\">[edgtf_separator class_name=\"\" type=\"normal\" position=\"left\" color=\"\" border_style=\"solid\" width=\"200px\" thickness=\"\" top_margin=\"20px\" bottom_margin=\"0px\"] <\/span><\/span><br \/>\n<span style=\"vertical-align: inherit;\"><span style=\"vertical-align: inherit;\">[edgtf_custom_font content_custom_font=\"  DURATION: 3 hours\" custom_font_tag=\"h5\" font_family=\"\" font_size=\"16\" line_height=\"0px\" font_style=\"normal\" text_align=\"left\" font_weight=\"700\" color=\"\" text_decoration=\"none\" letter_spacing=\"\"] <\/span><\/span><br \/>\n<span style=\"vertical-align: inherit;\"><span style=\"vertical-align: inherit;\">[edgtf_separator class_name=\"\" type=\"normal\" position=\"left\" color=\"\" border_style=\"solid\" width=\"200px\" thickness=\"\" top_margin=\"0px\" bottom_margin=\"30px\"]<\/span><\/span><\/p>\n[embed]https:\/\/www.youtube.com\/watch?v=tw6fbopXzJc&amp;ab_channel=MSPTeambuilding[\/embed]\n<h5><span style=\"vertical-align: inherit;\"><span style=\"vertical-align: inherit;\">Votre \u00e9quipe compose la chanson th\u00e8me de votre entreprise<\/span><\/span><\/h5>\n<h5><strong><span style=\"vertical-align: inherit;\">CE QUI EST INCLUS<\/span><\/strong><\/h5>\n<ul>\n<li><span style=\"vertical-align: inherit;\">Coaching vocal et \u00e9chauffement<\/span><\/li>\n<li><span style=\"vertical-align: inherit;\">Votre \u00e9quipe \u00e9crivant les paroles et la m\u00e9lodie de la chanson th\u00e8me de votre entreprise assist\u00e9e par nos auteurs-compositeurs-interpr\u00e8tes professionnels, sp\u00e9cialis\u00e9s dans le team building musical<\/span><\/li>\n<li><span style=\"vertical-align: inherit;\">Enregistrement en studio de la chanson th\u00e8me de l&#8217;entreprise mettant en vedette vos employ\u00e9s<\/span><\/li>\n<li><span style=\"vertical-align: inherit;\">Une \u00e9quipe renomm\u00e9e d&#8217;animateurs musicaux professionnels, d&#8217;auteurs-compositeurs-interpr\u00e8tes et de musiciens. Le forfait comprend une \u00e9quipe de 3 animateurs : 2 auteurs-compositeurs-interpr\u00e8tes dynamiques et un guitariste\/ing\u00e9nieur de studio<\/span><\/li>\n<li><span style=\"vertical-align: inherit;\">Production musicale compl\u00e8te de la chanson enregistr\u00e9e et mixage final dans notre studio d&#8217;enregistrement<\/span><\/li>\n<li><span style=\"vertical-align: inherit;\">Lien en ligne s\u00e9curis\u00e9 pour t\u00e9l\u00e9charger le mix de chansons \u00e0 partager avec votre \u00e9quipe.<\/span><\/li>\n<\/ul>\n<p><b>Id\u00e9al pour :<\/b><\/p>\n<ul>\n<li>Maintenir\/d\u00e9velopper une saine culture d&#8217;entreprise<\/li>\n<li>L&#8217;esprit d&#8217;\u00e9quipe<\/li>\n<li>La collaboration<\/li>\n<\/ul>\n<p><strong><span style=\"vertical-align: inherit;\"><span style=\"vertical-align: inherit;\">GROUP SIZE:<\/span><\/span><\/strong><span style=\"vertical-align: inherit;\"><span style=\"vertical-align: inherit;\"> 15-75<\/span><\/span><\/p>\n<p><span style=\"vertical-align: inherit;\"><span style=\"vertical-align: inherit;\">Qui est mieux plac\u00e9 pour \u00e9crire la chanson th\u00e8me de votre entreprise que vos propres employ\u00e9s ? <\/span><\/span><strong><em><span style=\"vertical-align: inherit;\"><span style=\"vertical-align: inherit;\">Imaginez l&#8217;impossible !<\/span><\/span><\/em><\/strong><span style=\"vertical-align: inherit;\"><span style=\"vertical-align: inherit;\"> Le programme de Team Building musical est le d\u00e9fi ultime qui met en sc\u00e8ne vos employ\u00e9s en tant qu&#8217;auteurs-compositeurs-interpr\u00e8tes de la chanson th\u00e8me de votre entreprise. <\/span><span style=\"vertical-align: inherit;\">C&#8217;est un excellent moyen de cr\u00e9er une culture d&#8217;entreprise et de partager l&#8217;\u00e9nergie et l&#8217;engagement de vos employ\u00e9s avec vos partenaires, parties prenantes et clients !<\/span><\/span><\/p>\n<p><a href=\"mailto:info@mspteambuilding.ca?subject=REQUEST:%20Imagine%20the%20Impossible%20-%20Program%20Details&amp;body=I%20would%20like%20to%20request%20a%20copy%20of%20this%20program%27s%20detailed%20description.%20Thank%20you.\"><span style=\"vertical-align: inherit;\"><span style=\"vertical-align: inherit;\">CLIQUEZ ICI POUR DEMANDER LA DESCRIPTION D\u00c9TAILL\u00c9E DU PROGRAMME ET LA PARTAGER AVEC VOTRE \u00c9QUIPE<\/span><\/span><\/a><\/p>\n<p><strong><em><span style=\"vertical-align: inherit;\"><span style=\"vertical-align: inherit;\">Imaginez l&#8217;impossible !<\/span><\/span><\/em><\/strong><span style=\"vertical-align: inherit;\"><span style=\"vertical-align: inherit;\"> Le team building musical est une activit\u00e9 qui stimule la cr\u00e9ativit\u00e9 et la r\u00e9flexion hors des sentiers battus. <\/span><span style=\"vertical-align: inherit;\">Plus important encore, c&#8217;est une exp\u00e9rience stimulante qui rassemble les \u00e9quipes, peu importe leurs diff\u00e9rences et leur niveau hi\u00e9rarchique. <\/span><span style=\"vertical-align: inherit;\">Il aide \u00e0 freiner les limitations auto-impos\u00e9es et encourage l&#8217;ouverture. <\/span><span style=\"vertical-align: inherit;\">Les \u00e9quipes se sentent responsabilis\u00e9es et pr\u00eates \u00e0 relever de plus grands d\u00e9fis dans leurs t\u00e2ches quotidiennes. <\/span><span style=\"vertical-align: inherit;\">Le r\u00e9sultat est une chanson th\u00e8me d&#8217;entreprise nouvellement \u00e9crite interpr\u00e9t\u00e9e par vos employ\u00e9s qui met en \u00e9vidence la v\u00e9ritable essence de votre entreprise. <\/span><span style=\"vertical-align: inherit;\">Ce programme rassemble des coll\u00e8gues pour surmonter un d\u00e9fi qu&#8217;ils n&#8217;auraient jamais imagin\u00e9 pouvoir r\u00e9ussir ensemble. <\/span><span style=\"vertical-align: inherit;\">Et rappelez-vous, AUCUN TALENT N&#8217;EST N\u00c9CESSAIRE !<\/span><\/span><\/p>\n<p><strong><span style=\"vertical-align: inherit;\"><span style=\"vertical-align: inherit;\">PERSONNALISABLE<\/span><\/span><\/strong><\/p>\n<p><span style=\"vertical-align: inherit;\"><span style=\"vertical-align: inherit;\">Ce programme offre de nombreuses options, dont une s\u00e9ance photo sur le tapis rouge avec accessoires, un clip vid\u00e9o &#8220;making of&#8221;, une chor\u00e9graphie de danse et plus encore. <\/span><span style=\"vertical-align: inherit;\">Cela pourrait \u00eatre le d\u00e9but de quelque chose de grand !<\/span><\/span><\/p>\n<h5><strong><span style=\"vertical-align: inherit;\">ESPACE EXIG\u00c9<\/span><\/strong><\/h5>\n<p><span style=\"vertical-align: inherit;\">Une salle o\u00f9 les participants peuvent s&#8217;asseoir en groupe, en demi-cercle ou en salle de th\u00e9\u00e2tre. Un espace devant la salle n\u00e9cessaire \u00e0 l&#8217;installation du studio et des microphones (10&#8242; x 5&#8242;). N&#8217;oubliez pas que nous vous enregistrerons en direct, les lieux bruyants ne sont donc pas recommand\u00e9s. Une salle de conf\u00e9rence ou un espace lou\u00e9 constitue un lieu id\u00e9al pour ce programme. Nous offrons la possibilit\u00e9 de r\u00e9aliser cette activit\u00e9 dans un v\u00e9ritable studio d&#8217;enregistrement. Assurez-vous de nous en parler lorsque vous nous contactez!<\/span><\/p>\n<p><strong><span style=\"vertical-align: inherit;\"><span style=\"vertical-align: inherit;\">D\u00c9TAILS TECHNIQUES<\/span><\/span><\/strong><\/p>\n<p><span style=\"vertical-align: inherit;\"><span style=\"vertical-align: inherit;\">Pour plus d&#8217;informations sur ce qui est inclus dans le programme et les besoins en espace, veuillez faire d\u00e9filer jusqu&#8217;\u00e0 l&#8217;onglet de description ci-dessous.<\/span><\/span><\/p>\n<p><span style=\"vertical-align: inherit;\"><span style=\"vertical-align: inherit;\">[edgtf_custom_font content_custom_font=\"REQUEST A PRICE QUOTE\" custom_font_tag=\"h5\" font_family=\"\" font_size=\"20\" line_height=\"0px\" font_style=\"normal\" text_align=\"left\" font_weight=\"700\" color=\"\" text_decoration=\"none\" letter_spacing=\"\"] <\/span><\/span><br \/>\n<strong><em><br \/>\n <span style=\"vertical-align: inherit;\"><span style=\"vertical-align: inherit;\">Imaginez l&#8217;impossible<\/span><\/span><\/em><span style=\"vertical-align: inherit;\"><span style=\"vertical-align: inherit;\"> Le Team Building offre de nombreuses options. <\/span> <span style=\"vertical-align: inherit;\">Nous accueillons diff\u00e9rentes tailles de groupe et personnaliserons le forfait en fonction de vos besoins. <\/span><\/span> <\/strong><\/p>\n[edgtf_button size=\"huge\" type=\"\" text=\"R\u00e9servez un appel maintenant\" custom_class=\"\" icon_pack=\"font_awesome\" fa_icon=\"\" link=\"https:\/\/mspteambuilding.ca\/team-building-activities\/\" target=\"_blank\" color=\"\" hover_color=\"\" background_color=\"\" hover_background_color=\"\" border_color=\"\" hover_border_color=\"\" font_size=\"\" font_weight=\"\" margin=\"\"]\n","protected":false},"featured_media":8919,"comment_status":"open","ping_status":"closed","template":"","meta":{"_acf_changed":false},"product_brand":[],"product_cat":[1474,1444,1509,1551,1470,1527,1525,1494,1445,1482,1476,1501,1529,1426,1511,1459,1466,1519,1478,1488,1446,1536,1513,1451,1515,1507,1484,1546,1455,1456,1449,1505,209,1554,1543,1448,207,1531,1540,1472,1480,1496,1499,1542,1538,1490,1534,1552,1468,1548,172,1553,1503,1492,1462,1517,1464,1523,1521,1550],"product_tag":[1601],"class_list":{"0":"post-6665","1":"product","2":"type-product","3":"status-publish","4":"has-post-thumbnail","6":"product_cat-abbotsford","7":"product_cat-alberta","8":"product_cat-brampton","9":"product_cat-brandon","10":"product_cat-burnaby","11":"product_cat-calgary-et-environs","12":"product_cat-cambridge","13":"product_cat-chicoutimi-jonquiere","14":"product_cat-colombie-britannique","15":"product_cat-coquitlam","16":"product_cat-delta","17":"product_cat-drummondville","18":"product_cat-edmonton-et-environs","19":"product_cat-en-personne","20":"product_cat-hamilton","21":"product_cat-ile-du-prince-edouard","22":"product_cat-kelowna","23":"product_cat-kitchener","24":"product_cat-langley","25":"product_cat-laurentides","26":"product_cat-les-maritimes","27":"product_cat-lethbridge","28":"product_cat-london","29":"product_cat-manitoba-2","30":"product_cat-markham","31":"product_cat-mississauga","32":"product_cat-montreal","33":"product_cat-moose-jaw","34":"product_cat-nouveau-brunswick","35":"product_cat-nouvelle-ecosse","36":"product_cat-ontario-2","37":"product_cat-ottawa","38":"product_cat-performance","39":"product_cat-portage-la-prairie","40":"product_cat-prince-albert","41":"product_cat-quebec","42":"product_cat-reconnaissance","43":"product_cat-red-deer","44":"product_cat-regina","45":"product_cat-richmond","46":"product_cat-saanich","47":"product_cat-saint-jean-sur-richelieu","48":"product_cat-saint-jerome","49":"product_cat-saskatchewan","50":"product_cat-saskatoon","51":"product_cat-sherbrooke","52":"product_cat-st-albert","53":"product_cat-steinbach","54":"product_cat-surrey","55":"product_cat-swift-current","56":"product_cat-team-building-creatif-artistique-musical","57":"product_cat-thompson","58":"product_cat-toronto-gta","59":"product_cat-trois-rivieres","60":"product_cat-vancouver-et-gvr","61":"product_cat-vaughan","62":"product_cat-victoria","63":"product_cat-waterloo","64":"product_cat-windsor","65":"product_cat-winnipeg","66":"product_tag-en-personne","67":"pa_activity-type-creative","68":"pa_activity-type-culture-dentreprise","69":"pa_activity-type-divertissement","70":"pa_activity-type-ie-intelligence-emotionnelle","71":"pa_activity-type-reconnaissance-de-lequipe","72":"pa_play-type-team-fr","73":"pa_time-plus-de-2-heures","75":"first","76":"instock","77":"product-type-simple"},"acf":[],"yoast_head":"<!-- This site is optimized with the Yoast SEO Premium plugin v21.8 (Yoast SEO v27.3) - https:\/\/yoast.com\/product\/yoast-seo-premium-wordpress\/ -->\n<title>Cr\u00e9ez la chanson th\u00e8me de votre entreprise dans ce team building | Teambuilding MSP<\/title>\n<meta name=\"description\" content=\"Team building musical o\u00f9 vous \u00e9crivez, interpr\u00e9tez et enregistrez la chanson th\u00e8me de votre entreprise ! Partagez la vision, la mission et les valeurs de votre entreprise avec le monde !\" \/>\n<meta name=\"robots\" content=\"index, follow, max-snippet:-1, max-image-preview:large, max-video-preview:-1\" \/>\n<link rel=\"canonical\" href=\"https:\/\/mspteambuilding.ca\/produit\/musical-team-building-imagine-the-impossible\/\" \/>\n<meta property=\"og:locale\" content=\"fr_FR\" \/>\n<meta property=\"og:type\" content=\"article\" \/>\n<meta property=\"og:title\" content=\"Imaginez l&#039;impossible !\" \/>\n<meta property=\"og:description\" content=\"Team building musical o\u00f9 vous \u00e9crivez, interpr\u00e9tez et enregistrez la chanson th\u00e8me de votre entreprise ! Partagez la vision, la mission et les valeurs de votre entreprise avec le monde !\" \/>\n<meta property=\"og:url\" content=\"https:\/\/mspteambuilding.ca\/produit\/musical-team-building-imagine-the-impossible\/\" \/>\n<meta property=\"og:site_name\" content=\"MSP Teambuilding\" \/>\n<meta property=\"article:publisher\" content=\"https:\/\/www.facebook.com\/mspteambuilding\" \/>\n<meta property=\"article:modified_time\" content=\"2023-11-11T00:33:20+00:00\" \/>\n<meta property=\"og:image\" content=\"https:\/\/mspteambuilding.ca\/wp-content\/uploads\/2018\/04\/music-art-teambuilding-home.jpeg\" \/>\n\t<meta property=\"og:image:width\" content=\"1200\" \/>\n\t<meta property=\"og:image:height\" content=\"840\" \/>\n\t<meta property=\"og:image:type\" content=\"image\/jpeg\" \/>\n<meta name=\"twitter:card\" content=\"summary_large_image\" \/>\n<meta name=\"twitter:site\" content=\"@teambuildingmsp\" \/>\n<script type=\"application\/ld+json\" class=\"yoast-schema-graph\">{\"@context\":\"https:\\\/\\\/schema.org\",\"@graph\":[{\"@type\":\"WebPage\",\"@id\":\"https:\\\/\\\/mspteambuilding.ca\\\/produit\\\/musical-team-building-imagine-the-impossible\\\/\",\"url\":\"https:\\\/\\\/mspteambuilding.ca\\\/produit\\\/musical-team-building-imagine-the-impossible\\\/\",\"name\":\"Cr\u00e9ez la chanson th\u00e8me de votre entreprise dans ce team building | Teambuilding MSP\",\"isPartOf\":{\"@id\":\"https:\\\/\\\/mspteambuilding.ca\\\/#website\"},\"primaryImageOfPage\":{\"@id\":\"https:\\\/\\\/mspteambuilding.ca\\\/produit\\\/musical-team-building-imagine-the-impossible\\\/#primaryimage\"},\"image\":{\"@id\":\"https:\\\/\\\/mspteambuilding.ca\\\/produit\\\/musical-team-building-imagine-the-impossible\\\/#primaryimage\"},\"thumbnailUrl\":\"https:\\\/\\\/mspteambuilding.ca\\\/wp-content\\\/uploads\\\/2018\\\/04\\\/music-art-teambuilding-home.jpeg\",\"datePublished\":\"2017-03-06T01:08:59+00:00\",\"dateModified\":\"2023-11-11T00:33:20+00:00\",\"description\":\"Team building musical o\u00f9 vous \u00e9crivez, interpr\u00e9tez et enregistrez la chanson th\u00e8me de votre entreprise ! Partagez la vision, la mission et les valeurs de votre entreprise avec le monde !\",\"breadcrumb\":{\"@id\":\"https:\\\/\\\/mspteambuilding.ca\\\/produit\\\/musical-team-building-imagine-the-impossible\\\/#breadcrumb\"},\"inLanguage\":\"fr-FR\",\"potentialAction\":[{\"@type\":\"ReadAction\",\"target\":[\"https:\\\/\\\/mspteambuilding.ca\\\/produit\\\/musical-team-building-imagine-the-impossible\\\/\"]}]},{\"@type\":\"ImageObject\",\"inLanguage\":\"fr-FR\",\"@id\":\"https:\\\/\\\/mspteambuilding.ca\\\/produit\\\/musical-team-building-imagine-the-impossible\\\/#primaryimage\",\"url\":\"https:\\\/\\\/mspteambuilding.ca\\\/wp-content\\\/uploads\\\/2018\\\/04\\\/music-art-teambuilding-home.jpeg\",\"contentUrl\":\"https:\\\/\\\/mspteambuilding.ca\\\/wp-content\\\/uploads\\\/2018\\\/04\\\/music-art-teambuilding-home.jpeg\",\"width\":1200,\"height\":840,\"caption\":\"Imaginez l'impossible! team building musical par MSP teambuilding Cr\u00e9ez votre chanson th\u00e8me\"},{\"@type\":\"BreadcrumbList\",\"@id\":\"https:\\\/\\\/mspteambuilding.ca\\\/produit\\\/musical-team-building-imagine-the-impossible\\\/#breadcrumb\",\"itemListElement\":[{\"@type\":\"ListItem\",\"position\":1,\"name\":\"Home\",\"item\":\"https:\\\/\\\/mspteambuilding.ca\\\/fr\\\/\"},{\"@type\":\"ListItem\",\"position\":2,\"name\":\"Magasinez\",\"item\":\"https:\\\/\\\/mspteambuilding.ca\\\/team-building-activities\\\/\"},{\"@type\":\"ListItem\",\"position\":3,\"name\":\"Imaginez l&#8217;impossible !\"}]},{\"@type\":\"WebSite\",\"@id\":\"https:\\\/\\\/mspteambuilding.ca\\\/#website\",\"url\":\"https:\\\/\\\/mspteambuilding.ca\\\/\",\"name\":\"MSP Teambuilding\",\"description\":\"Transforming Company Culture, One Human Connection at a time.\",\"publisher\":{\"@id\":\"https:\\\/\\\/mspteambuilding.ca\\\/#organization\"},\"potentialAction\":[{\"@type\":\"SearchAction\",\"target\":{\"@type\":\"EntryPoint\",\"urlTemplate\":\"https:\\\/\\\/mspteambuilding.ca\\\/?s={search_term_string}\"},\"query-input\":{\"@type\":\"PropertyValueSpecification\",\"valueRequired\":true,\"valueName\":\"search_term_string\"}}],\"inLanguage\":\"fr-FR\"},{\"@type\":\"Organization\",\"@id\":\"https:\\\/\\\/mspteambuilding.ca\\\/#organization\",\"name\":\"MSP TeamBuilding\",\"url\":\"https:\\\/\\\/mspteambuilding.ca\\\/\",\"logo\":{\"@type\":\"ImageObject\",\"inLanguage\":\"fr-FR\",\"@id\":\"https:\\\/\\\/mspteambuilding.ca\\\/#\\\/schema\\\/logo\\\/image\\\/\",\"url\":\"https:\\\/\\\/mspteambuilding.ca\\\/wp-content\\\/uploads\\\/2019\\\/03\\\/cropped-mspteambuilding-favicon.png\",\"contentUrl\":\"https:\\\/\\\/mspteambuilding.ca\\\/wp-content\\\/uploads\\\/2019\\\/03\\\/cropped-mspteambuilding-favicon.png\",\"width\":512,\"height\":512,\"caption\":\"MSP TeamBuilding\"},\"image\":{\"@id\":\"https:\\\/\\\/mspteambuilding.ca\\\/#\\\/schema\\\/logo\\\/image\\\/\"},\"sameAs\":[\"https:\\\/\\\/www.facebook.com\\\/mspteambuilding\",\"https:\\\/\\\/x.com\\\/teambuildingmsp\",\"https:\\\/\\\/www.instagram.com\\\/mspteambuilding\\\/\",\"https:\\\/\\\/www.linkedin.com\\\/company\\\/msp-teambuilding\",\"https:\\\/\\\/www.youtube.com\\\/channel\\\/UCKzGwb2bi6TEYMFmEfboppg\\\/\"]}]}<\/script>\n<!-- \/ Yoast SEO Premium plugin. -->","yoast_head_json":{"title":"Cr\u00e9ez la chanson th\u00e8me de votre entreprise dans ce team building | Teambuilding MSP","description":"Team building musical o\u00f9 vous \u00e9crivez, interpr\u00e9tez et enregistrez la chanson th\u00e8me de votre entreprise ! Partagez la vision, la mission et les valeurs de votre entreprise avec le monde !","robots":{"index":"index","follow":"follow","max-snippet":"max-snippet:-1","max-image-preview":"max-image-preview:large","max-video-preview":"max-video-preview:-1"},"canonical":"https:\/\/mspteambuilding.ca\/produit\/musical-team-building-imagine-the-impossible\/","og_locale":"fr_FR","og_type":"article","og_title":"Imaginez l'impossible !","og_description":"Team building musical o\u00f9 vous \u00e9crivez, interpr\u00e9tez et enregistrez la chanson th\u00e8me de votre entreprise ! Partagez la vision, la mission et les valeurs de votre entreprise avec le monde !","og_url":"https:\/\/mspteambuilding.ca\/produit\/musical-team-building-imagine-the-impossible\/","og_site_name":"MSP Teambuilding","article_publisher":"https:\/\/www.facebook.com\/mspteambuilding","article_modified_time":"2023-11-11T00:33:20+00:00","og_image":[{"width":1200,"height":840,"url":"https:\/\/mspteambuilding.ca\/wp-content\/uploads\/2018\/04\/music-art-teambuilding-home.jpeg","type":"image\/jpeg"}],"twitter_card":"summary_large_image","twitter_site":"@teambuildingmsp","schema":{"@context":"https:\/\/schema.org","@graph":[{"@type":"WebPage","@id":"https:\/\/mspteambuilding.ca\/produit\/musical-team-building-imagine-the-impossible\/","url":"https:\/\/mspteambuilding.ca\/produit\/musical-team-building-imagine-the-impossible\/","name":"Cr\u00e9ez la chanson th\u00e8me de votre entreprise dans ce team building | Teambuilding MSP","isPartOf":{"@id":"https:\/\/mspteambuilding.ca\/#website"},"primaryImageOfPage":{"@id":"https:\/\/mspteambuilding.ca\/produit\/musical-team-building-imagine-the-impossible\/#primaryimage"},"image":{"@id":"https:\/\/mspteambuilding.ca\/produit\/musical-team-building-imagine-the-impossible\/#primaryimage"},"thumbnailUrl":"https:\/\/mspteambuilding.ca\/wp-content\/uploads\/2018\/04\/music-art-teambuilding-home.jpeg","datePublished":"2017-03-06T01:08:59+00:00","dateModified":"2023-11-11T00:33:20+00:00","description":"Team building musical o\u00f9 vous \u00e9crivez, interpr\u00e9tez et enregistrez la chanson th\u00e8me de votre entreprise ! Partagez la vision, la mission et les valeurs de votre entreprise avec le monde !","breadcrumb":{"@id":"https:\/\/mspteambuilding.ca\/produit\/musical-team-building-imagine-the-impossible\/#breadcrumb"},"inLanguage":"fr-FR","potentialAction":[{"@type":"ReadAction","target":["https:\/\/mspteambuilding.ca\/produit\/musical-team-building-imagine-the-impossible\/"]}]},{"@type":"ImageObject","inLanguage":"fr-FR","@id":"https:\/\/mspteambuilding.ca\/produit\/musical-team-building-imagine-the-impossible\/#primaryimage","url":"https:\/\/mspteambuilding.ca\/wp-content\/uploads\/2018\/04\/music-art-teambuilding-home.jpeg","contentUrl":"https:\/\/mspteambuilding.ca\/wp-content\/uploads\/2018\/04\/music-art-teambuilding-home.jpeg","width":1200,"height":840,"caption":"Imaginez l'impossible! team building musical par MSP teambuilding Cr\u00e9ez votre chanson th\u00e8me"},{"@type":"BreadcrumbList","@id":"https:\/\/mspteambuilding.ca\/produit\/musical-team-building-imagine-the-impossible\/#breadcrumb","itemListElement":[{"@type":"ListItem","position":1,"name":"Home","item":"https:\/\/mspteambuilding.ca\/fr\/"},{"@type":"ListItem","position":2,"name":"Magasinez","item":"https:\/\/mspteambuilding.ca\/team-building-activities\/"},{"@type":"ListItem","position":3,"name":"Imaginez l&#8217;impossible !"}]},{"@type":"WebSite","@id":"https:\/\/mspteambuilding.ca\/#website","url":"https:\/\/mspteambuilding.ca\/","name":"MSP Teambuilding","description":"Transforming Company Culture, One Human Connection at a time.","publisher":{"@id":"https:\/\/mspteambuilding.ca\/#organization"},"potentialAction":[{"@type":"SearchAction","target":{"@type":"EntryPoint","urlTemplate":"https:\/\/mspteambuilding.ca\/?s={search_term_string}"},"query-input":{"@type":"PropertyValueSpecification","valueRequired":true,"valueName":"search_term_string"}}],"inLanguage":"fr-FR"},{"@type":"Organization","@id":"https:\/\/mspteambuilding.ca\/#organization","name":"MSP TeamBuilding","url":"https:\/\/mspteambuilding.ca\/","logo":{"@type":"ImageObject","inLanguage":"fr-FR","@id":"https:\/\/mspteambuilding.ca\/#\/schema\/logo\/image\/","url":"https:\/\/mspteambuilding.ca\/wp-content\/uploads\/2019\/03\/cropped-mspteambuilding-favicon.png","contentUrl":"https:\/\/mspteambuilding.ca\/wp-content\/uploads\/2019\/03\/cropped-mspteambuilding-favicon.png","width":512,"height":512,"caption":"MSP TeamBuilding"},"image":{"@id":"https:\/\/mspteambuilding.ca\/#\/schema\/logo\/image\/"},"sameAs":["https:\/\/www.facebook.com\/mspteambuilding","https:\/\/x.com\/teambuildingmsp","https:\/\/www.instagram.com\/mspteambuilding\/","https:\/\/www.linkedin.com\/company\/msp-teambuilding","https:\/\/www.youtube.com\/channel\/UCKzGwb2bi6TEYMFmEfboppg\/"]}]}},"_links":{"self":[{"href":"https:\/\/mspteambuilding.ca\/fr\/wp-json\/wp\/v2\/product\/6665","targetHints":{"allow":["GET"]}}],"collection":[{"href":"https:\/\/mspteambuilding.ca\/fr\/wp-json\/wp\/v2\/product"}],"about":[{"href":"https:\/\/mspteambuilding.ca\/fr\/wp-json\/wp\/v2\/types\/product"}],"replies":[{"embeddable":true,"href":"https:\/\/mspteambuilding.ca\/fr\/wp-json\/wp\/v2\/comments?post=6665"}],"wp:featuredmedia":[{"embeddable":true,"href":"https:\/\/mspteambuilding.ca\/fr\/wp-json\/wp\/v2\/media\/8919"}],"wp:attachment":[{"href":"https:\/\/mspteambuilding.ca\/fr\/wp-json\/wp\/v2\/media?parent=6665"}],"wp:term":[{"taxonomy":"product_brand","embeddable":true,"href":"https:\/\/mspteambuilding.ca\/fr\/wp-json\/wp\/v2\/product_brand?post=6665"},{"taxonomy":"product_cat","embeddable":true,"href":"https:\/\/mspteambuilding.ca\/fr\/wp-json\/wp\/v2\/product_cat?post=6665"},{"taxonomy":"product_tag","embeddable":true,"href":"https:\/\/mspteambuilding.ca\/fr\/wp-json\/wp\/v2\/product_tag?post=6665"}],"curies":[{"name":"wp","href":"https:\/\/api.w.org\/{rel}","templated":true}]}}