{"id":6667,"date":"2017-03-06T01:05:59","date_gmt":"2017-03-06T01:05:59","guid":{"rendered":"https:\/\/wordpresscreatives.com\/sites\/msp\/product\/songwriting-musical-team-building\/"},"modified":"2025-12-22T21:52:26","modified_gmt":"2025-12-22T21:52:26","slug":"faisons-rimer-innovation","status":"publish","type":"product","link":"https:\/\/mspteambuilding.ca\/fr\/produit\/faisons-rimer-innovation\/","title":{"rendered":"Faisons Rimer Innovation"},"content":{"rendered":"<p>Renforcer la cr\u00e9ativit\u00e9 et l&#8217;unicit\u00e9. R\u00e9\u00e9crire des chansons, amplifier le travail d&#8217;\u00e9quipe. Un team building musical amusant pour une collaboration dynamique.<\/p>\n","protected":false},"excerpt":{"rendered":"<p>[edgtf_separator class_name=\"\" type=\"normal\" position=\"left\" color=\"\" border_style=\"solid\" width=\"200px\" thickness=\"\" top_margin=\"20px\" bottom_margin=\"0px\"]<br \/>\n[edgtf_custom_font content_custom_font=\"DURATION: 1h30-2 hours\" custom_font_tag=\"h5\" font_family=\"\" font_size=\"16\" line_height=\"0px\" font_style=\"normal\" text_align=\"left\" font_weight=\"700\" color=\"\" text_decoration=\"none\" letter_spacing=\"\"]<br \/>\n[edgtf_separator class_name=\"\" type=\"normal\" position=\"left\" color=\"\" border_style=\"solid\" width=\"200px\" thickness=\"\" top_margin=\"0px\" bottom_margin=\"30px\"]<\/p>\n[embed]https:\/\/www.youtube.com\/watch?v=Adkmahje3Tg&amp;list=PLeHVhQ1FDtWiAIlvuU8O3_kkOWFs4df15&amp;index=12&amp;pp=iAQB&amp;ab_channel=MSPTeambuilding[\/embed]\n[embed]https:\/\/youtu.be\/4yY3uSst25o?si=TSG2YEoO24myILHy[\/embed]\n<p><strong>Que ce soit des Beatles <em>(version modifi\u00e9e comme &#8216;Let it ring&#8217;)<\/em><\/strong><\/p>\n<h5><strong>Un Team Building musical qui booste la cr\u00e9ativit\u00e9 de votre \u00e9quipe<\/strong><\/h5>\n<p><strong>Id\u00e9al pour :<\/strong><\/p>\n<ul>\n<li>Valeurs de l&#8217;entreprise<\/li>\n<li>La collaboration<\/li>\n<li>D\u00e9velopper ses comp\u00e9tences communicationnelles<\/li>\n<\/ul>\n<p><strong><em><span style=\"vertical-align: inherit;\">Faire Rimer Innovation<\/span><\/em><\/strong><span style=\"vertical-align: inherit;\"> L&#8217;activit\u00e9 de Team Building est sp\u00e9cialement con\u00e7ue pour aider les gens \u00e0 r\u00e9aliser qu&#8217;ils peuvent accomplir des choses qu&#8217;ils croyaient ne pouvoir pas faire. C&#8217;est un excellent moyen de mettre en pratique les comp\u00e9tences d&#8217;\u00e9coute de l&#8217;\u00e9quipe, la capacit\u00e9 \u00e0 se concentrer sur les points forts de chacun afin de produire la version parfaite de la chanson repr\u00e9sentant les valeurs, l&#8217;\u00e9nergie et le style de l&#8217;\u00e9quipe. Ce programme rassemble les coll\u00e8gues tout en injectant de la passion, de la confiance et du plaisir sur le lieu de travail. Et surtout, AUCUN TALENT N&#8217;EST N\u00c9CESSAIRE !<\/span><\/p>\n<p>Le <strong><em>Faisons Rimer Innovation<\/em><\/strong> est un team building musical amusant qui met votre \u00e9quipe au d\u00e9fi de r\u00e9\u00e9crire les paroles d&#8217;une chanson populaire de votre choix. Un excellent moyen de cr\u00e9er des liens et de stimuler la cr\u00e9ativit\u00e9 de l&#8217;\u00e9quipe.<\/p>\n<p><a href=\"mailto:info@mspteambuilding.ca?subject=REQUEST:%20Innovation%20that%20rhymes%20-%20Program%20Details&amp;body=I%20would%20like%20to%20request%20a%20copy%20of%20this%20program%20detailed%20description.%20Thank%20you.\"><strong>CLIQUEZ ICI POUR DEMANDER LA DESCRIPTION D\u00c9TAILL\u00c9E DU PROGRAMME ET LA PARTAGER AVEC VOTRE \u00c9QUIPE<\/strong><\/a><\/p>\n<p><em style=\"font-weight: bold;\"><span style=\"vertical-align: inherit;\">Faisons Rimer Innovation <\/span><\/em><b><span style=\"vertical-align: inherit;\">Le programme Team Building offre de nombreuses options. Nous accueillons diff\u00e9rentes tailles de groupe et personnalisons le forfait en fonction de vos besoins. <\/span><\/b><\/p>\n<h5><strong><span style=\"vertical-align: inherit;\">CE QUI EST INCLUS<\/span><\/strong><\/h5>\n<ul>\n<li><span style=\"vertical-align: inherit;\">Coaching vocal et \u00e9chauffement<\/span><\/li>\n<li><span style=\"vertical-align: inherit;\">R\u00e9\u00e9criture des paroles d&#8217;une chanson populaire assist\u00e9e par notre auteur-compositeur-interpr\u00e8te musical<\/span><\/li>\n<li><span style=\"vertical-align: inherit;\">Enregistrement en studio de la chanson choisie, avec votre \u00e9quipe chantant les paroles modifi\u00e9es sur une piste musicale. Votre \u00e9quipe produira sa propre version de la piste vocale car elle est coach\u00e9e par notre chanteur\/animateur musical.<\/span><\/li>\n<li><span style=\"vertical-align: inherit;\">\u00c9quipe renomm\u00e9e d&#8217;animateurs musicaux professionnels, d&#8217;auteurs-compositeurs-interpr\u00e8tes et de musiciens. Le programme comprend un minimum de 2 animateurs : animateur\/chanteur et ing\u00e9nieur de studio<\/span><\/li>\n<li><span style=\"vertical-align: inherit;\">Mix final de la chanson<\/span><\/li>\n<li><span style=\"vertical-align: inherit;\">Lien en ligne s\u00e9curis\u00e9 pour t\u00e9l\u00e9charger le mix de chansons \u00e0 partager avec votre \u00e9quipe.<\/span><\/li>\n<\/ul>\n<h5><strong><span style=\"vertical-align: inherit;\">ESPACE EXIG\u00c9<\/span><\/strong><\/h5>\n<p><span style=\"vertical-align: inherit;\">Une salle o\u00f9 les participants peuvent \u00eatre assis en groupes, en demi-cercle ou en salle de th\u00e9\u00e2tre. Un espace devant la salle n\u00e9cessaire \u00e0 l&#8217;installation du studio et des microphones (10&#8242; x 5&#8242;). N&#8217;oubliez pas que nous vous enregistrerons en direct, les lieux bruyants ne sont donc pas recommand\u00e9s. Une salle de conf\u00e9rence ou un espace lou\u00e9 constitue un lieu id\u00e9al pour ce programme. Nous offrons la possibilit\u00e9 de r\u00e9aliser cette activit\u00e9 dans un v\u00e9ritable studio d&#8217;enregistrement. Assurez-vous de nous en parler lorsque vous nous contactez!<\/span><\/p>\n<p><strong>PERSONNALISABLE<\/strong><br \/>\nBeaucoup d&#8217;options pour ce programme. Envie d&#8217;une s\u00e9ance photo tapis rouge avec accessoires ? Nous avons \u00e7a. Envie de faire l&#8217;activit\u00e9 dans un vrai enregistrement, on a \u00e7a aussi ! Que diriez-vous d&#8217;une chor\u00e9graphie pour votre \u00e9quipe ou d&#8217;un clip ? Cela pourrait \u00eatre le d\u00e9but de quelque chose de grand.<\/p>\n<p><strong>D\u00c9TAILS TECHNIQUES<br \/>\n<\/strong>Pour plus d&#8217;informations sur ce qui est inclus dans le programme et les besoins en espace, veuillez faire d\u00e9filer jusqu&#8217;\u00e0 l&#8217;onglet de description ci-dessous.<\/p>\n<h5>[edgtf_custom_font content_custom_font=\"REQUEST A PRICE QUOTE\" custom_font_tag=\"h5\" font_family=\"\" font_size=\"20\" line_height=\"0px\" font_style=\"normal\" text_align=\"left\" font_weight=\"700\" color=\"\" text_decoration=\"none\" letter_spacing=\"\"]<br \/>\n<em style=\"font-weight: bold;\">Faisons Rimer Innovation<\/em><b> Le programme Team Building offre de nombreuses options. Nous accueillons diff\u00e9rentes tailles de groupe et personnalisations le forfait en fonction de vos besoins. <\/b><\/h5>\n[edgtf_button size=\"huge\" type=\"\" text=\"R\u00e9servez un appel maintenant\" custom_class=\"\" icon_pack=\"font_awesome\" fa_icon=\"\" link=\"https:\/\/mspteambuilding.ca\/team-building-activities\/\" target=\"_blank\" color=\"\" hover_color=\"\" background_color=\"\" hover_background_color=\"\" border_color=\"\" hover_border_color=\"\" font_size=\"\" font_weight=\"\" margin=\"\"]\n","protected":false},"featured_media":17912,"comment_status":"open","ping_status":"closed","template":"","meta":{"_acf_changed":false},"product_brand":[],"product_cat":[1474,1444,1509,1551,1470,1527,1525,1494,1445,1482,1476,208,1501,1529,1426,206,1511,1459,1466,1519,1478,1488,1446,1536,1513,1451,1515,1507,1484,1546,1455,1456,1449,1505,1554,1543,1448,1531,1540,1472,1480,1496,1499,1542,1538,1490,1534,1552,1468,1548,172,1553,1503,1492,1462,1517,1464,1523,1521,1550],"product_tag":[1601,1600],"class_list":{"0":"post-6667","1":"product","2":"type-product","3":"status-publish","4":"has-post-thumbnail","6":"product_cat-abbotsford","7":"product_cat-alberta","8":"product_cat-brampton","9":"product_cat-brandon","10":"product_cat-burnaby","11":"product_cat-calgary-et-environs","12":"product_cat-cambridge","13":"product_cat-chicoutimi-jonquiere","14":"product_cat-colombie-britannique","15":"product_cat-coquitlam","16":"product_cat-delta","17":"product_cat-divertissement","18":"product_cat-drummondville","19":"product_cat-edmonton-et-environs","20":"product_cat-en-personne","21":"product_cat-engagement","22":"product_cat-hamilton","23":"product_cat-ile-du-prince-edouard","24":"product_cat-kelowna","25":"product_cat-kitchener","26":"product_cat-langley","27":"product_cat-laurentides","28":"product_cat-les-maritimes","29":"product_cat-lethbridge","30":"product_cat-london","31":"product_cat-manitoba-2","32":"product_cat-markham","33":"product_cat-mississauga","34":"product_cat-montreal","35":"product_cat-moose-jaw","36":"product_cat-nouveau-brunswick","37":"product_cat-nouvelle-ecosse","38":"product_cat-ontario-2","39":"product_cat-ottawa","40":"product_cat-portage-la-prairie","41":"product_cat-prince-albert","42":"product_cat-quebec","43":"product_cat-red-deer","44":"product_cat-regina","45":"product_cat-richmond","46":"product_cat-saanich","47":"product_cat-saint-jean-sur-richelieu","48":"product_cat-saint-jerome","49":"product_cat-saskatchewan","50":"product_cat-saskatoon","51":"product_cat-sherbrooke","52":"product_cat-st-albert","53":"product_cat-steinbach","54":"product_cat-surrey","55":"product_cat-swift-current","56":"product_cat-team-building-creatif-artistique-musical","57":"product_cat-thompson","58":"product_cat-toronto-gta","59":"product_cat-trois-rivieres","60":"product_cat-vancouver-et-gvr","61":"product_cat-vaughan","62":"product_cat-victoria","63":"product_cat-waterloo","64":"product_cat-windsor","65":"product_cat-winnipeg","66":"product_tag-en-personne","67":"product_tag-virtual-fr","68":"pa_activity-type-creative","69":"pa_activity-type-culture-dentreprise","70":"pa_activity-type-divertissement","71":"pa_activity-type-ie-intelligence-emotionnelle","72":"pa_activity-type-reconnaissance-de-lequipe","73":"pa_activity-type-responsabilite-sociale-des-entreprises","74":"pa_play-type-team-fr","75":"pa_time-1-2hrs","77":"first","78":"instock","79":"product-type-simple"},"acf":[],"yoast_head":"<!-- This site is optimized with the Yoast SEO Premium plugin v21.8 (Yoast SEO v27.3) - https:\/\/yoast.com\/product\/yoast-seo-premium-wordpress\/ -->\n<title>Un team building musical dont tout le monde se souviendra | Teambuilding MSP<\/title>\n<meta name=\"description\" content=\"L&#039;innovation qui rime est un team building musical o\u00f9 vous r\u00e9\u00e9crivez les paroles d&#039;une chanson connue selon les valeurs de votre entreprise ! En savoir plus ici.\" \/>\n<meta name=\"robots\" content=\"index, follow, max-snippet:-1, max-image-preview:large, max-video-preview:-1\" \/>\n<link rel=\"canonical\" href=\"https:\/\/mspteambuilding.ca\/fr\/produit\/faisons-rimer-innovation\/\" \/>\n<meta property=\"og:locale\" content=\"fr_FR\" \/>\n<meta property=\"og:type\" content=\"article\" \/>\n<meta property=\"og:title\" content=\"Faisons Rimer Innovation\" \/>\n<meta property=\"og:description\" content=\"L&#039;innovation qui rime est un team building musical o\u00f9 vous r\u00e9\u00e9crivez les paroles d&#039;une chanson connue selon les valeurs de votre entreprise ! En savoir plus ici.\" \/>\n<meta property=\"og:url\" content=\"https:\/\/mspteambuilding.ca\/fr\/produit\/faisons-rimer-innovation\/\" \/>\n<meta property=\"og:site_name\" content=\"MSP Teambuilding\" \/>\n<meta property=\"article:publisher\" content=\"https:\/\/www.facebook.com\/mspteambuilding\" \/>\n<meta property=\"article:modified_time\" content=\"2025-12-22T21:52:26+00:00\" \/>\n<meta property=\"og:image\" content=\"https:\/\/mspteambuilding.ca\/wp-content\/uploads\/2023\/09\/EMBA-28-1-scaled.jpg\" \/>\n\t<meta property=\"og:image:width\" content=\"2560\" \/>\n\t<meta property=\"og:image:height\" content=\"1707\" \/>\n\t<meta property=\"og:image:type\" content=\"image\/jpeg\" \/>\n<meta name=\"twitter:card\" content=\"summary_large_image\" \/>\n<meta name=\"twitter:site\" content=\"@teambuildingmsp\" \/>\n<meta name=\"twitter:label1\" content=\"Dur\u00e9e de lecture estim\u00e9e\" \/>\n\t<meta name=\"twitter:data1\" content=\"1 minute\" \/>\n<script type=\"application\/ld+json\" class=\"yoast-schema-graph\">{\"@context\":\"https:\\\/\\\/schema.org\",\"@graph\":[{\"@type\":\"WebPage\",\"@id\":\"https:\\\/\\\/mspteambuilding.ca\\\/fr\\\/produit\\\/faisons-rimer-innovation\\\/\",\"url\":\"https:\\\/\\\/mspteambuilding.ca\\\/fr\\\/produit\\\/faisons-rimer-innovation\\\/\",\"name\":\"Un team building musical dont tout le monde se souviendra | Teambuilding MSP\",\"isPartOf\":{\"@id\":\"https:\\\/\\\/mspteambuilding.ca\\\/#website\"},\"primaryImageOfPage\":{\"@id\":\"https:\\\/\\\/mspteambuilding.ca\\\/fr\\\/produit\\\/faisons-rimer-innovation\\\/#primaryimage\"},\"image\":{\"@id\":\"https:\\\/\\\/mspteambuilding.ca\\\/fr\\\/produit\\\/faisons-rimer-innovation\\\/#primaryimage\"},\"thumbnailUrl\":\"https:\\\/\\\/mspteambuilding.ca\\\/wp-content\\\/uploads\\\/2023\\\/09\\\/EMBA-28-1-scaled.jpg\",\"datePublished\":\"2017-03-06T01:05:59+00:00\",\"dateModified\":\"2025-12-22T21:52:26+00:00\",\"description\":\"L'innovation qui rime est un team building musical o\u00f9 vous r\u00e9\u00e9crivez les paroles d'une chanson connue selon les valeurs de votre entreprise ! En savoir plus ici.\",\"breadcrumb\":{\"@id\":\"https:\\\/\\\/mspteambuilding.ca\\\/fr\\\/produit\\\/faisons-rimer-innovation\\\/#breadcrumb\"},\"inLanguage\":\"fr-FR\",\"potentialAction\":[{\"@type\":\"ReadAction\",\"target\":[\"https:\\\/\\\/mspteambuilding.ca\\\/fr\\\/produit\\\/faisons-rimer-innovation\\\/\"]}]},{\"@type\":\"ImageObject\",\"inLanguage\":\"fr-FR\",\"@id\":\"https:\\\/\\\/mspteambuilding.ca\\\/fr\\\/produit\\\/faisons-rimer-innovation\\\/#primaryimage\",\"url\":\"https:\\\/\\\/mspteambuilding.ca\\\/wp-content\\\/uploads\\\/2023\\\/09\\\/EMBA-28-1-scaled.jpg\",\"contentUrl\":\"https:\\\/\\\/mspteambuilding.ca\\\/wp-content\\\/uploads\\\/2023\\\/09\\\/EMBA-28-1-scaled.jpg\",\"width\":2560,\"height\":1707,\"caption\":\"Group of diverse people in a studio space singing together\"},{\"@type\":\"BreadcrumbList\",\"@id\":\"https:\\\/\\\/mspteambuilding.ca\\\/fr\\\/produit\\\/faisons-rimer-innovation\\\/#breadcrumb\",\"itemListElement\":[{\"@type\":\"ListItem\",\"position\":1,\"name\":\"Home\",\"item\":\"https:\\\/\\\/mspteambuilding.ca\\\/fr\\\/\"},{\"@type\":\"ListItem\",\"position\":2,\"name\":\"Magasinez\",\"item\":\"https:\\\/\\\/mspteambuilding.ca\\\/team-building-activities\\\/\"},{\"@type\":\"ListItem\",\"position\":3,\"name\":\"Faisons Rimer Innovation\"}]},{\"@type\":\"WebSite\",\"@id\":\"https:\\\/\\\/mspteambuilding.ca\\\/#website\",\"url\":\"https:\\\/\\\/mspteambuilding.ca\\\/\",\"name\":\"MSP Teambuilding\",\"description\":\"Transforming Company Culture, One Human Connection at a time.\",\"publisher\":{\"@id\":\"https:\\\/\\\/mspteambuilding.ca\\\/#organization\"},\"potentialAction\":[{\"@type\":\"SearchAction\",\"target\":{\"@type\":\"EntryPoint\",\"urlTemplate\":\"https:\\\/\\\/mspteambuilding.ca\\\/?s={search_term_string}\"},\"query-input\":{\"@type\":\"PropertyValueSpecification\",\"valueRequired\":true,\"valueName\":\"search_term_string\"}}],\"inLanguage\":\"fr-FR\"},{\"@type\":\"Organization\",\"@id\":\"https:\\\/\\\/mspteambuilding.ca\\\/#organization\",\"name\":\"MSP TeamBuilding\",\"url\":\"https:\\\/\\\/mspteambuilding.ca\\\/\",\"logo\":{\"@type\":\"ImageObject\",\"inLanguage\":\"fr-FR\",\"@id\":\"https:\\\/\\\/mspteambuilding.ca\\\/#\\\/schema\\\/logo\\\/image\\\/\",\"url\":\"https:\\\/\\\/mspteambuilding.ca\\\/wp-content\\\/uploads\\\/2019\\\/03\\\/cropped-mspteambuilding-favicon.png\",\"contentUrl\":\"https:\\\/\\\/mspteambuilding.ca\\\/wp-content\\\/uploads\\\/2019\\\/03\\\/cropped-mspteambuilding-favicon.png\",\"width\":512,\"height\":512,\"caption\":\"MSP TeamBuilding\"},\"image\":{\"@id\":\"https:\\\/\\\/mspteambuilding.ca\\\/#\\\/schema\\\/logo\\\/image\\\/\"},\"sameAs\":[\"https:\\\/\\\/www.facebook.com\\\/mspteambuilding\",\"https:\\\/\\\/x.com\\\/teambuildingmsp\",\"https:\\\/\\\/www.instagram.com\\\/mspteambuilding\\\/\",\"https:\\\/\\\/www.linkedin.com\\\/company\\\/msp-teambuilding\",\"https:\\\/\\\/www.youtube.com\\\/channel\\\/UCKzGwb2bi6TEYMFmEfboppg\\\/\"]}]}<\/script>\n<!-- \/ Yoast SEO Premium plugin. -->","yoast_head_json":{"title":"Un team building musical dont tout le monde se souviendra | Teambuilding MSP","description":"L'innovation qui rime est un team building musical o\u00f9 vous r\u00e9\u00e9crivez les paroles d'une chanson connue selon les valeurs de votre entreprise ! En savoir plus ici.","robots":{"index":"index","follow":"follow","max-snippet":"max-snippet:-1","max-image-preview":"max-image-preview:large","max-video-preview":"max-video-preview:-1"},"canonical":"https:\/\/mspteambuilding.ca\/fr\/produit\/faisons-rimer-innovation\/","og_locale":"fr_FR","og_type":"article","og_title":"Faisons Rimer Innovation","og_description":"L'innovation qui rime est un team building musical o\u00f9 vous r\u00e9\u00e9crivez les paroles d'une chanson connue selon les valeurs de votre entreprise ! En savoir plus ici.","og_url":"https:\/\/mspteambuilding.ca\/fr\/produit\/faisons-rimer-innovation\/","og_site_name":"MSP Teambuilding","article_publisher":"https:\/\/www.facebook.com\/mspteambuilding","article_modified_time":"2025-12-22T21:52:26+00:00","og_image":[{"width":2560,"height":1707,"url":"https:\/\/mspteambuilding.ca\/wp-content\/uploads\/2023\/09\/EMBA-28-1-scaled.jpg","type":"image\/jpeg"}],"twitter_card":"summary_large_image","twitter_site":"@teambuildingmsp","twitter_misc":{"Dur\u00e9e de lecture estim\u00e9e":"1 minute"},"schema":{"@context":"https:\/\/schema.org","@graph":[{"@type":"WebPage","@id":"https:\/\/mspteambuilding.ca\/fr\/produit\/faisons-rimer-innovation\/","url":"https:\/\/mspteambuilding.ca\/fr\/produit\/faisons-rimer-innovation\/","name":"Un team building musical dont tout le monde se souviendra | Teambuilding MSP","isPartOf":{"@id":"https:\/\/mspteambuilding.ca\/#website"},"primaryImageOfPage":{"@id":"https:\/\/mspteambuilding.ca\/fr\/produit\/faisons-rimer-innovation\/#primaryimage"},"image":{"@id":"https:\/\/mspteambuilding.ca\/fr\/produit\/faisons-rimer-innovation\/#primaryimage"},"thumbnailUrl":"https:\/\/mspteambuilding.ca\/wp-content\/uploads\/2023\/09\/EMBA-28-1-scaled.jpg","datePublished":"2017-03-06T01:05:59+00:00","dateModified":"2025-12-22T21:52:26+00:00","description":"L'innovation qui rime est un team building musical o\u00f9 vous r\u00e9\u00e9crivez les paroles d'une chanson connue selon les valeurs de votre entreprise ! En savoir plus ici.","breadcrumb":{"@id":"https:\/\/mspteambuilding.ca\/fr\/produit\/faisons-rimer-innovation\/#breadcrumb"},"inLanguage":"fr-FR","potentialAction":[{"@type":"ReadAction","target":["https:\/\/mspteambuilding.ca\/fr\/produit\/faisons-rimer-innovation\/"]}]},{"@type":"ImageObject","inLanguage":"fr-FR","@id":"https:\/\/mspteambuilding.ca\/fr\/produit\/faisons-rimer-innovation\/#primaryimage","url":"https:\/\/mspteambuilding.ca\/wp-content\/uploads\/2023\/09\/EMBA-28-1-scaled.jpg","contentUrl":"https:\/\/mspteambuilding.ca\/wp-content\/uploads\/2023\/09\/EMBA-28-1-scaled.jpg","width":2560,"height":1707,"caption":"Group of diverse people in a studio space singing together"},{"@type":"BreadcrumbList","@id":"https:\/\/mspteambuilding.ca\/fr\/produit\/faisons-rimer-innovation\/#breadcrumb","itemListElement":[{"@type":"ListItem","position":1,"name":"Home","item":"https:\/\/mspteambuilding.ca\/fr\/"},{"@type":"ListItem","position":2,"name":"Magasinez","item":"https:\/\/mspteambuilding.ca\/team-building-activities\/"},{"@type":"ListItem","position":3,"name":"Faisons Rimer Innovation"}]},{"@type":"WebSite","@id":"https:\/\/mspteambuilding.ca\/#website","url":"https:\/\/mspteambuilding.ca\/","name":"MSP Teambuilding","description":"Transforming Company Culture, One Human Connection at a time.","publisher":{"@id":"https:\/\/mspteambuilding.ca\/#organization"},"potentialAction":[{"@type":"SearchAction","target":{"@type":"EntryPoint","urlTemplate":"https:\/\/mspteambuilding.ca\/?s={search_term_string}"},"query-input":{"@type":"PropertyValueSpecification","valueRequired":true,"valueName":"search_term_string"}}],"inLanguage":"fr-FR"},{"@type":"Organization","@id":"https:\/\/mspteambuilding.ca\/#organization","name":"MSP TeamBuilding","url":"https:\/\/mspteambuilding.ca\/","logo":{"@type":"ImageObject","inLanguage":"fr-FR","@id":"https:\/\/mspteambuilding.ca\/#\/schema\/logo\/image\/","url":"https:\/\/mspteambuilding.ca\/wp-content\/uploads\/2019\/03\/cropped-mspteambuilding-favicon.png","contentUrl":"https:\/\/mspteambuilding.ca\/wp-content\/uploads\/2019\/03\/cropped-mspteambuilding-favicon.png","width":512,"height":512,"caption":"MSP TeamBuilding"},"image":{"@id":"https:\/\/mspteambuilding.ca\/#\/schema\/logo\/image\/"},"sameAs":["https:\/\/www.facebook.com\/mspteambuilding","https:\/\/x.com\/teambuildingmsp","https:\/\/www.instagram.com\/mspteambuilding\/","https:\/\/www.linkedin.com\/company\/msp-teambuilding","https:\/\/www.youtube.com\/channel\/UCKzGwb2bi6TEYMFmEfboppg\/"]}]}},"_links":{"self":[{"href":"https:\/\/mspteambuilding.ca\/fr\/wp-json\/wp\/v2\/product\/6667","targetHints":{"allow":["GET"]}}],"collection":[{"href":"https:\/\/mspteambuilding.ca\/fr\/wp-json\/wp\/v2\/product"}],"about":[{"href":"https:\/\/mspteambuilding.ca\/fr\/wp-json\/wp\/v2\/types\/product"}],"replies":[{"embeddable":true,"href":"https:\/\/mspteambuilding.ca\/fr\/wp-json\/wp\/v2\/comments?post=6667"}],"wp:featuredmedia":[{"embeddable":true,"href":"https:\/\/mspteambuilding.ca\/fr\/wp-json\/wp\/v2\/media\/17912"}],"wp:attachment":[{"href":"https:\/\/mspteambuilding.ca\/fr\/wp-json\/wp\/v2\/media?parent=6667"}],"wp:term":[{"taxonomy":"product_brand","embeddable":true,"href":"https:\/\/mspteambuilding.ca\/fr\/wp-json\/wp\/v2\/product_brand?post=6667"},{"taxonomy":"product_cat","embeddable":true,"href":"https:\/\/mspteambuilding.ca\/fr\/wp-json\/wp\/v2\/product_cat?post=6667"},{"taxonomy":"product_tag","embeddable":true,"href":"https:\/\/mspteambuilding.ca\/fr\/wp-json\/wp\/v2\/product_tag?post=6667"}],"curies":[{"name":"wp","href":"https:\/\/api.w.org\/{rel}","templated":true}]}}