{"id":6668,"date":"2017-03-05T20:26:04","date_gmt":"2017-03-05T20:26:04","guid":{"rendered":"https:\/\/wordpresscreatives.com\/sites\/msp\/product\/musical-team-building-sing-along\/"},"modified":"2023-03-06T04:50:41","modified_gmt":"2023-03-06T04:50:41","slug":"musical-team-building-together-as-one","status":"publish","type":"product","link":"https:\/\/mspteambuilding.ca\/fr\/produit\/musical-team-building-together-as-one\/","title":{"rendered":"Tous ensemble"},"content":{"rendered":"<p><strong><em><span style=\"vertical-align: inherit;\"><span style=\"vertical-align: inherit;\">Tous ensemble<\/span><\/span><\/em><span style=\"vertical-align: inherit;\"><span style=\"vertical-align: inherit;\"> Le Team Building offre de nombreuses options. <\/span> <span style=\"vertical-align: inherit;\">Nous accueillons diff\u00e9rentes tailles de groupe et personnaliserons le forfait en fonction de vos besoins. <\/span><\/span> <\/strong><\/p>\n<h5><strong><span style=\"vertical-align: inherit;\"><span style=\"vertical-align: inherit;\">CE QUI EST INCLUS<\/span><\/span><\/strong><\/h5>\n<ul>\n<li><span style=\"vertical-align: inherit;\"><span style=\"vertical-align: inherit;\">Coaching vocal et \u00e9chauffement<\/span><\/span><\/li>\n<li><span style=\"vertical-align: inherit;\"><span style=\"vertical-align: inherit;\">Enregistrement en studio d&#8217;une chanson mettant en vedette votre \u00e9quipe chantant sur une piste musicale. <\/span><span style=\"vertical-align: inherit;\">Votre \u00e9quipe produira sa propre version de la piste vocale car elle est coach\u00e9e par notre chanteur\/animateur musical.<\/span><\/span><\/li>\n<li><span style=\"vertical-align: inherit;\"><span style=\"vertical-align: inherit;\">\u00c9quipe renomm\u00e9e d&#8217;animateurs professionnels de team building musical, d&#8217;auteurs-compositeurs-interpr\u00e8tes et de musiciens. <\/span><span style=\"vertical-align: inherit;\">Le programme comprend un minimum de 2 animateurs : animateur\/chanteur et ing\u00e9nieur de studio<\/span><\/span><\/li>\n<li><span style=\"vertical-align: inherit;\"><span style=\"vertical-align: inherit;\">Mix final de la chanson<\/span><\/span><\/li>\n<li><span style=\"vertical-align: inherit;\"><span style=\"vertical-align: inherit;\">Lien en ligne s\u00e9curis\u00e9 pour t\u00e9l\u00e9charger le mix de chansons \u00e0 partager avec votre \u00e9quipe.<\/span><\/span><\/li>\n<\/ul>\n<h5><strong><span style=\"vertical-align: inherit;\"><span style=\"vertical-align: inherit;\">ESPACE EXIG\u00c9<\/span><\/span><\/strong><\/h5>\n<p><span style=\"vertical-align: inherit;\"><span style=\"vertical-align: inherit;\">Une salle o\u00f9 les participants peuvent \u00eatre assis en groupe, en demi-cercle ou en th\u00e9\u00e2tre. <\/span><span style=\"vertical-align: inherit;\">Un espace devant la salle requis pour l&#8217;installation du studio et du microphone (10&#8242; x 5&#8242;). <\/span><span style=\"vertical-align: inherit;\">N&#8217;oubliez pas que nous allons vous enregistrer en direct, donc les lieux bruyants ne sont pas recommand\u00e9s. <\/span><span style=\"vertical-align: inherit;\">Une salle de conf\u00e9rence ou un espace de location constitue un lieu id\u00e9al pour ce programme. <\/span><span style=\"vertical-align: inherit;\">Nous offrons la possibilit\u00e9 de faire cette activit\u00e9 dans un vrai studio d&#8217;enregistrement. <\/span><span style=\"vertical-align: inherit;\">Assurez-vous de nous en parler lorsque vous nous contactez!<\/span><\/span><\/p>\n<h5><strong><span style=\"vertical-align: inherit;\"><span style=\"vertical-align: inherit;\">Votre \u00e9quipe cr\u00e9e sa version d&#8217;une chanson populaire<\/span><\/span><\/strong><\/h5>\n<p><strong><em><span style=\"vertical-align: inherit;\"><span style=\"vertical-align: inherit;\">Tous ensemble<\/span><\/span><\/em><\/strong><span style=\"vertical-align: inherit;\"><span style=\"vertical-align: inherit;\"> Le team building musical est un excellent moyen de r\u00e9unir des coll\u00e8gues et de lier passion, confiance et plaisir au travail.<\/span><\/span><\/p>\n<p><a href=\"mailto:info@mspteambuilding.ca?subject=REQUEST:%20Together%20as%20one-%20Program%20Details&amp;body=I%20would%20like%20to%20request%20a%20copy%20of%20this%20program's%20detailed%20description.%20Thank%20you.\"><span style=\"vertical-align: inherit;\"><span style=\"vertical-align: inherit;\">CLIQUEZ ICI POUR DEMANDER LA DESCRIPTION D\u00c9TAILL\u00c9E DU PROGRAMME ET LA PARTAGER AVEC VOTRE \u00c9QUIPE<\/span><\/span><\/a><\/p>\n<p><strong><em><span style=\"vertical-align: inherit;\"><span style=\"vertical-align: inherit;\">Tous ensemble<\/span><\/span><\/em><\/strong><span style=\"vertical-align: inherit;\"><span style=\"vertical-align: inherit;\"> L&#8217;activit\u00e9 de team building musical est sp\u00e9cialement con\u00e7ue pour aider les gens \u00e0 r\u00e9aliser qu&#8217;ils peuvent accomplir des choses dont ils n&#8217;\u00e9taient peut-\u00eatre pas conscients ou qu&#8217;ils pensaient pouvoir. <\/span><span style=\"vertical-align: inherit;\">C&#8217;est un excellent moyen de mettre en pratique les comp\u00e9tences d&#8217;\u00e9coute de votre \u00e9quipe, la capacit\u00e9 de se concentrer sur les forces de chacun afin de produire la version parfaite de la chanson repr\u00e9sentant l&#8217;\u00e9nergie et le style de votre \u00e9quipe. <\/span><span style=\"vertical-align: inherit;\">Ce programme rassemble les coll\u00e8gues tout en injectant de la passion, de la confiance et du plaisir sur le lieu de travail. <\/span><span style=\"vertical-align: inherit;\">Et surtout, AUCUN TALENT N&#8217;EST N\u00c9CESSAIRE !<\/span><\/span><\/p>\n<p><strong><span style=\"vertical-align: inherit;\"><span style=\"vertical-align: inherit;\">Au Bal Masqu\u00e9 de La Compagnie Cr\u00e9ole (Taille d&#8217;\u00e9quipe &#8211; 15)<\/span><\/span><\/strong><\/p>\n<audio class=\"wp-audio-shortcode\" id=\"audio-6668-1\" preload=\"none\" style=\"width: 100%;\" controls=\"controls\"><source type=\"audio\/mpeg\" src=\"http:\/\/mspteambuilding.ca\/wp-content\/uploads\/2017\/03\/Bal-Masqu\u00e9.mp3?_=1\" \/><a href=\"http:\/\/mspteambuilding.ca\/wp-content\/uploads\/2017\/03\/Bal-Masqu\u00e9.mp3\">http:\/\/mspteambuilding.ca\/wp-content\/uploads\/2017\/03\/Bal-Masqu\u00e9.mp3<\/a><\/audio>\n<p><span style=\"vertical-align: inherit;\"><span style=\"vertical-align: inherit;\">[indeed_popups id=&#8221;1&#8243;]<\/span><\/span><\/p>\n","protected":false},"excerpt":{"rendered":"<p><span style=\"vertical-align: inherit;\"><span style=\"vertical-align: inherit;\">[edgtf_separator class_name=\"\" type=\"normal\" position=\"left\" color=\"\" border_style=\"solid\" width=\"200px\" thickness=\"\" top_margin=\"20px\" bottom_margin=\"0px\"] <\/span><\/span><br \/>\n<span style=\"vertical-align: inherit;\"><span style=\"vertical-align: inherit;\">[edgtf_custom_font content_custom_font=\"  DURATION: 1 hour\" custom_font_tag=\"h5\" font_family=\"\" font_size=\"16\" line_height=\"0px\" font_style=\"normal\" text_align=\"left\" font_weight=\"700\" color=\"\" text_decoration=\"none\" letter_spacing=\"\"] <\/span><\/span><br \/>\n<span style=\"vertical-align: inherit;\"><span style=\"vertical-align: inherit;\">[edgtf_separator class_name=\"\" type=\"normal\" position=\"left\" color=\"\" border_style=\"solid\" width=\"200px\" thickness=\"\" top_margin=\"0px\" bottom_margin=\"30px\"]<\/span><\/span><\/p>\n<p><strong><span style=\"vertical-align: inherit;\"><span style=\"vertical-align: inherit;\">Au Bal Masqu\u00e9 de La Compagnie Cr\u00e9ole (Taille d&#8217;\u00e9quipe &#8211; 15)<\/span><\/span><\/strong><\/p>\n[audio mp3=\"http:\/\/mspteambuilding.ca\/wp-content\/uploads\/2017\/03\/Bal-Masqu\u00e9.mp3\"][\/audio]\n<p>&nbsp;<\/p>\n<h5><strong><span style=\"vertical-align: inherit;\"><span style=\"vertical-align: inherit;\">Votre \u00e9quipe cr\u00e9e sa version d&#8217;une chanson populaire<\/span><\/span><\/strong><\/h5>\n<p><strong><span style=\"vertical-align: inherit;\"><span style=\"vertical-align: inherit;\">ID\u00c9AL POUR<\/span><\/span><\/strong><br \/>\n<span style=\"vertical-align: inherit;\"><span style=\"vertical-align: inherit;\"> Dynamiser une \u00e9quipe <\/span><\/span><br \/>\n<span style=\"vertical-align: inherit;\"><span style=\"vertical-align: inherit;\">Explorer l&#8217;excellence <\/span><\/span><br \/>\n<span style=\"vertical-align: inherit;\"><span style=\"vertical-align: inherit;\">Amusement et Motivation <\/span><\/span><br \/>\n<span style=\"vertical-align: inherit;\"><span style=\"vertical-align: inherit;\">La mise en r\u00e9seau <\/span><\/span><br \/>\n<span style=\"vertical-align: inherit;\"><span style=\"vertical-align: inherit;\">Strat\u00e9gie Communication <\/span><\/span><br \/>\n<span style=\"vertical-align: inherit;\"><span style=\"vertical-align: inherit;\">Dynamique d&#8217;\u00e9quipe<\/span><\/span><\/p>\n<p><strong><span style=\"vertical-align: inherit;\"><span style=\"vertical-align: inherit;\">GROUP SIZE:<\/span><\/span><\/strong><span style=\"vertical-align: inherit;\"><span style=\"vertical-align: inherit;\"> 5-100+<\/span><\/span><\/p>\n<p><strong><em><span style=\"vertical-align: inherit;\"><span style=\"vertical-align: inherit;\">Tous ensemble<\/span><\/span><\/em><\/strong><span style=\"vertical-align: inherit;\"><span style=\"vertical-align: inherit;\"> Le team building musical est un excellent moyen de r\u00e9unir des coll\u00e8gues et de lier passion, confiance et plaisir au travail.<\/span><\/span><\/p>\n<p><a href=\"mailto:info@mspteambuilding.ca?subject=REQUEST:%20Together%20as%20one-%20Program%20Details&amp;body=I%20would%20like%20to%20request%20a%20copy%20of%20this%20program's%20detailed%20description.%20Thank%20you.\"><span style=\"vertical-align: inherit;\"><span style=\"vertical-align: inherit;\">CLIQUEZ ICI POUR DEMANDER LA DESCRIPTION D\u00c9TAILL\u00c9E DU PROGRAMME ET LA PARTAGER AVEC VOTRE \u00c9QUIPE<\/span><\/span><\/a><\/p>\n<p><strong><em><span style=\"vertical-align: inherit;\"><span style=\"vertical-align: inherit;\">Tous ensemble <\/span><\/span><\/em><\/strong><span style=\"vertical-align: inherit;\"><span style=\"vertical-align: inherit;\">L&#8217;activit\u00e9 de team building musical est sp\u00e9cialement con\u00e7ue pour aider les gens \u00e0 r\u00e9aliser qu&#8217;ils peuvent accomplir des choses dont ils n&#8217;\u00e9taient peut-\u00eatre pas conscients ou qu&#8217;ils pensaient pouvoir. <\/span><span style=\"vertical-align: inherit;\">C&#8217;est un excellent moyen de mettre en pratique les capacit\u00e9s d&#8217;\u00e9coute de votre \u00e9quipe et sa capacit\u00e9 \u00e0 se concentrer sur les forces de chacun afin de produire la version parfaite de la chanson repr\u00e9sentant l&#8217;\u00e9nergie et le style de votre \u00e9quipe. <\/span><span style=\"vertical-align: inherit;\">Ce programme rassemble les coll\u00e8gues tout en injectant de la passion, de la confiance et du plaisir dans le lieu de travail. <\/span><span style=\"vertical-align: inherit;\">Et surtout, AUCUN TALENT N&#8217;EST N\u00c9CESSAIRE !<\/span><\/span><\/p>\n<h5><strong><span style=\"vertical-align: inherit;\"><span style=\"vertical-align: inherit;\">ADAPTATION<\/span><\/span><\/strong><\/h5>\n<p><span style=\"vertical-align: inherit;\"><span style=\"vertical-align: inherit;\">Beaucoup d&#8217;options pour ce programme. <\/span><span style=\"vertical-align: inherit;\">Envie d&#8217;une s\u00e9ance photo tapis rouge avec accessoires ? <\/span><span style=\"vertical-align: inherit;\">Nous avons \u00e7a. <\/span><span style=\"vertical-align: inherit;\">Envie de faire l&#8217;activit\u00e9 dans un vrai enregistrement, on a \u00e7a aussi ! <\/span><span style=\"vertical-align: inherit;\">Que diriez-vous d&#8217;une chor\u00e9graphie pour votre \u00e9quipe ou d&#8217;un clip ? <\/span><span style=\"vertical-align: inherit;\">Cela pourrait \u00eatre le d\u00e9but de quelque chose de grand.<\/span><\/span><\/p>\n<h5><strong><span style=\"vertical-align: inherit;\"><span style=\"vertical-align: inherit;\">D\u00c9TAILS TECHNIQUES<\/span><\/span><\/strong><\/h5>\n<p><span style=\"vertical-align: inherit;\"><span style=\"vertical-align: inherit;\">Pour plus d&#8217;informations sur ce qui est inclus dans le programme et les besoins en espace, veuillez faire d\u00e9filer jusqu&#8217;\u00e0 l&#8217;onglet de description ci-dessous.<\/span><\/span><\/p>\n<p><span style=\"vertical-align: inherit;\"><span style=\"vertical-align: inherit;\">[edgtf_custom_font content_custom_font=\"REQUEST A PRICE QUOTE\" custom_font_tag=\"h5\" font_family=\"\" font_size=\"20\" line_height=\"0px\" font_style=\"normal\" text_align=\"left\" font_weight=\"700\" color=\"\" text_decoration=\"none\" letter_spacing=\"\"] <\/span><\/span><\/p>\n<p><strong><em><span style=\"vertical-align: inherit;\"><span style=\"vertical-align: inherit;\">Tous ensemble<\/span><\/span><\/em><span style=\"vertical-align: inherit;\"><span style=\"vertical-align: inherit;\"> Le Team Building offre de nombreuses options. <\/span> <span style=\"vertical-align: inherit;\">Nous accueillons diff\u00e9rentes tailles de groupe et personnaliserons le forfait en fonction de vos besoins. <\/span><\/span> <\/strong><\/p>\n<p><span style=\"vertical-align: inherit;\"><span style=\"vertical-align: inherit;\">Veuillez remplir le formulaire ci-dessous pour \u00e9tablir le prix de votre forfait et un de nos repr\u00e9sentants vous r\u00e9pondra sous peu.<\/span><\/span><\/p>\n[wpforms id=\"14791\" title=\"false\"]\n<p><!----[contact-form-7 id=\"6219\" title=\"Team Building - Sing Along\"] ---><\/p>\n","protected":false},"featured_media":6990,"comment_status":"open","ping_status":"closed","template":"","meta":{"_acf_changed":false},"product_brand":[],"product_cat":[1426],"product_tag":[1601],"class_list":{"0":"post-6668","1":"product","2":"type-product","3":"status-publish","4":"has-post-thumbnail","6":"product_cat-en-personne","7":"product_tag-en-personne","8":"pa_activity-type-creative","9":"pa_activity-type-culture-dentreprise","10":"pa_activity-type-divertissement","11":"pa_activity-type-ie-intelligence-emotionnelle","12":"pa_activity-type-reconnaissance-de-lequipe","13":"pa_play-type-team-fr","14":"pa_time-1h-ou-moins","16":"first","17":"instock","18":"product-type-simple"},"acf":[],"yoast_head":"<!-- This site is optimized with the Yoast SEO Premium plugin v21.8 (Yoast SEO v27.3) - https:\/\/yoast.com\/product\/yoast-seo-premium-wordpress\/ -->\n<title>Un Team Building musical pour la synergie et la complicit\u00e9 | Teambuilding MSP<\/title>\n<meta name=\"description\" content=\"Votre \u00e9quipe cr\u00e9e sa propre version d&#039;une chanson populaire. Cet exercice de team building musical saura embarquer tout le monde ! En savoir plus ici\" \/>\n<meta name=\"robots\" content=\"index, follow, max-snippet:-1, max-image-preview:large, max-video-preview:-1\" \/>\n<link rel=\"canonical\" href=\"https:\/\/mspteambuilding.ca\/produit\/musical-team-building-together-as-one\/\" \/>\n<meta property=\"og:locale\" content=\"fr_FR\" \/>\n<meta property=\"og:type\" content=\"article\" \/>\n<meta property=\"og:title\" content=\"Tous ensemble\" \/>\n<meta property=\"og:description\" content=\"Votre \u00e9quipe cr\u00e9e sa propre version d&#039;une chanson populaire. Cet exercice de team building musical saura embarquer tout le monde ! En savoir plus ici\" \/>\n<meta property=\"og:url\" content=\"https:\/\/mspteambuilding.ca\/produit\/musical-team-building-together-as-one\/\" \/>\n<meta property=\"og:site_name\" content=\"MSP Teambuilding\" \/>\n<meta property=\"article:publisher\" content=\"https:\/\/www.facebook.com\/mspteambuilding\" \/>\n<meta property=\"article:modified_time\" content=\"2023-03-06T04:50:41+00:00\" \/>\n<meta property=\"og:image\" content=\"https:\/\/mspteambuilding.ca\/wp-content\/uploads\/2017\/03\/d_TB3.jpg\" \/>\n\t<meta property=\"og:image:width\" content=\"1000\" \/>\n\t<meta property=\"og:image:height\" content=\"1000\" \/>\n\t<meta property=\"og:image:type\" content=\"image\/jpeg\" \/>\n<meta name=\"twitter:card\" content=\"summary_large_image\" \/>\n<meta name=\"twitter:site\" content=\"@teambuildingmsp\" \/>\n<meta name=\"twitter:label1\" content=\"Dur\u00e9e de lecture estim\u00e9e\" \/>\n\t<meta name=\"twitter:data1\" content=\"2 minutes\" \/>\n<script type=\"application\/ld+json\" class=\"yoast-schema-graph\">{\"@context\":\"https:\\\/\\\/schema.org\",\"@graph\":[{\"@type\":\"WebPage\",\"@id\":\"https:\\\/\\\/mspteambuilding.ca\\\/produit\\\/musical-team-building-together-as-one\\\/\",\"url\":\"https:\\\/\\\/mspteambuilding.ca\\\/produit\\\/musical-team-building-together-as-one\\\/\",\"name\":\"Un Team Building musical pour la synergie et la complicit\u00e9 | Teambuilding MSP\",\"isPartOf\":{\"@id\":\"https:\\\/\\\/mspteambuilding.ca\\\/#website\"},\"primaryImageOfPage\":{\"@id\":\"https:\\\/\\\/mspteambuilding.ca\\\/produit\\\/musical-team-building-together-as-one\\\/#primaryimage\"},\"image\":{\"@id\":\"https:\\\/\\\/mspteambuilding.ca\\\/produit\\\/musical-team-building-together-as-one\\\/#primaryimage\"},\"thumbnailUrl\":\"https:\\\/\\\/mspteambuilding.ca\\\/wp-content\\\/uploads\\\/2017\\\/03\\\/d_TB3.jpg\",\"datePublished\":\"2017-03-05T20:26:04+00:00\",\"dateModified\":\"2023-03-06T04:50:41+00:00\",\"description\":\"Votre \u00e9quipe cr\u00e9e sa propre version d'une chanson populaire. Cet exercice de team building musical saura embarquer tout le monde ! En savoir plus ici\",\"breadcrumb\":{\"@id\":\"https:\\\/\\\/mspteambuilding.ca\\\/produit\\\/musical-team-building-together-as-one\\\/#breadcrumb\"},\"inLanguage\":\"fr-FR\",\"potentialAction\":[{\"@type\":\"ReadAction\",\"target\":[\"https:\\\/\\\/mspteambuilding.ca\\\/produit\\\/musical-team-building-together-as-one\\\/\"]}]},{\"@type\":\"ImageObject\",\"inLanguage\":\"fr-FR\",\"@id\":\"https:\\\/\\\/mspteambuilding.ca\\\/produit\\\/musical-team-building-together-as-one\\\/#primaryimage\",\"url\":\"https:\\\/\\\/mspteambuilding.ca\\\/wp-content\\\/uploads\\\/2017\\\/03\\\/d_TB3.jpg\",\"contentUrl\":\"https:\\\/\\\/mspteambuilding.ca\\\/wp-content\\\/uploads\\\/2017\\\/03\\\/d_TB3.jpg\",\"width\":1000,\"height\":1000,\"caption\":\"Together as one musical team building activity by MSP Teambuilding\"},{\"@type\":\"BreadcrumbList\",\"@id\":\"https:\\\/\\\/mspteambuilding.ca\\\/produit\\\/musical-team-building-together-as-one\\\/#breadcrumb\",\"itemListElement\":[{\"@type\":\"ListItem\",\"position\":1,\"name\":\"Home\",\"item\":\"https:\\\/\\\/mspteambuilding.ca\\\/fr\\\/\"},{\"@type\":\"ListItem\",\"position\":2,\"name\":\"Magasinez\",\"item\":\"https:\\\/\\\/mspteambuilding.ca\\\/team-building-activities\\\/\"},{\"@type\":\"ListItem\",\"position\":3,\"name\":\"Tous ensemble\"}]},{\"@type\":\"WebSite\",\"@id\":\"https:\\\/\\\/mspteambuilding.ca\\\/#website\",\"url\":\"https:\\\/\\\/mspteambuilding.ca\\\/\",\"name\":\"MSP Teambuilding\",\"description\":\"Transforming Company Culture, One Human Connection at a time.\",\"publisher\":{\"@id\":\"https:\\\/\\\/mspteambuilding.ca\\\/#organization\"},\"potentialAction\":[{\"@type\":\"SearchAction\",\"target\":{\"@type\":\"EntryPoint\",\"urlTemplate\":\"https:\\\/\\\/mspteambuilding.ca\\\/?s={search_term_string}\"},\"query-input\":{\"@type\":\"PropertyValueSpecification\",\"valueRequired\":true,\"valueName\":\"search_term_string\"}}],\"inLanguage\":\"fr-FR\"},{\"@type\":\"Organization\",\"@id\":\"https:\\\/\\\/mspteambuilding.ca\\\/#organization\",\"name\":\"MSP TeamBuilding\",\"url\":\"https:\\\/\\\/mspteambuilding.ca\\\/\",\"logo\":{\"@type\":\"ImageObject\",\"inLanguage\":\"fr-FR\",\"@id\":\"https:\\\/\\\/mspteambuilding.ca\\\/#\\\/schema\\\/logo\\\/image\\\/\",\"url\":\"https:\\\/\\\/mspteambuilding.ca\\\/wp-content\\\/uploads\\\/2019\\\/03\\\/cropped-mspteambuilding-favicon.png\",\"contentUrl\":\"https:\\\/\\\/mspteambuilding.ca\\\/wp-content\\\/uploads\\\/2019\\\/03\\\/cropped-mspteambuilding-favicon.png\",\"width\":512,\"height\":512,\"caption\":\"MSP TeamBuilding\"},\"image\":{\"@id\":\"https:\\\/\\\/mspteambuilding.ca\\\/#\\\/schema\\\/logo\\\/image\\\/\"},\"sameAs\":[\"https:\\\/\\\/www.facebook.com\\\/mspteambuilding\",\"https:\\\/\\\/x.com\\\/teambuildingmsp\",\"https:\\\/\\\/www.instagram.com\\\/mspteambuilding\\\/\",\"https:\\\/\\\/www.linkedin.com\\\/company\\\/msp-teambuilding\",\"https:\\\/\\\/www.youtube.com\\\/channel\\\/UCKzGwb2bi6TEYMFmEfboppg\\\/\"]}]}<\/script>\n<!-- \/ Yoast SEO Premium plugin. -->","yoast_head_json":{"title":"Un Team Building musical pour la synergie et la complicit\u00e9 | Teambuilding MSP","description":"Votre \u00e9quipe cr\u00e9e sa propre version d'une chanson populaire. Cet exercice de team building musical saura embarquer tout le monde ! En savoir plus ici","robots":{"index":"index","follow":"follow","max-snippet":"max-snippet:-1","max-image-preview":"max-image-preview:large","max-video-preview":"max-video-preview:-1"},"canonical":"https:\/\/mspteambuilding.ca\/produit\/musical-team-building-together-as-one\/","og_locale":"fr_FR","og_type":"article","og_title":"Tous ensemble","og_description":"Votre \u00e9quipe cr\u00e9e sa propre version d'une chanson populaire. Cet exercice de team building musical saura embarquer tout le monde ! En savoir plus ici","og_url":"https:\/\/mspteambuilding.ca\/produit\/musical-team-building-together-as-one\/","og_site_name":"MSP Teambuilding","article_publisher":"https:\/\/www.facebook.com\/mspteambuilding","article_modified_time":"2023-03-06T04:50:41+00:00","og_image":[{"width":1000,"height":1000,"url":"https:\/\/mspteambuilding.ca\/wp-content\/uploads\/2017\/03\/d_TB3.jpg","type":"image\/jpeg"}],"twitter_card":"summary_large_image","twitter_site":"@teambuildingmsp","twitter_misc":{"Dur\u00e9e de lecture estim\u00e9e":"2 minutes"},"schema":{"@context":"https:\/\/schema.org","@graph":[{"@type":"WebPage","@id":"https:\/\/mspteambuilding.ca\/produit\/musical-team-building-together-as-one\/","url":"https:\/\/mspteambuilding.ca\/produit\/musical-team-building-together-as-one\/","name":"Un Team Building musical pour la synergie et la complicit\u00e9 | Teambuilding MSP","isPartOf":{"@id":"https:\/\/mspteambuilding.ca\/#website"},"primaryImageOfPage":{"@id":"https:\/\/mspteambuilding.ca\/produit\/musical-team-building-together-as-one\/#primaryimage"},"image":{"@id":"https:\/\/mspteambuilding.ca\/produit\/musical-team-building-together-as-one\/#primaryimage"},"thumbnailUrl":"https:\/\/mspteambuilding.ca\/wp-content\/uploads\/2017\/03\/d_TB3.jpg","datePublished":"2017-03-05T20:26:04+00:00","dateModified":"2023-03-06T04:50:41+00:00","description":"Votre \u00e9quipe cr\u00e9e sa propre version d'une chanson populaire. Cet exercice de team building musical saura embarquer tout le monde ! En savoir plus ici","breadcrumb":{"@id":"https:\/\/mspteambuilding.ca\/produit\/musical-team-building-together-as-one\/#breadcrumb"},"inLanguage":"fr-FR","potentialAction":[{"@type":"ReadAction","target":["https:\/\/mspteambuilding.ca\/produit\/musical-team-building-together-as-one\/"]}]},{"@type":"ImageObject","inLanguage":"fr-FR","@id":"https:\/\/mspteambuilding.ca\/produit\/musical-team-building-together-as-one\/#primaryimage","url":"https:\/\/mspteambuilding.ca\/wp-content\/uploads\/2017\/03\/d_TB3.jpg","contentUrl":"https:\/\/mspteambuilding.ca\/wp-content\/uploads\/2017\/03\/d_TB3.jpg","width":1000,"height":1000,"caption":"Together as one musical team building activity by MSP Teambuilding"},{"@type":"BreadcrumbList","@id":"https:\/\/mspteambuilding.ca\/produit\/musical-team-building-together-as-one\/#breadcrumb","itemListElement":[{"@type":"ListItem","position":1,"name":"Home","item":"https:\/\/mspteambuilding.ca\/fr\/"},{"@type":"ListItem","position":2,"name":"Magasinez","item":"https:\/\/mspteambuilding.ca\/team-building-activities\/"},{"@type":"ListItem","position":3,"name":"Tous ensemble"}]},{"@type":"WebSite","@id":"https:\/\/mspteambuilding.ca\/#website","url":"https:\/\/mspteambuilding.ca\/","name":"MSP Teambuilding","description":"Transforming Company Culture, One Human Connection at a time.","publisher":{"@id":"https:\/\/mspteambuilding.ca\/#organization"},"potentialAction":[{"@type":"SearchAction","target":{"@type":"EntryPoint","urlTemplate":"https:\/\/mspteambuilding.ca\/?s={search_term_string}"},"query-input":{"@type":"PropertyValueSpecification","valueRequired":true,"valueName":"search_term_string"}}],"inLanguage":"fr-FR"},{"@type":"Organization","@id":"https:\/\/mspteambuilding.ca\/#organization","name":"MSP TeamBuilding","url":"https:\/\/mspteambuilding.ca\/","logo":{"@type":"ImageObject","inLanguage":"fr-FR","@id":"https:\/\/mspteambuilding.ca\/#\/schema\/logo\/image\/","url":"https:\/\/mspteambuilding.ca\/wp-content\/uploads\/2019\/03\/cropped-mspteambuilding-favicon.png","contentUrl":"https:\/\/mspteambuilding.ca\/wp-content\/uploads\/2019\/03\/cropped-mspteambuilding-favicon.png","width":512,"height":512,"caption":"MSP TeamBuilding"},"image":{"@id":"https:\/\/mspteambuilding.ca\/#\/schema\/logo\/image\/"},"sameAs":["https:\/\/www.facebook.com\/mspteambuilding","https:\/\/x.com\/teambuildingmsp","https:\/\/www.instagram.com\/mspteambuilding\/","https:\/\/www.linkedin.com\/company\/msp-teambuilding","https:\/\/www.youtube.com\/channel\/UCKzGwb2bi6TEYMFmEfboppg\/"]}]}},"_links":{"self":[{"href":"https:\/\/mspteambuilding.ca\/fr\/wp-json\/wp\/v2\/product\/6668","targetHints":{"allow":["GET"]}}],"collection":[{"href":"https:\/\/mspteambuilding.ca\/fr\/wp-json\/wp\/v2\/product"}],"about":[{"href":"https:\/\/mspteambuilding.ca\/fr\/wp-json\/wp\/v2\/types\/product"}],"replies":[{"embeddable":true,"href":"https:\/\/mspteambuilding.ca\/fr\/wp-json\/wp\/v2\/comments?post=6668"}],"wp:featuredmedia":[{"embeddable":true,"href":"https:\/\/mspteambuilding.ca\/fr\/wp-json\/wp\/v2\/media\/6990"}],"wp:attachment":[{"href":"https:\/\/mspteambuilding.ca\/fr\/wp-json\/wp\/v2\/media?parent=6668"}],"wp:term":[{"taxonomy":"product_brand","embeddable":true,"href":"https:\/\/mspteambuilding.ca\/fr\/wp-json\/wp\/v2\/product_brand?post=6668"},{"taxonomy":"product_cat","embeddable":true,"href":"https:\/\/mspteambuilding.ca\/fr\/wp-json\/wp\/v2\/product_cat?post=6668"},{"taxonomy":"product_tag","embeddable":true,"href":"https:\/\/mspteambuilding.ca\/fr\/wp-json\/wp\/v2\/product_tag?post=6668"}],"curies":[{"name":"wp","href":"https:\/\/api.w.org\/{rel}","templated":true}]}}