{"id":8718,"date":"2018-01-03T18:22:11","date_gmt":"2018-01-03T18:22:11","guid":{"rendered":"http:\/\/mspteambuilding.ca\/produit\/chanson-theme-de-votre-entreprise-copy\/"},"modified":"2023-11-11T01:09:22","modified_gmt":"2023-11-11T01:09:22","slug":"brise-glace-pour-conference","status":"publish","type":"product","link":"https:\/\/mspteambuilding.ca\/fr\/produit\/brise-glace-pour-conference\/","title":{"rendered":"Brise-glace pour conf\u00e9rence"},"content":{"rendered":"<p><strong>Le <em>brise-glace pour conf\u00e9rence<\/em>Team Building offre de nombreuses options. Nous accueillons diff\u00e9rentes tailles de groupe et personnaliserons le forfait en fonction de vos besoins.<\/strong><\/p>\n<p><strong>Le forfait &#8220;<em>brise-glace&#8221; de la conf\u00e9rence<\/em> comprend<\/strong><\/p>\n<ul>\n<li>Mise en place du tapis rouge et de la toile de fond MSP sur votre sc\u00e8ne.<\/li>\n<li>Une introduction courte et amusante sur le th\u00e8me de votre \u00e9v\u00e9nement<\/li>\n<li>Engager votre public dans une exp\u00e9rience d&#8217;enregistrement en studio en direct<\/li>\n<li>Une \u00e9quipe renomm\u00e9e d&#8217;animateurs musicaux professionnels, d&#8217;auteurs-compositeurs-interpr\u00e8tes et de musiciens. Le forfait comprend une \u00e9quipe de 2 ou 3 : un auteur-compositeur-interpr\u00e8te dynamique et un ing\u00e9nieur de studio<\/li>\n<li>Le mixage final de l&#8217;enregistrement<\/li>\n<li>Page web s\u00e9curis\u00e9e par un mot de passe pour t\u00e9l\u00e9charger la chanson et la partager sur le site web de votre \u00e9v\u00e9nement ou autre.<\/li>\n<\/ul>\n<h5><strong>Le plaisir parfait pour les foules<\/strong><\/h5>\n<p>Les brise-glaces sont tr\u00e8s importants pour un \u00e9v\u00e9nement r\u00e9ussi. Ce programme est un v\u00e9ritable succ\u00e8s de foule. Cela cr\u00e9e une atmosph\u00e8re dynamique et engageante pour vos participants qui contribuera \u00e0 faire de votre conf\u00e9rence ou \u00e9v\u00e9nement un \u00e9norme succ\u00e8s. Et aucune pression, aucun talent n&#8217;est n\u00e9cessaire !<\/p>\n<h5><strong>Musique pour se connecter et s&#8217;engager!<\/strong><\/h5>\n<p>Notre <strong><em>brise-glace pour conf\u00e9rence<\/em><\/strong> permet \u00e0 chacun de se mettre en mouvement et de s&#8217;impliquer, cr\u00e9ant ainsi une atmosph\u00e8re \u00e9nergique et engag\u00e9e qui permettra \u00e0 votre \u00e9v\u00e9nement de se d\u00e9marquer.<\/p>\n<p>Cette exp\u00e9rience extraordinaire inspirera vos participants alors qu&#8217;ils interpr\u00e9teront en foule une chanson qui repr\u00e9sente le th\u00e8me de votre \u00e9v\u00e9nement.<\/p>\n","protected":false},"excerpt":{"rendered":"<p>[edgtf_separator class_name=\"\" type=\"normal\" position=\"left\" color=\"\" border_style=\"solid\" width=\"200px\" thickness=\"\" top_margin=\"20px\" bottom_margin=\"0px\"]<br \/>\n[edgtf_custom_font content_custom_font=\"DURATION: 30 minutes\" custom_font_tag=\"h5\" font_family=\"\" font_size=\"16\" line_height=\"0px\" font_style=\"normal\" text_align=\"left\" font_weight=\"700\" color=\"\" text_decoration=\"none\" letter_spacing=\"\"]<br \/>\n[edgtf_separator class_name=\"\" type=\"normal\" position=\"left\" color=\"\" border_style=\"solid\" width=\"200px\" thickness=\"\" top_margin=\"0px\" bottom_margin=\"30px\"]<\/p>\n[embed]https:\/\/www.youtube.com\/watch?v=tw6fbopXzJc&amp;list=PLeHVhQ1FDtWiAIlvuU8O3_kkOWFs4df15&amp;index=5&amp;ab_channel=MSPTeambuilding[\/embed]\n<p><strong>Le forfait &#8220;<em>brise-glace&#8221; de la conf\u00e9rence<\/em> comprend<\/strong><\/p>\n<ul>\n<li>Mise en place du tapis rouge et de la toile de fond MSP sur votre sc\u00e8ne.<\/li>\n<li>Une introduction courte et amusante sur le th\u00e8me de votre \u00e9v\u00e9nement<\/li>\n<li>Engager votre public dans une exp\u00e9rience d&#8217;enregistrement en studio en direct<\/li>\n<li>Une \u00e9quipe renomm\u00e9e d&#8217;animateurs musicaux professionnels, d&#8217;auteurs-compositeurs-interpr\u00e8tes et de musiciens. Le forfait comprend une \u00e9quipe de 2 ou 3 : un auteur-compositeur-interpr\u00e8te dynamique et un ing\u00e9nieur de studio<\/li>\n<li>Le mixage final de l&#8217;enregistrement<\/li>\n<li>Page web s\u00e9curis\u00e9e par un mot de passe pour t\u00e9l\u00e9charger la chanson et la partager sur le site web de votre \u00e9v\u00e9nement ou autre.<\/li>\n<\/ul>\n<h4>Id\u00e9al pour :<\/h4>\n<ul>\n<li>S&#8217;\u00e9nergiser en \u00e9quipe<\/li>\n<li>La collaboration<\/li>\n<li>D\u00e9velopper ses comp\u00e9tences communicationnelles<\/li>\n<\/ul>\n<h5><strong>Le plaisir parfait pour les foules<\/strong><\/h5>\n<p>Les brise-glaces sont tr\u00e8s importants pour un \u00e9v\u00e9nement r\u00e9ussi. Ce programme est un v\u00e9ritable succ\u00e8s de foule. Cela cr\u00e9e une atmosph\u00e8re dynamique et engageante pour vos participants qui contribuera \u00e0 faire de votre conf\u00e9rence ou \u00e9v\u00e9nement un \u00e9norme succ\u00e8s. Et aucune pression, aucun talent n&#8217;est n\u00e9cessaire !<\/p>\n<h5><strong>Musique pour se connecter et s&#8217;engager!<\/strong><\/h5>\n<p>Notre <strong><em>brise-glace pour conf\u00e9rence<\/em><\/strong> permet \u00e0 chacun de se mettre en mouvement et de s&#8217;impliquer, cr\u00e9ant ainsi une atmosph\u00e8re \u00e9nergique et engag\u00e9e qui permettra \u00e0 votre \u00e9v\u00e9nement de se d\u00e9marquer.<\/p>\n<p>Cette exp\u00e9rience extraordinaire inspirera vos participants alors qu&#8217;ils interpr\u00e9teront en foule une chanson qui repr\u00e9sente le th\u00e8me de votre \u00e9v\u00e9nement.<\/p>\n<p><strong>Le forfait &#8220;<em>brise-glace&#8221; de la conf\u00e9rence<\/em> comprend<\/strong><\/p>\n<ul>\n<li>Mise en place du tapis rouge et de la toile de fond MSP sur votre sc\u00e8ne.<\/li>\n<li>Une introduction courte et amusante sur le th\u00e8me de votre \u00e9v\u00e9nement<\/li>\n<li>Engager votre public dans une exp\u00e9rience d&#8217;enregistrement en studio en direct<\/li>\n<li>Une \u00e9quipe renomm\u00e9e d&#8217;animateurs musicaux professionnels, d&#8217;auteurs-compositeurs-interpr\u00e8tes et de musiciens. Le forfait comprend une \u00e9quipe de 2 ou 3 : un auteur-compositeur-interpr\u00e8te dynamique et un ing\u00e9nieur de studio<\/li>\n<li>Le mixage final de l&#8217;enregistrement<\/li>\n<li>Page web s\u00e9curis\u00e9e par un mot de passe pour t\u00e9l\u00e9charger la chanson et la partager sur le site web de votre \u00e9v\u00e9nement ou autre.<\/li>\n<\/ul>\n<p>Parlez-nous pour plus de d\u00e9tails!<\/p>\n[edgtf_custom_font content_custom_font=\"REQUEST A PRICE QUOTE\" custom_font_tag=\"h5\" font_family=\"\" font_size=\"20\" line_height=\"0px\" font_style=\"normal\" text_align=\"left\" font_weight=\"700\" color=\"\" text_decoration=\"none\" letter_spacing=\"\"]\n<p><strong>Appelez-nous ou demandez un devis pour le programme <em>Conference Icebreaker<\/em> ici. Nous personnaliserons le programme en fonction de vos besoins.<\/strong><\/p>\n[edgtf_button size=\"huge\" type=\"\" text=\"R\u00e9servez un appel maintenant\" custom_class=\"\" icon_pack=\"font_awesome\" fa_icon=\"\" link=\"https:\/\/mspteambuilding.ca\/team-building-activities\/\" target=\"_blank\" color=\"\" hover_color=\"\" background_color=\"\" hover_background_color=\"\" border_color=\"\" hover_border_color=\"\" font_size=\"\" font_weight=\"\" margin=\"\"]\n","protected":false},"featured_media":8122,"comment_status":"open","ping_status":"closed","template":"","meta":{"_acf_changed":false},"product_brand":[],"product_cat":[1474,1444,1509,1551,1470,1527,1525,1494,1445,213,1482,1476,1501,1529,1426,1511,1429,1459,1466,1519,1478,1488,1446,1536,1513,1451,1515,1507,1484,1546,1455,1456,1449,1505,1554,1543,1448,1531,1540,1472,1480,1496,1499,1542,1538,1490,1534,1552,1468,1548,1553,1503,1492,1462,1517,1464,1428,1523,1521,1550],"product_tag":[1601,1618,1600],"class_list":{"0":"post-8718","1":"product","2":"type-product","3":"status-publish","4":"has-post-thumbnail","6":"product_cat-abbotsford","7":"product_cat-alberta","8":"product_cat-brampton","9":"product_cat-brandon","10":"product_cat-burnaby","11":"product_cat-calgary-et-environs","12":"product_cat-cambridge","13":"product_cat-chicoutimi-jonquiere","14":"product_cat-colombie-britannique","15":"product_cat-conference","16":"product_cat-coquitlam","17":"product_cat-delta","18":"product_cat-drummondville","19":"product_cat-edmonton-et-environs","20":"product_cat-en-personne","21":"product_cat-hamilton","22":"product_cat-hybride","23":"product_cat-ile-du-prince-edouard","24":"product_cat-kelowna","25":"product_cat-kitchener","26":"product_cat-langley","27":"product_cat-laurentides","28":"product_cat-les-maritimes","29":"product_cat-lethbridge","30":"product_cat-london","31":"product_cat-manitoba-2","32":"product_cat-markham","33":"product_cat-mississauga","34":"product_cat-montreal","35":"product_cat-moose-jaw","36":"product_cat-nouveau-brunswick","37":"product_cat-nouvelle-ecosse","38":"product_cat-ontario-2","39":"product_cat-ottawa","40":"product_cat-portage-la-prairie","41":"product_cat-prince-albert","42":"product_cat-quebec","43":"product_cat-red-deer","44":"product_cat-regina","45":"product_cat-richmond","46":"product_cat-saanich","47":"product_cat-saint-jean-sur-richelieu","48":"product_cat-saint-jerome","49":"product_cat-saskatchewan","50":"product_cat-saskatoon","51":"product_cat-sherbrooke","52":"product_cat-st-albert","53":"product_cat-steinbach","54":"product_cat-surrey","55":"product_cat-swift-current","56":"product_cat-thompson","57":"product_cat-toronto-gta","58":"product_cat-trois-rivieres","59":"product_cat-vancouver-et-gvr","60":"product_cat-vaughan","61":"product_cat-victoria","62":"product_cat-virtuel","63":"product_cat-waterloo","64":"product_cat-windsor","65":"product_cat-winnipeg","66":"product_tag-en-personne","67":"product_tag-hybride","68":"product_tag-virtual-fr","69":"pa_activity-type-conferences-interactives","70":"pa_activity-type-creative","71":"pa_activity-type-culture-dentreprise","72":"pa_activity-type-divertissement","73":"pa_activity-type-ie-intelligence-emotionnelle","74":"pa_activity-type-reconnaissance-de-lequipe","75":"pa_play-type-team-fr","76":"pa_time-moins-de-30-minutes","77":"pa_time-1h-ou-moins","79":"first","80":"instock","81":"product-type-simple"},"acf":[],"yoast_head":"<!-- This site is optimized with the Yoast SEO Premium plugin v21.8 (Yoast SEO v27.5) - https:\/\/yoast.com\/product\/yoast-seo-premium-wordpress\/ -->\n<title>Brise-Glace Conf\u00e9rence pour votre \u00e9v\u00e9nement - R\u00e9servez ici | MSP Teambuilding<\/title>\n<meta name=\"description\" content=\"Conference Icebreaker pour cr\u00e9er une atmosph\u00e8re dynamique et engageante pour votre public, qui contribuera certainement au succ\u00e8s de votre \u00e9v\u00e9nement. Un vrai plaisir pour la foule.\" \/>\n<meta name=\"robots\" content=\"index, follow, max-snippet:-1, max-image-preview:large, max-video-preview:-1\" \/>\n<link rel=\"canonical\" href=\"https:\/\/mspteambuilding.ca\/produit\/conference-icebreaker\/\" \/>\n<meta property=\"og:locale\" content=\"fr_FR\" \/>\n<meta property=\"og:type\" content=\"article\" \/>\n<meta property=\"og:title\" content=\"Brise-glace pour conf\u00e9rence\" \/>\n<meta property=\"og:description\" content=\"Conference Icebreaker pour cr\u00e9er une atmosph\u00e8re dynamique et engageante pour votre public, qui contribuera certainement au succ\u00e8s de votre \u00e9v\u00e9nement. Un vrai plaisir pour la foule.\" \/>\n<meta property=\"og:url\" content=\"https:\/\/mspteambuilding.ca\/produit\/conference-icebreaker\/\" \/>\n<meta property=\"og:site_name\" content=\"MSP Teambuilding\" \/>\n<meta property=\"article:publisher\" content=\"https:\/\/www.facebook.com\/mspteambuilding\" \/>\n<meta property=\"article:modified_time\" content=\"2023-11-11T01:09:22+00:00\" \/>\n<meta property=\"og:image\" content=\"https:\/\/mspteambuilding.ca\/wp-content\/uploads\/2017\/06\/18987543_1434143393310323_349432289_o.jpg\" \/>\n\t<meta property=\"og:image:width\" content=\"1920\" \/>\n\t<meta property=\"og:image:height\" content=\"1920\" \/>\n\t<meta property=\"og:image:type\" content=\"image\/jpeg\" \/>\n<meta name=\"twitter:card\" content=\"summary_large_image\" \/>\n<meta name=\"twitter:site\" content=\"@teambuildingmsp\" \/>\n<meta name=\"twitter:label1\" content=\"Dur\u00e9e de lecture estim\u00e9e\" \/>\n\t<meta name=\"twitter:data1\" content=\"1 minute\" \/>\n<script type=\"application\/ld+json\" class=\"yoast-schema-graph\">{\"@context\":\"https:\\\/\\\/schema.org\",\"@graph\":[{\"@type\":\"WebPage\",\"@id\":\"https:\\\/\\\/mspteambuilding.ca\\\/produit\\\/conference-icebreaker\\\/\",\"url\":\"https:\\\/\\\/mspteambuilding.ca\\\/produit\\\/conference-icebreaker\\\/\",\"name\":\"Brise-Glace Conf\u00e9rence pour votre \u00e9v\u00e9nement - R\u00e9servez ici | MSP Teambuilding\",\"isPartOf\":{\"@id\":\"https:\\\/\\\/mspteambuilding.ca\\\/#website\"},\"primaryImageOfPage\":{\"@id\":\"https:\\\/\\\/mspteambuilding.ca\\\/produit\\\/conference-icebreaker\\\/#primaryimage\"},\"image\":{\"@id\":\"https:\\\/\\\/mspteambuilding.ca\\\/produit\\\/conference-icebreaker\\\/#primaryimage\"},\"thumbnailUrl\":\"https:\\\/\\\/mspteambuilding.ca\\\/wp-content\\\/uploads\\\/2017\\\/06\\\/18987543_1434143393310323_349432289_o.jpg\",\"datePublished\":\"2018-01-03T18:22:11+00:00\",\"dateModified\":\"2023-11-11T01:09:22+00:00\",\"description\":\"Conference Icebreaker pour cr\u00e9er une atmosph\u00e8re dynamique et engageante pour votre public, qui contribuera certainement au succ\u00e8s de votre \u00e9v\u00e9nement. Un vrai plaisir pour la foule.\",\"breadcrumb\":{\"@id\":\"https:\\\/\\\/mspteambuilding.ca\\\/produit\\\/conference-icebreaker\\\/#breadcrumb\"},\"inLanguage\":\"fr-FR\",\"potentialAction\":[{\"@type\":\"ReadAction\",\"target\":[\"https:\\\/\\\/mspteambuilding.ca\\\/produit\\\/conference-icebreaker\\\/\"]}]},{\"@type\":\"ImageObject\",\"inLanguage\":\"fr-FR\",\"@id\":\"https:\\\/\\\/mspteambuilding.ca\\\/produit\\\/conference-icebreaker\\\/#primaryimage\",\"url\":\"https:\\\/\\\/mspteambuilding.ca\\\/wp-content\\\/uploads\\\/2017\\\/06\\\/18987543_1434143393310323_349432289_o.jpg\",\"contentUrl\":\"https:\\\/\\\/mspteambuilding.ca\\\/wp-content\\\/uploads\\\/2017\\\/06\\\/18987543_1434143393310323_349432289_o.jpg\",\"width\":1920,\"height\":1920,\"caption\":\"Brise-Glace pour conf\u00e9rences avec MSP Teambuilding\"},{\"@type\":\"BreadcrumbList\",\"@id\":\"https:\\\/\\\/mspteambuilding.ca\\\/produit\\\/conference-icebreaker\\\/#breadcrumb\",\"itemListElement\":[{\"@type\":\"ListItem\",\"position\":1,\"name\":\"Home\",\"item\":\"https:\\\/\\\/mspteambuilding.ca\\\/fr\\\/\"},{\"@type\":\"ListItem\",\"position\":2,\"name\":\"Magasinez\",\"item\":\"https:\\\/\\\/mspteambuilding.ca\\\/team-building-activities\\\/\"},{\"@type\":\"ListItem\",\"position\":3,\"name\":\"Brise-glace pour conf\u00e9rence\"}]},{\"@type\":\"WebSite\",\"@id\":\"https:\\\/\\\/mspteambuilding.ca\\\/#website\",\"url\":\"https:\\\/\\\/mspteambuilding.ca\\\/\",\"name\":\"MSP Teambuilding\",\"description\":\"Transforming Company Culture, One Human Connection at a time.\",\"publisher\":{\"@id\":\"https:\\\/\\\/mspteambuilding.ca\\\/#organization\"},\"potentialAction\":[{\"@type\":\"SearchAction\",\"target\":{\"@type\":\"EntryPoint\",\"urlTemplate\":\"https:\\\/\\\/mspteambuilding.ca\\\/?s={search_term_string}\"},\"query-input\":{\"@type\":\"PropertyValueSpecification\",\"valueRequired\":true,\"valueName\":\"search_term_string\"}}],\"inLanguage\":\"fr-FR\"},{\"@type\":\"Organization\",\"@id\":\"https:\\\/\\\/mspteambuilding.ca\\\/#organization\",\"name\":\"MSP TeamBuilding\",\"url\":\"https:\\\/\\\/mspteambuilding.ca\\\/\",\"logo\":{\"@type\":\"ImageObject\",\"inLanguage\":\"fr-FR\",\"@id\":\"https:\\\/\\\/mspteambuilding.ca\\\/#\\\/schema\\\/logo\\\/image\\\/\",\"url\":\"https:\\\/\\\/mspteambuilding.ca\\\/wp-content\\\/uploads\\\/2019\\\/03\\\/cropped-mspteambuilding-favicon.png\",\"contentUrl\":\"https:\\\/\\\/mspteambuilding.ca\\\/wp-content\\\/uploads\\\/2019\\\/03\\\/cropped-mspteambuilding-favicon.png\",\"width\":512,\"height\":512,\"caption\":\"MSP TeamBuilding\"},\"image\":{\"@id\":\"https:\\\/\\\/mspteambuilding.ca\\\/#\\\/schema\\\/logo\\\/image\\\/\"},\"sameAs\":[\"https:\\\/\\\/www.facebook.com\\\/mspteambuilding\",\"https:\\\/\\\/x.com\\\/teambuildingmsp\",\"https:\\\/\\\/www.instagram.com\\\/mspteambuilding\\\/\",\"https:\\\/\\\/www.linkedin.com\\\/company\\\/msp-teambuilding\",\"https:\\\/\\\/www.youtube.com\\\/channel\\\/UCKzGwb2bi6TEYMFmEfboppg\\\/\"]}]}<\/script>\n<!-- \/ Yoast SEO Premium plugin. -->","yoast_head_json":{"title":"Brise-Glace Conf\u00e9rence pour votre \u00e9v\u00e9nement - R\u00e9servez ici | MSP Teambuilding","description":"Conference Icebreaker pour cr\u00e9er une atmosph\u00e8re dynamique et engageante pour votre public, qui contribuera certainement au succ\u00e8s de votre \u00e9v\u00e9nement. Un vrai plaisir pour la foule.","robots":{"index":"index","follow":"follow","max-snippet":"max-snippet:-1","max-image-preview":"max-image-preview:large","max-video-preview":"max-video-preview:-1"},"canonical":"https:\/\/mspteambuilding.ca\/produit\/conference-icebreaker\/","og_locale":"fr_FR","og_type":"article","og_title":"Brise-glace pour conf\u00e9rence","og_description":"Conference Icebreaker pour cr\u00e9er une atmosph\u00e8re dynamique et engageante pour votre public, qui contribuera certainement au succ\u00e8s de votre \u00e9v\u00e9nement. Un vrai plaisir pour la foule.","og_url":"https:\/\/mspteambuilding.ca\/produit\/conference-icebreaker\/","og_site_name":"MSP Teambuilding","article_publisher":"https:\/\/www.facebook.com\/mspteambuilding","article_modified_time":"2023-11-11T01:09:22+00:00","og_image":[{"width":1920,"height":1920,"url":"https:\/\/mspteambuilding.ca\/wp-content\/uploads\/2017\/06\/18987543_1434143393310323_349432289_o.jpg","type":"image\/jpeg"}],"twitter_card":"summary_large_image","twitter_site":"@teambuildingmsp","twitter_misc":{"Dur\u00e9e de lecture estim\u00e9e":"1 minute"},"schema":{"@context":"https:\/\/schema.org","@graph":[{"@type":"WebPage","@id":"https:\/\/mspteambuilding.ca\/produit\/conference-icebreaker\/","url":"https:\/\/mspteambuilding.ca\/produit\/conference-icebreaker\/","name":"Brise-Glace Conf\u00e9rence pour votre \u00e9v\u00e9nement - R\u00e9servez ici | MSP Teambuilding","isPartOf":{"@id":"https:\/\/mspteambuilding.ca\/#website"},"primaryImageOfPage":{"@id":"https:\/\/mspteambuilding.ca\/produit\/conference-icebreaker\/#primaryimage"},"image":{"@id":"https:\/\/mspteambuilding.ca\/produit\/conference-icebreaker\/#primaryimage"},"thumbnailUrl":"https:\/\/mspteambuilding.ca\/wp-content\/uploads\/2017\/06\/18987543_1434143393310323_349432289_o.jpg","datePublished":"2018-01-03T18:22:11+00:00","dateModified":"2023-11-11T01:09:22+00:00","description":"Conference Icebreaker pour cr\u00e9er une atmosph\u00e8re dynamique et engageante pour votre public, qui contribuera certainement au succ\u00e8s de votre \u00e9v\u00e9nement. Un vrai plaisir pour la foule.","breadcrumb":{"@id":"https:\/\/mspteambuilding.ca\/produit\/conference-icebreaker\/#breadcrumb"},"inLanguage":"fr-FR","potentialAction":[{"@type":"ReadAction","target":["https:\/\/mspteambuilding.ca\/produit\/conference-icebreaker\/"]}]},{"@type":"ImageObject","inLanguage":"fr-FR","@id":"https:\/\/mspteambuilding.ca\/produit\/conference-icebreaker\/#primaryimage","url":"https:\/\/mspteambuilding.ca\/wp-content\/uploads\/2017\/06\/18987543_1434143393310323_349432289_o.jpg","contentUrl":"https:\/\/mspteambuilding.ca\/wp-content\/uploads\/2017\/06\/18987543_1434143393310323_349432289_o.jpg","width":1920,"height":1920,"caption":"Brise-Glace pour conf\u00e9rences avec MSP Teambuilding"},{"@type":"BreadcrumbList","@id":"https:\/\/mspteambuilding.ca\/produit\/conference-icebreaker\/#breadcrumb","itemListElement":[{"@type":"ListItem","position":1,"name":"Home","item":"https:\/\/mspteambuilding.ca\/fr\/"},{"@type":"ListItem","position":2,"name":"Magasinez","item":"https:\/\/mspteambuilding.ca\/team-building-activities\/"},{"@type":"ListItem","position":3,"name":"Brise-glace pour conf\u00e9rence"}]},{"@type":"WebSite","@id":"https:\/\/mspteambuilding.ca\/#website","url":"https:\/\/mspteambuilding.ca\/","name":"MSP Teambuilding","description":"Transforming Company Culture, One Human Connection at a time.","publisher":{"@id":"https:\/\/mspteambuilding.ca\/#organization"},"potentialAction":[{"@type":"SearchAction","target":{"@type":"EntryPoint","urlTemplate":"https:\/\/mspteambuilding.ca\/?s={search_term_string}"},"query-input":{"@type":"PropertyValueSpecification","valueRequired":true,"valueName":"search_term_string"}}],"inLanguage":"fr-FR"},{"@type":"Organization","@id":"https:\/\/mspteambuilding.ca\/#organization","name":"MSP TeamBuilding","url":"https:\/\/mspteambuilding.ca\/","logo":{"@type":"ImageObject","inLanguage":"fr-FR","@id":"https:\/\/mspteambuilding.ca\/#\/schema\/logo\/image\/","url":"https:\/\/mspteambuilding.ca\/wp-content\/uploads\/2019\/03\/cropped-mspteambuilding-favicon.png","contentUrl":"https:\/\/mspteambuilding.ca\/wp-content\/uploads\/2019\/03\/cropped-mspteambuilding-favicon.png","width":512,"height":512,"caption":"MSP TeamBuilding"},"image":{"@id":"https:\/\/mspteambuilding.ca\/#\/schema\/logo\/image\/"},"sameAs":["https:\/\/www.facebook.com\/mspteambuilding","https:\/\/x.com\/teambuildingmsp","https:\/\/www.instagram.com\/mspteambuilding\/","https:\/\/www.linkedin.com\/company\/msp-teambuilding","https:\/\/www.youtube.com\/channel\/UCKzGwb2bi6TEYMFmEfboppg\/"]}]}},"_links":{"self":[{"href":"https:\/\/mspteambuilding.ca\/fr\/wp-json\/wp\/v2\/product\/8718","targetHints":{"allow":["GET"]}}],"collection":[{"href":"https:\/\/mspteambuilding.ca\/fr\/wp-json\/wp\/v2\/product"}],"about":[{"href":"https:\/\/mspteambuilding.ca\/fr\/wp-json\/wp\/v2\/types\/product"}],"replies":[{"embeddable":true,"href":"https:\/\/mspteambuilding.ca\/fr\/wp-json\/wp\/v2\/comments?post=8718"}],"wp:featuredmedia":[{"embeddable":true,"href":"https:\/\/mspteambuilding.ca\/fr\/wp-json\/wp\/v2\/media\/8122"}],"wp:attachment":[{"href":"https:\/\/mspteambuilding.ca\/fr\/wp-json\/wp\/v2\/media?parent=8718"}],"wp:term":[{"taxonomy":"product_brand","embeddable":true,"href":"https:\/\/mspteambuilding.ca\/fr\/wp-json\/wp\/v2\/product_brand?post=8718"},{"taxonomy":"product_cat","embeddable":true,"href":"https:\/\/mspteambuilding.ca\/fr\/wp-json\/wp\/v2\/product_cat?post=8718"},{"taxonomy":"product_tag","embeddable":true,"href":"https:\/\/mspteambuilding.ca\/fr\/wp-json\/wp\/v2\/product_tag?post=8718"}],"curies":[{"name":"wp","href":"https:\/\/api.w.org\/{rel}","templated":true}]}}