{"id":9406,"date":"2018-12-05T21:42:41","date_gmt":"2018-12-05T21:42:41","guid":{"rendered":"http:\/\/mspteambuilding.ca\/?post_type=product&#038;p=9406\/"},"modified":"2022-12-14T09:00:14","modified_gmt":"2022-12-14T09:00:14","slug":"arts-visuels-devoilez-votre-chef-doeuvre-team-building-creatif","status":"publish","type":"product","link":"https:\/\/mspteambuilding.ca\/fr\/produit\/arts-visuels-devoilez-votre-chef-doeuvre-team-building-creatif\/","title":{"rendered":"D\u00e9voilez votre chef-d&#8217;oeuvre"},"content":{"rendered":"<p><strong><span style=\"vertical-align: inherit;\"><span style=\"vertical-align: inherit;\">The Unveil Your Masterpiece program offers several options. <\/span><span style=\"vertical-align: inherit;\">We can accommodate different group sizes, and we will adapt to your needs.<\/span><\/span><\/strong><\/p>\n<h5><strong><span style=\"vertical-align: inherit;\"><span style=\"vertical-align: inherit;\">WHAT&#8217;S INCLUDED<\/span><\/span><\/strong><\/h5>\n<ul>\n<li style=\"font-weight: 400;\"><span style=\"font-weight: 400;\"><span style=\"vertical-align: inherit;\"><span style=\"vertical-align: inherit;\">An introduction and explanation of the activity, as well as drawing\/painting techniques<\/span><\/span><\/span><\/li>\n<li style=\"font-weight: 400;\"><span style=\"font-weight: 400;\"><span style=\"vertical-align: inherit;\"><span style=\"vertical-align: inherit;\">Equipment, materials and\/or tools needed to undertake the activity*<\/span><\/span><\/span><\/li>\n<li style=\"font-weight: 400;\"><span style=\"font-weight: 400;\"><span style=\"vertical-align: inherit;\"><span style=\"vertical-align: inherit;\">A team of 1-2 facilitators specialized in visual arts<\/span><\/span><\/span><\/li>\n<li style=\"font-weight: 400;\"><span style=\"font-weight: 400;\"><span style=\"vertical-align: inherit;\"><span style=\"vertical-align: inherit;\">Team and group discussion\/sharing at the end of the activity<\/span><\/span><\/span><\/li>\n<li style=\"font-weight: 400;\"><span style=\"font-weight: 400;\"><span style=\"vertical-align: inherit;\"><span style=\"vertical-align: inherit;\">The final masterpiece created by your team<\/span><\/span><\/span><\/li>\n<\/ul>\n<p><i><span style=\"font-weight: 400;\"><span style=\"vertical-align: inherit;\"><span style=\"vertical-align: inherit;\">* Please note that additional fees will apply based on the final size of your group<\/span><\/span><\/span><\/i><\/p>\n<h5><strong><span style=\"vertical-align: inherit;\"><span style=\"vertical-align: inherit;\">SPACE REQUIRED<\/span><\/span><\/strong><\/h5>\n<p><span style=\"vertical-align: inherit;\"><span style=\"vertical-align: inherit;\">An open and well-lit space to accommodate the size of the group. <\/span><span style=\"vertical-align: inherit;\">Tables and chairs should be available as needed. <\/span><span style=\"vertical-align: inherit;\">A space in front of the room is dedicated to creating the work.<\/span><\/span><\/p>\n<p><em><strong><span style=\"vertical-align: inherit;\"><span style=\"vertical-align: inherit;\">Unveil Your Masterpiece<\/span><\/span><\/strong><\/em><span style=\"vertical-align: inherit;\"><span style=\"vertical-align: inherit;\"> is an innovative abstract painting team-building activity that encourages people to let go. <\/span><span style=\"vertical-align: inherit;\">Participants play great artists by grabbing a canvas and brushes to let their imaginations run wild. <\/span><span style=\"vertical-align: inherit;\">They release the colours and shapes that inhabit them to redefine their creativity authentically. <\/span><span style=\"vertical-align: inherit;\">Inspire your team with this pleasant atypical activity!<\/span><\/span><\/p>\n<p><a href=\"mailto:info@mspteambuilding.ca?subject=DEMANDE:%20D\u00e9voilez votre chef-d'oeuvre- D\u00e9tails du programme&amp;body=%20J'aimerais avoir une copie de la description d\u00e9taill\u00e9e de ce programme. Merci.\"><strong><span style=\"vertical-align: inherit;\"><span style=\"vertical-align: inherit;\">CLICK HERE TO REQUEST A DETAILED DESCRIPTION OF THE PROGRAM &amp; SHARE IT WITH YOUR TEAM<\/span><\/span><\/strong><\/a><\/p>\n<p><em><strong><span style=\"vertical-align: inherit;\"><span style=\"vertical-align: inherit;\">Unveil your masterpiece<\/span><\/span><\/strong><\/em><span style=\"vertical-align: inherit;\"><span style=\"vertical-align: inherit;\"> allows all participants to highlight their individual and collective creative potential. <\/span><span style=\"vertical-align: inherit;\">This is the perfect opportunity for your team to work together, gain confidence and strengthen their sense of belonging within the team. <\/span><span style=\"vertical-align: inherit;\">Go on! <\/span><span style=\"vertical-align: inherit;\">Put on an old t-shirt, come to have fun and get to know your team and your creative force better!<\/span><\/span><\/p>\n","protected":false},"excerpt":{"rendered":"<p><span style=\"vertical-align: inherit;\"><span style=\"vertical-align: inherit;\">[edgtf_separator class_name=\"\" type=\"normal\" position=\"left\" color=\"\" border_style=\"solid\" width=\"200px\" thickness=\"\" top_margin=\"20px\" bottom_margin=\"0px\"] <\/span><\/span><br \/>\n<span style=\"vertical-align: inherit;\"><span style=\"vertical-align: inherit;\">[edgtf_custom_font content_custom_font=\" DURATION: 2h-5h\" custom_font_tag=\"h5\" font_family=\"\" font_size=\"16\" line_height=\"0px\" font_style=\"normal\" text_align=\"left\" font_weight=\"700\" color=\"\" text_decoration=\"none\" letter_spacing =\"\"] <\/span><\/span><br \/>\n<span style=\"vertical-align: inherit;\"><span style=\"vertical-align: inherit;\">[edgtf_separator class_name=\"\" type=\"normal\" position=\"left\" color=\"\" border_style=\"solid\" width=\"200px\" thickness=\"\" top_margin=\"0px\" bottom_margin=\"30px\"]<\/span><\/span><\/p>\n<h5><span style=\"vertical-align: inherit;\"><span style=\"vertical-align: inherit;\">Discover the shapes and colors that inhabit your team<\/span><\/span><\/h5>\n<p>&nbsp;<\/p>\n<p><strong><span style=\"vertical-align: inherit;\"><span style=\"vertical-align: inherit;\">GREAT FOR<\/span><\/span><br \/>\n<\/strong><span style=\"vertical-align: inherit;\"><span style=\"vertical-align: inherit;\"> Team creativity <\/span><\/span><br \/>\n<span style=\"vertical-align: inherit;\"><span style=\"vertical-align: inherit;\">Learning to deal with ambiguity<\/span><\/span><br \/>\n<span style=\"vertical-align: inherit;\"><span style=\"vertical-align: inherit;\"> Networking <\/span><\/span><br \/>\n<span style=\"vertical-align: inherit;\"><span style=\"vertical-align: inherit;\">Communication strategy<\/span><\/span><br \/>\n<span style=\"vertical-align: inherit;\"><span style=\"vertical-align: inherit;\"> Encouraging openness towards others <\/span><\/span><br \/>\n<span style=\"vertical-align: inherit;\"><span style=\"vertical-align: inherit;\">Emotional intelligence <\/span><\/span><br \/>\n<span style=\"vertical-align: inherit;\"><span style=\"vertical-align: inherit;\">Reinforcing the company&#8217;s mission and values <\/span><\/span><br \/>\n<span style=\"vertical-align: inherit;\"><span style=\"vertical-align: inherit;\">\u200b\u200bIncreasing the sense of belonging<\/span><\/span><\/p>\n<p><strong><span style=\"vertical-align: inherit;\"><span style=\"vertical-align: inherit;\">GROUP SIZE:<\/span><\/span><\/strong><span style=\"vertical-align: inherit;\"><span style=\"vertical-align: inherit;\"> \u00a010-100+<\/span><\/span><\/p>\n<p><em><strong><span style=\"vertical-align: inherit;\"><span style=\"vertical-align: inherit;\">Unveil your masterpiece<\/span><\/span><\/strong><\/em><span style=\"vertical-align: inherit;\"><span style=\"vertical-align: inherit;\"> is an innovative abstract painting team building activity that encourages people to let go. <\/span><span style=\"vertical-align: inherit;\">Participants play great artists by grabbing a canvas and brushes to let their imaginations run wild. <\/span><span style=\"vertical-align: inherit;\">They release the colors and shapes that inhabit them to redefine their creativity in an authentic way. <\/span><span style=\"vertical-align: inherit;\">Inspire your team with this pleasant atypical activity!<\/span><\/span><\/p>\n<p><a href=\"mailto:info@mspteambuilding.ca?subject=DEMANDE:%20D\u00e9voilez votre chef-d'oeuvre- D\u00e9tails du programme&amp;body=%20J'aimerais avoir une copie de la description d\u00e9taill\u00e9e de ce programme. Merci.\"><strong><span style=\"vertical-align: inherit;\"><span style=\"vertical-align: inherit;\">CLICK HERE TO REQUEST A DETAILED DESCRIPTION OF THE PROGRAM &amp; SHARE IT WITH YOUR TEAM<\/span><\/span><\/strong><\/a><\/p>\n<p><em><strong><span style=\"vertical-align: inherit;\"><span style=\"vertical-align: inherit;\">Unveil your masterpiece<\/span><\/span><\/strong><\/em><span style=\"vertical-align: inherit;\"><span style=\"vertical-align: inherit;\"> allows all participants to highlight their individual and collective creative potential. <\/span><span style=\"vertical-align: inherit;\">This is the perfect opportunity for your team to work together, gain confidence and strengthen their sense of belonging within the team. <\/span><span style=\"vertical-align: inherit;\">Go on! <\/span><span style=\"vertical-align: inherit;\">Put on an old t-shirt, come have fun and get to know your team and your creative force better!<\/span><\/span><\/p>\n<p><strong><span style=\"vertical-align: inherit;\"><span style=\"vertical-align: inherit;\">ADAPTATION<\/span><\/span><\/strong><br \/>\n<span style=\"vertical-align: inherit;\"><span style=\"vertical-align: inherit;\"> This program can be personalized according to your needs. <\/span><span style=\"vertical-align: inherit;\">Want to do a photo shoot to commemorate this activity? <\/span><span style=\"vertical-align: inherit;\">We can do that. <\/span><span style=\"vertical-align: inherit;\">Want a bigger challenge? <\/span><span style=\"vertical-align: inherit;\">We know what you need. <\/span><span style=\"vertical-align: inherit;\">Want to up the fun and add prizes? <\/span><span style=\"vertical-align: inherit;\">No problem! <\/span><span style=\"vertical-align: inherit;\">Other ideas? <\/span><span style=\"vertical-align: inherit;\">Let us know and we will find the perfect solution together.<\/span><\/span><\/p>\n<p><strong><span style=\"vertical-align: inherit;\"><span style=\"vertical-align: inherit;\">TECHNICAL DETAILS<\/span><\/span><br \/>\n<\/strong><span style=\"vertical-align: inherit;\"><span style=\"vertical-align: inherit;\"> For more information on what is included in this program and the space required, please scroll down to the description tab below.<\/span><\/span><\/p>\n<p><span style=\"vertical-align: inherit;\"><span style=\"vertical-align: inherit;\">[edgtf_custom_font content_custom_font=\"PRICE REQUEST\" custom_font_tag=\"h5\" font_family=\"\" font_size=\"20\" line_height=\"0px\" font_style=\"normal\" text_align=\"left\" font_weight=\"700\" color=\"\" text_decoration=\" none\" letter_spacing=\"\"] <\/span><\/span><br \/>\n<strong><em><br \/>\n<\/em><span style=\"vertical-align: inherit;\"><span style=\"vertical-align: inherit;\">The Reveal Your Masterpiece program offers several options. <\/span><span style=\"vertical-align: inherit;\">We can accommodate different group sizes and we will adapt to your needs.<\/span><\/span><br \/>\n<\/strong><\/p>\n<p><span style=\"vertical-align: inherit;\"><span style=\"vertical-align: inherit;\">Please complete the form below and one of our representatives will contact you shortly.<\/span><\/span><\/p>\n[wpforms id=\"15444\" title=\"false\"]\n","protected":false},"featured_media":9441,"comment_status":"open","ping_status":"closed","template":"","meta":{"_acf_changed":false},"product_brand":[],"product_cat":[1474,1444,1509,1551,1470,1527,1525,1494,1445,1482,1476,1501,1529,1426,206,1511,1459,1466,1519,1478,1488,1446,1536,1513,1451,1515,1507,1484,1546,1455,1456,1449,1505,1554,1543,1448,207,1531,1540,1472,1480,1496,1499,1542,1538,1490,1534,1552,1468,1548,172,1553,1503,1492,1462,1517,1464,1523,1521,1550],"product_tag":[1601],"class_list":{"0":"post-9406","1":"product","2":"type-product","3":"status-publish","4":"has-post-thumbnail","6":"product_cat-abbotsford","7":"product_cat-alberta","8":"product_cat-brampton","9":"product_cat-brandon","10":"product_cat-burnaby","11":"product_cat-calgary-et-environs","12":"product_cat-cambridge","13":"product_cat-chicoutimi-jonquiere","14":"product_cat-colombie-britannique","15":"product_cat-coquitlam","16":"product_cat-delta","17":"product_cat-drummondville","18":"product_cat-edmonton-et-environs","19":"product_cat-en-personne","20":"product_cat-engagement","21":"product_cat-hamilton","22":"product_cat-ile-du-prince-edouard","23":"product_cat-kelowna","24":"product_cat-kitchener","25":"product_cat-langley","26":"product_cat-laurentides","27":"product_cat-les-maritimes","28":"product_cat-lethbridge","29":"product_cat-london","30":"product_cat-manitoba-2","31":"product_cat-markham","32":"product_cat-mississauga","33":"product_cat-montreal","34":"product_cat-moose-jaw","35":"product_cat-nouveau-brunswick","36":"product_cat-nouvelle-ecosse","37":"product_cat-ontario-2","38":"product_cat-ottawa","39":"product_cat-portage-la-prairie","40":"product_cat-prince-albert","41":"product_cat-quebec","42":"product_cat-reconnaissance","43":"product_cat-red-deer","44":"product_cat-regina","45":"product_cat-richmond","46":"product_cat-saanich","47":"product_cat-saint-jean-sur-richelieu","48":"product_cat-saint-jerome","49":"product_cat-saskatchewan","50":"product_cat-saskatoon","51":"product_cat-sherbrooke","52":"product_cat-st-albert","53":"product_cat-steinbach","54":"product_cat-surrey","55":"product_cat-swift-current","56":"product_cat-team-building-creatif-artistique-musical","57":"product_cat-thompson","58":"product_cat-toronto-gta","59":"product_cat-trois-rivieres","60":"product_cat-vancouver-et-gvr","61":"product_cat-vaughan","62":"product_cat-victoria","63":"product_cat-waterloo","64":"product_cat-windsor","65":"product_cat-winnipeg","66":"product_tag-en-personne","67":"pa_activity-type-creative","68":"pa_activity-type-culture-dentreprise","69":"pa_activity-type-divertissement","70":"pa_activity-type-ie-intelligence-emotionnelle","71":"pa_activity-type-reconnaissance-de-lequipe","72":"pa_play-type-team-fr","73":"pa_time-1-2hrs","75":"first","76":"instock","77":"product-type-simple"},"acf":[],"yoast_head":"<!-- This site is optimized with the Yoast SEO Premium plugin v21.8 (Yoast SEO v27.3) - https:\/\/yoast.com\/product\/yoast-seo-premium-wordpress\/ -->\n<title>D\u00e9voilez votre chef-d\u2019oeuvre - Team building cr\u00e9atif | MSP Teambuilding<\/title>\n<meta name=\"description\" content=\"D\u00e9voilez votre chef-d\u2019oeuvre est une activit\u00e9 en peinture abstraite qui encourage les personnes \u00e0 laisser libre cours \u00e0 leur imagination! Plus d\u2019infos ici.\" \/>\n<meta name=\"robots\" content=\"index, follow, max-snippet:-1, max-image-preview:large, max-video-preview:-1\" \/>\n<link rel=\"canonical\" href=\"https:\/\/mspteambuilding.ca\/produit\/creative-team-building-visual-arts-unveil-your-masterpiece\/\" \/>\n<meta property=\"og:locale\" content=\"fr_FR\" \/>\n<meta property=\"og:type\" content=\"article\" \/>\n<meta property=\"og:title\" content=\"D\u00e9voilez votre chef-d&#039;oeuvre\" \/>\n<meta property=\"og:description\" content=\"D\u00e9voilez votre chef-d\u2019oeuvre est une activit\u00e9 en peinture abstraite qui encourage les personnes \u00e0 laisser libre cours \u00e0 leur imagination! Plus d\u2019infos ici.\" \/>\n<meta property=\"og:url\" content=\"https:\/\/mspteambuilding.ca\/produit\/creative-team-building-visual-arts-unveil-your-masterpiece\/\" \/>\n<meta property=\"og:site_name\" content=\"MSP Teambuilding\" \/>\n<meta property=\"article:publisher\" content=\"https:\/\/www.facebook.com\/mspteambuilding\" \/>\n<meta property=\"article:modified_time\" content=\"2022-12-14T09:00:14+00:00\" \/>\n<meta property=\"og:image\" content=\"https:\/\/mspteambuilding.ca\/wp-content\/uploads\/2018\/12\/abstract-canvas-painting.jpg\" \/>\n\t<meta property=\"og:image:width\" content=\"1000\" \/>\n\t<meta property=\"og:image:height\" content=\"1000\" \/>\n\t<meta property=\"og:image:type\" content=\"image\/jpeg\" \/>\n<meta name=\"twitter:card\" content=\"summary_large_image\" \/>\n<meta name=\"twitter:site\" content=\"@teambuildingmsp\" \/>\n<meta name=\"twitter:label1\" content=\"Dur\u00e9e de lecture estim\u00e9e\" \/>\n\t<meta name=\"twitter:data1\" content=\"1 minute\" \/>\n<script type=\"application\/ld+json\" class=\"yoast-schema-graph\">{\"@context\":\"https:\\\/\\\/schema.org\",\"@graph\":[{\"@type\":\"WebPage\",\"@id\":\"https:\\\/\\\/mspteambuilding.ca\\\/produit\\\/creative-team-building-visual-arts-unveil-your-masterpiece\\\/\",\"url\":\"https:\\\/\\\/mspteambuilding.ca\\\/produit\\\/creative-team-building-visual-arts-unveil-your-masterpiece\\\/\",\"name\":\"D\u00e9voilez votre chef-d\u2019oeuvre - Team building cr\u00e9atif | MSP Teambuilding\",\"isPartOf\":{\"@id\":\"https:\\\/\\\/mspteambuilding.ca\\\/#website\"},\"primaryImageOfPage\":{\"@id\":\"https:\\\/\\\/mspteambuilding.ca\\\/produit\\\/creative-team-building-visual-arts-unveil-your-masterpiece\\\/#primaryimage\"},\"image\":{\"@id\":\"https:\\\/\\\/mspteambuilding.ca\\\/produit\\\/creative-team-building-visual-arts-unveil-your-masterpiece\\\/#primaryimage\"},\"thumbnailUrl\":\"https:\\\/\\\/mspteambuilding.ca\\\/wp-content\\\/uploads\\\/2018\\\/12\\\/abstract-canvas-painting.jpg\",\"datePublished\":\"2018-12-05T21:42:41+00:00\",\"dateModified\":\"2022-12-14T09:00:14+00:00\",\"description\":\"D\u00e9voilez votre chef-d\u2019oeuvre est une activit\u00e9 en peinture abstraite qui encourage les personnes \u00e0 laisser libre cours \u00e0 leur imagination! Plus d\u2019infos ici.\",\"breadcrumb\":{\"@id\":\"https:\\\/\\\/mspteambuilding.ca\\\/produit\\\/creative-team-building-visual-arts-unveil-your-masterpiece\\\/#breadcrumb\"},\"inLanguage\":\"fr-FR\",\"potentialAction\":[{\"@type\":\"ReadAction\",\"target\":[\"https:\\\/\\\/mspteambuilding.ca\\\/produit\\\/creative-team-building-visual-arts-unveil-your-masterpiece\\\/\"]}]},{\"@type\":\"ImageObject\",\"inLanguage\":\"fr-FR\",\"@id\":\"https:\\\/\\\/mspteambuilding.ca\\\/produit\\\/creative-team-building-visual-arts-unveil-your-masterpiece\\\/#primaryimage\",\"url\":\"https:\\\/\\\/mspteambuilding.ca\\\/wp-content\\\/uploads\\\/2018\\\/12\\\/abstract-canvas-painting.jpg\",\"contentUrl\":\"https:\\\/\\\/mspteambuilding.ca\\\/wp-content\\\/uploads\\\/2018\\\/12\\\/abstract-canvas-painting.jpg\",\"width\":1000,\"height\":1000,\"caption\":\"Unveil your masterpiece team building with MSP Teambuilding\"},{\"@type\":\"BreadcrumbList\",\"@id\":\"https:\\\/\\\/mspteambuilding.ca\\\/produit\\\/creative-team-building-visual-arts-unveil-your-masterpiece\\\/#breadcrumb\",\"itemListElement\":[{\"@type\":\"ListItem\",\"position\":1,\"name\":\"Home\",\"item\":\"https:\\\/\\\/mspteambuilding.ca\\\/fr\\\/\"},{\"@type\":\"ListItem\",\"position\":2,\"name\":\"Magasinez\",\"item\":\"https:\\\/\\\/mspteambuilding.ca\\\/team-building-activities\\\/\"},{\"@type\":\"ListItem\",\"position\":3,\"name\":\"D\u00e9voilez votre chef-d&#8217;oeuvre\"}]},{\"@type\":\"WebSite\",\"@id\":\"https:\\\/\\\/mspteambuilding.ca\\\/#website\",\"url\":\"https:\\\/\\\/mspteambuilding.ca\\\/\",\"name\":\"MSP Teambuilding\",\"description\":\"Transforming Company Culture, One Human Connection at a time.\",\"publisher\":{\"@id\":\"https:\\\/\\\/mspteambuilding.ca\\\/#organization\"},\"potentialAction\":[{\"@type\":\"SearchAction\",\"target\":{\"@type\":\"EntryPoint\",\"urlTemplate\":\"https:\\\/\\\/mspteambuilding.ca\\\/?s={search_term_string}\"},\"query-input\":{\"@type\":\"PropertyValueSpecification\",\"valueRequired\":true,\"valueName\":\"search_term_string\"}}],\"inLanguage\":\"fr-FR\"},{\"@type\":\"Organization\",\"@id\":\"https:\\\/\\\/mspteambuilding.ca\\\/#organization\",\"name\":\"MSP TeamBuilding\",\"url\":\"https:\\\/\\\/mspteambuilding.ca\\\/\",\"logo\":{\"@type\":\"ImageObject\",\"inLanguage\":\"fr-FR\",\"@id\":\"https:\\\/\\\/mspteambuilding.ca\\\/#\\\/schema\\\/logo\\\/image\\\/\",\"url\":\"https:\\\/\\\/mspteambuilding.ca\\\/wp-content\\\/uploads\\\/2019\\\/03\\\/cropped-mspteambuilding-favicon.png\",\"contentUrl\":\"https:\\\/\\\/mspteambuilding.ca\\\/wp-content\\\/uploads\\\/2019\\\/03\\\/cropped-mspteambuilding-favicon.png\",\"width\":512,\"height\":512,\"caption\":\"MSP TeamBuilding\"},\"image\":{\"@id\":\"https:\\\/\\\/mspteambuilding.ca\\\/#\\\/schema\\\/logo\\\/image\\\/\"},\"sameAs\":[\"https:\\\/\\\/www.facebook.com\\\/mspteambuilding\",\"https:\\\/\\\/x.com\\\/teambuildingmsp\",\"https:\\\/\\\/www.instagram.com\\\/mspteambuilding\\\/\",\"https:\\\/\\\/www.linkedin.com\\\/company\\\/msp-teambuilding\",\"https:\\\/\\\/www.youtube.com\\\/channel\\\/UCKzGwb2bi6TEYMFmEfboppg\\\/\"]}]}<\/script>\n<!-- \/ Yoast SEO Premium plugin. -->","yoast_head_json":{"title":"D\u00e9voilez votre chef-d\u2019oeuvre - Team building cr\u00e9atif | MSP Teambuilding","description":"D\u00e9voilez votre chef-d\u2019oeuvre est une activit\u00e9 en peinture abstraite qui encourage les personnes \u00e0 laisser libre cours \u00e0 leur imagination! Plus d\u2019infos ici.","robots":{"index":"index","follow":"follow","max-snippet":"max-snippet:-1","max-image-preview":"max-image-preview:large","max-video-preview":"max-video-preview:-1"},"canonical":"https:\/\/mspteambuilding.ca\/produit\/creative-team-building-visual-arts-unveil-your-masterpiece\/","og_locale":"fr_FR","og_type":"article","og_title":"D\u00e9voilez votre chef-d'oeuvre","og_description":"D\u00e9voilez votre chef-d\u2019oeuvre est une activit\u00e9 en peinture abstraite qui encourage les personnes \u00e0 laisser libre cours \u00e0 leur imagination! Plus d\u2019infos ici.","og_url":"https:\/\/mspteambuilding.ca\/produit\/creative-team-building-visual-arts-unveil-your-masterpiece\/","og_site_name":"MSP Teambuilding","article_publisher":"https:\/\/www.facebook.com\/mspteambuilding","article_modified_time":"2022-12-14T09:00:14+00:00","og_image":[{"width":1000,"height":1000,"url":"https:\/\/mspteambuilding.ca\/wp-content\/uploads\/2018\/12\/abstract-canvas-painting.jpg","type":"image\/jpeg"}],"twitter_card":"summary_large_image","twitter_site":"@teambuildingmsp","twitter_misc":{"Dur\u00e9e de lecture estim\u00e9e":"1 minute"},"schema":{"@context":"https:\/\/schema.org","@graph":[{"@type":"WebPage","@id":"https:\/\/mspteambuilding.ca\/produit\/creative-team-building-visual-arts-unveil-your-masterpiece\/","url":"https:\/\/mspteambuilding.ca\/produit\/creative-team-building-visual-arts-unveil-your-masterpiece\/","name":"D\u00e9voilez votre chef-d\u2019oeuvre - Team building cr\u00e9atif | MSP Teambuilding","isPartOf":{"@id":"https:\/\/mspteambuilding.ca\/#website"},"primaryImageOfPage":{"@id":"https:\/\/mspteambuilding.ca\/produit\/creative-team-building-visual-arts-unveil-your-masterpiece\/#primaryimage"},"image":{"@id":"https:\/\/mspteambuilding.ca\/produit\/creative-team-building-visual-arts-unveil-your-masterpiece\/#primaryimage"},"thumbnailUrl":"https:\/\/mspteambuilding.ca\/wp-content\/uploads\/2018\/12\/abstract-canvas-painting.jpg","datePublished":"2018-12-05T21:42:41+00:00","dateModified":"2022-12-14T09:00:14+00:00","description":"D\u00e9voilez votre chef-d\u2019oeuvre est une activit\u00e9 en peinture abstraite qui encourage les personnes \u00e0 laisser libre cours \u00e0 leur imagination! Plus d\u2019infos ici.","breadcrumb":{"@id":"https:\/\/mspteambuilding.ca\/produit\/creative-team-building-visual-arts-unveil-your-masterpiece\/#breadcrumb"},"inLanguage":"fr-FR","potentialAction":[{"@type":"ReadAction","target":["https:\/\/mspteambuilding.ca\/produit\/creative-team-building-visual-arts-unveil-your-masterpiece\/"]}]},{"@type":"ImageObject","inLanguage":"fr-FR","@id":"https:\/\/mspteambuilding.ca\/produit\/creative-team-building-visual-arts-unveil-your-masterpiece\/#primaryimage","url":"https:\/\/mspteambuilding.ca\/wp-content\/uploads\/2018\/12\/abstract-canvas-painting.jpg","contentUrl":"https:\/\/mspteambuilding.ca\/wp-content\/uploads\/2018\/12\/abstract-canvas-painting.jpg","width":1000,"height":1000,"caption":"Unveil your masterpiece team building with MSP Teambuilding"},{"@type":"BreadcrumbList","@id":"https:\/\/mspteambuilding.ca\/produit\/creative-team-building-visual-arts-unveil-your-masterpiece\/#breadcrumb","itemListElement":[{"@type":"ListItem","position":1,"name":"Home","item":"https:\/\/mspteambuilding.ca\/fr\/"},{"@type":"ListItem","position":2,"name":"Magasinez","item":"https:\/\/mspteambuilding.ca\/team-building-activities\/"},{"@type":"ListItem","position":3,"name":"D\u00e9voilez votre chef-d&#8217;oeuvre"}]},{"@type":"WebSite","@id":"https:\/\/mspteambuilding.ca\/#website","url":"https:\/\/mspteambuilding.ca\/","name":"MSP Teambuilding","description":"Transforming Company Culture, One Human Connection at a time.","publisher":{"@id":"https:\/\/mspteambuilding.ca\/#organization"},"potentialAction":[{"@type":"SearchAction","target":{"@type":"EntryPoint","urlTemplate":"https:\/\/mspteambuilding.ca\/?s={search_term_string}"},"query-input":{"@type":"PropertyValueSpecification","valueRequired":true,"valueName":"search_term_string"}}],"inLanguage":"fr-FR"},{"@type":"Organization","@id":"https:\/\/mspteambuilding.ca\/#organization","name":"MSP TeamBuilding","url":"https:\/\/mspteambuilding.ca\/","logo":{"@type":"ImageObject","inLanguage":"fr-FR","@id":"https:\/\/mspteambuilding.ca\/#\/schema\/logo\/image\/","url":"https:\/\/mspteambuilding.ca\/wp-content\/uploads\/2019\/03\/cropped-mspteambuilding-favicon.png","contentUrl":"https:\/\/mspteambuilding.ca\/wp-content\/uploads\/2019\/03\/cropped-mspteambuilding-favicon.png","width":512,"height":512,"caption":"MSP TeamBuilding"},"image":{"@id":"https:\/\/mspteambuilding.ca\/#\/schema\/logo\/image\/"},"sameAs":["https:\/\/www.facebook.com\/mspteambuilding","https:\/\/x.com\/teambuildingmsp","https:\/\/www.instagram.com\/mspteambuilding\/","https:\/\/www.linkedin.com\/company\/msp-teambuilding","https:\/\/www.youtube.com\/channel\/UCKzGwb2bi6TEYMFmEfboppg\/"]}]}},"_links":{"self":[{"href":"https:\/\/mspteambuilding.ca\/fr\/wp-json\/wp\/v2\/product\/9406","targetHints":{"allow":["GET"]}}],"collection":[{"href":"https:\/\/mspteambuilding.ca\/fr\/wp-json\/wp\/v2\/product"}],"about":[{"href":"https:\/\/mspteambuilding.ca\/fr\/wp-json\/wp\/v2\/types\/product"}],"replies":[{"embeddable":true,"href":"https:\/\/mspteambuilding.ca\/fr\/wp-json\/wp\/v2\/comments?post=9406"}],"wp:featuredmedia":[{"embeddable":true,"href":"https:\/\/mspteambuilding.ca\/fr\/wp-json\/wp\/v2\/media\/9441"}],"wp:attachment":[{"href":"https:\/\/mspteambuilding.ca\/fr\/wp-json\/wp\/v2\/media?parent=9406"}],"wp:term":[{"taxonomy":"product_brand","embeddable":true,"href":"https:\/\/mspteambuilding.ca\/fr\/wp-json\/wp\/v2\/product_brand?post=9406"},{"taxonomy":"product_cat","embeddable":true,"href":"https:\/\/mspteambuilding.ca\/fr\/wp-json\/wp\/v2\/product_cat?post=9406"},{"taxonomy":"product_tag","embeddable":true,"href":"https:\/\/mspteambuilding.ca\/fr\/wp-json\/wp\/v2\/product_tag?post=9406"}],"curies":[{"name":"wp","href":"https:\/\/api.w.org\/{rel}","templated":true}]}}