{"id":9450,"date":"2018-12-28T22:38:50","date_gmt":"2018-12-28T22:38:50","guid":{"rendered":"http:\/\/mspteambuilding.ca\/?post_type=product&#038;p=9450\/"},"modified":"2023-03-20T02:23:34","modified_gmt":"2023-03-20T02:23:34","slug":"creative-team-building-visual-arts-collage-of-our-strengths","status":"publish","type":"product","link":"https:\/\/mspteambuilding.ca\/fr\/produit\/creative-team-building-visual-arts-collage-of-our-strengths\/","title":{"rendered":"Collage de nos forces"},"content":{"rendered":"<p><strong><em><span style=\"vertical-align: inherit;\"><span style=\"vertical-align: inherit;\">A collage of our strengths<\/span><\/span><\/em><span style=\"vertical-align: inherit;\"><span style=\"vertical-align: inherit;\"> Team Building offers many options. <\/span><span style=\"vertical-align: inherit;\">We accommodate different group sizes and will customize the package to suit your needs.<\/span><\/span><\/strong><\/p>\n<h5><strong><span style=\"vertical-align: inherit;\"><span style=\"vertical-align: inherit;\">SPACE REQUIRED<\/span><\/span><\/strong><\/h5>\n<p><span style=\"vertical-align: inherit;\"><span style=\"vertical-align: inherit;\">An open, well-lit space to accommodate the size of the group. <\/span><span style=\"vertical-align: inherit;\">Tables and chairs should be available as needed. <\/span><span style=\"vertical-align: inherit;\">A space in front of the room dedicated to the creation of the work.<\/span><\/span><\/p>\n<h5><strong><span style=\"vertical-align: inherit;\"><span style=\"vertical-align: inherit;\">WHAT&#8217;S INCLUDED<\/span><\/span><\/strong><\/h5>\n<ul>\n<li><span style=\"font-weight: 400;\"><span style=\"vertical-align: inherit;\"><span style=\"vertical-align: inherit;\">An introduction and explanation of the activity as well as collage techniques<\/span><\/span><\/span><\/li>\n<li><span style=\"font-weight: 400;\"><span style=\"vertical-align: inherit;\"><span style=\"vertical-align: inherit;\">Equipment, photos\/paper, materials and\/or tools needed to undertake the activity*<\/span><\/span><\/span><\/li>\n<li><span style=\"font-weight: 400;\"><span style=\"vertical-align: inherit;\"><span style=\"vertical-align: inherit;\">A team of 1-2 visual arts animators<\/span><\/span><\/span><\/li>\n<li><span style=\"font-weight: 400;\"><span style=\"vertical-align: inherit;\"><span style=\"vertical-align: inherit;\">Team and group discussion\/sharing at the end of the activity<\/span><\/span><\/span><\/li>\n<li><span style=\"font-weight: 400;\"><span style=\"vertical-align: inherit;\"><span style=\"vertical-align: inherit;\">The final work created by your team<\/span><\/span><\/span><\/li>\n<\/ul>\n<p><em><span style=\"vertical-align: inherit;\"><span style=\"vertical-align: inherit;\">* Please note that an additional price may be applicable depending on the size of the group<\/span><\/span><\/em><\/p>\n<h5><span style=\"vertical-align: inherit;\"><span style=\"vertical-align: inherit;\">A collective collage of everyone&#8217;s strengths<\/span><\/span><\/h5>\n<p><em><strong><span style=\"vertical-align: inherit;\"><span style=\"vertical-align: inherit;\">A collage of our strengths<\/span><\/span><\/strong><\/em><span style=\"vertical-align: inherit;\"><span style=\"vertical-align: inherit;\"> is a visual arts team building activity that allows everyone to discover their personal strengths and share them with those of their colleagues by collectively creating a collage. <\/span><span style=\"vertical-align: inherit;\">It&#8217;s a great way to encourage collaboration and creativity within a team!<\/span><\/span><\/p>\n<p><a href=\"mailto:info@mspteambuilding.ca?subject=REQUEST:%20A%20collage%20of%20our%20strengths-%20Program%20Details&amp;body=I%20would%20like%20to%20request%20a%20copy%20of%20this%20program%20detailed%20description.%20Thank%20you.\"><strong><span style=\"vertical-align: inherit;\"><span style=\"vertical-align: inherit;\">CLICK HERE TO REQUEST DETAILED INFORMATION ABOUT THE PROGRAM AND SHARE IT WITH YOUR TEAM<\/span><\/span><\/strong><\/a><\/p>\n<p><em><strong><span style=\"vertical-align: inherit;\"><span style=\"vertical-align: inherit;\">A collage of our strengths<\/span><\/span><\/strong><\/em><span style=\"vertical-align: inherit;\"><span style=\"vertical-align: inherit;\"> allows your group to develop its collective intelligence by using creativity as a communication tool. <\/span><span style=\"vertical-align: inherit;\">Team dysfunctions and blockages become naturally apparent while creating and having fun together. <\/span><span style=\"vertical-align: inherit;\">These events are an opportunity for you to take a step back and review your strategy in order to adapt it to the needs of your team. <\/span><span style=\"vertical-align: inherit;\">Your only limit is the extent of your team&#8217;s imagination!<\/span><\/span><\/p>\n<p><span style=\"vertical-align: inherit;\"><span style=\"vertical-align: inherit;\">Please complete the form above to price your package and one of our representatives will get back to you shortly.<\/span><\/span><\/p>\n<p><span style=\"vertical-align: inherit;\"><span style=\"vertical-align: inherit;\">[indeed_popups id=&#8221;1&#8243;]<\/span><\/span><\/p>\n","protected":false},"excerpt":{"rendered":"<p>[edgtf_separator class_name=\"\" type=\"normal\" position=\"left\" color=\"\" border_style=\"solid\" width=\"200px\" thickness=\"\" top_margin=\"20px\" bottom_margin=\"0px\"]<br \/>\n[edgtf_custom_font content_custom_font=\"DURATION: 2h+\" custom_font_tag=\"h5\" font_family=\"\" font_size=\"16\" line_height=\"0px\" font_style=\"normal\" text_align=\"left\" font_weight=\"700\" color=\"\" text_decoration=\"none\" letter_spacing=\"\"]<br \/>\n[edgtf_separator class_name=\"\" type=\"normal\" position=\"left\" color=\"\" border_style=\"solid\" width=\"200px\" thickness=\"\" top_margin=\"0px\" bottom_margin=\"30px\"]<\/p>\n<h5>Un collage collectif des forces de chacun<\/h5>\n<p><strong>ID\u00c9AL POUR<br \/>\n<\/strong>Stimuler la cr\u00e9ativit\u00e9<br \/>\nEncourager la collaboration<br \/>\nRenforcer votre mission et les valeurs de votre entreprise<br \/>\nEncourager l&#8217;ouverture<br \/>\nStrat\u00e9gie de communication<br \/>\nAccro\u00eetre le sentiment d&#8217;appartenance<br \/>\nLa mise en r\u00e9seau<br \/>\nEmotional intelligence<\/p>\n<p><strong>GROUP SIZE:<\/strong> 10-40<\/p>\n<p><em><strong>Un collage de nos forces<\/strong><\/em>est une activit\u00e9 de team building en arts visuels qui permet \u00e0 chacun de d\u00e9couvrir ses forces personnelles et de les mettre en commun avec celles de ses coll\u00e8gues en cr\u00e9ant collectivement un collage. C&#8217;est une excellente fa\u00e7on d&#8217;encourager la collaboration et la cr\u00e9ativit\u00e9 au sein d&#8217;une \u00e9quipe!<\/p>\n<p><a href=\"mailto:info@mspteambuilding.ca?subject=REQUEST:%20A%20collage%20of%20our%20strengths-%20Program%20Details&amp;body=I%20would%20like%20to%20request%20a%20copy%20of%20this%20program%20detailed%20description.%20Thank%20you.\"><strong>CLIQUEZ ICI POUR DEMANDER DES INFORMATIONS D\u00c9TAILL\u00c9ES SUR LE PROGRAMME ET LES PARTAGER AVEC VOTRE \u00c9QUIPE<\/strong><\/a><\/p>\n<p><em><strong>Un collage de nos forces<\/strong><\/em> permet \u00e0 votre groupe de d\u00e9velopper son intelligence collective en utilisant la cr\u00e9ativit\u00e9 comme outil de communication. Les dysfonctionnements et les blocages d&#8217;\u00e9quipe deviennent naturellement apparents tout en cr\u00e9ant et en s&#8217;amusant ensemble. Ces manifestations sont l&#8217;occasion pour vous de prendre du recul et de revoir votre strat\u00e9gie afin de l&#8217;adapter aux besoins de votre \u00e9quipe. Votre seule limite est l&#8217;\u00e9tendue de l&#8217;imagination de votre \u00e9quipe !<\/p>\n<p><strong>ADAPTATION<\/strong><br \/>\nSelon le temps disponible, certains \u00e9l\u00e9ments peuvent \u00eatre pr\u00e9d\u00e9coup\u00e9s et la taille de la surface o\u00f9 sera appliqu\u00e9 le collage peut \u00eatre adapt\u00e9e. Ce programme peut \u00eatre personnalis\u00e9 pour r\u00e9pondre \u00e0 vos besoins. Envie de faire une s\u00e9ance photo pour comm\u00e9morer cette activit\u00e9 ? Nous pouvons faire \u00e7a. D&#8217;autres id\u00e9es ? Faites-le nous savoir et nous trouverons ensemble la solution id\u00e9ale.<\/p>\n<p><strong>D\u00c9TAILS TECHNIQUES<br \/>\n<\/strong>Pour plus d&#8217;informations sur ce qui est inclus dans le programme et les besoins en espace, veuillez faire d\u00e9filer jusqu&#8217;\u00e0 l&#8217;onglet de description ci-dessous.<\/p>\n<p><span style=\"vertical-align: inherit;\"><span style=\"vertical-align: inherit;\">[edgtf_custom_font content_custom_font=\"REQUEST A PRICE QUOTE\" custom_font_tag=\"h5\" font_family=\"\" font_size=\"20\" line_height=\"0px\" font_style=\"normal\" text_align=\"left\" font_weight=\"700\" color=\"\" text_decoration= \"none\" letter_spacing=\"\"] <\/span><\/span><br \/>\n<strong><em><br \/>\n<span style=\"vertical-align: inherit;\"><span style=\"vertical-align: inherit;\">A collage of our strengths<\/span><\/span><\/em><span style=\"vertical-align: inherit;\"><span style=\"vertical-align: inherit;\"> Team Building offers many options. <\/span><span style=\"vertical-align: inherit;\">We accommodate different group sizes and will customize the package to suit your needs.<\/span><\/span><\/strong><\/p>\n<p><span style=\"vertical-align: inherit;\"><span style=\"vertical-align: inherit;\">Please complete the form below to establish the price of your package and one of our representatives will get back to you shortly.<\/span><\/span><\/p>\n<p><span style=\"vertical-align: inherit;\"><span style=\"vertical-align: inherit;\">[wpforms id=\"14791\" title=\"false\"]<\/span><\/span><\/p>\n","protected":false},"featured_media":17883,"comment_status":"open","ping_status":"closed","template":"","meta":{"_acf_changed":false},"product_brand":[],"product_cat":[1474,1444,1509,1551,1470,1527,1525,1494,1445,1482,1476,1501,1529,1426,206,1511,1459,1466,1519,1478,1488,1446,1536,1513,1451,1515,1507,1484,1546,1455,1456,1449,1505,209,1554,1543,1448,207,1531,1540,1472,1480,1496,1499,1542,1538,1490,1534,1552,1468,1548,172,1553,1503,1492,1462,1517,1464,1523,1521,1550],"product_tag":[1601],"class_list":{"0":"post-9450","1":"product","2":"type-product","3":"status-publish","4":"has-post-thumbnail","6":"product_cat-abbotsford","7":"product_cat-alberta","8":"product_cat-brampton","9":"product_cat-brandon","10":"product_cat-burnaby","11":"product_cat-calgary-et-environs","12":"product_cat-cambridge","13":"product_cat-chicoutimi-jonquiere","14":"product_cat-colombie-britannique","15":"product_cat-coquitlam","16":"product_cat-delta","17":"product_cat-drummondville","18":"product_cat-edmonton-et-environs","19":"product_cat-en-personne","20":"product_cat-engagement","21":"product_cat-hamilton","22":"product_cat-ile-du-prince-edouard","23":"product_cat-kelowna","24":"product_cat-kitchener","25":"product_cat-langley","26":"product_cat-laurentides","27":"product_cat-les-maritimes","28":"product_cat-lethbridge","29":"product_cat-london","30":"product_cat-manitoba-2","31":"product_cat-markham","32":"product_cat-mississauga","33":"product_cat-montreal","34":"product_cat-moose-jaw","35":"product_cat-nouveau-brunswick","36":"product_cat-nouvelle-ecosse","37":"product_cat-ontario-2","38":"product_cat-ottawa","39":"product_cat-performance","40":"product_cat-portage-la-prairie","41":"product_cat-prince-albert","42":"product_cat-quebec","43":"product_cat-reconnaissance","44":"product_cat-red-deer","45":"product_cat-regina","46":"product_cat-richmond","47":"product_cat-saanich","48":"product_cat-saint-jean-sur-richelieu","49":"product_cat-saint-jerome","50":"product_cat-saskatchewan","51":"product_cat-saskatoon","52":"product_cat-sherbrooke","53":"product_cat-st-albert","54":"product_cat-steinbach","55":"product_cat-surrey","56":"product_cat-swift-current","57":"product_cat-team-building-creatif-artistique-musical","58":"product_cat-thompson","59":"product_cat-toronto-gta","60":"product_cat-trois-rivieres","61":"product_cat-vancouver-et-gvr","62":"product_cat-vaughan","63":"product_cat-victoria","64":"product_cat-waterloo","65":"product_cat-windsor","66":"product_cat-winnipeg","67":"product_tag-en-personne","68":"pa_activity-type-creative","69":"pa_activity-type-culture-dentreprise","70":"pa_activity-type-divertissement","71":"pa_activity-type-ie-intelligence-emotionnelle","72":"pa_activity-type-reconnaissance-de-lequipe","73":"pa_play-type-team-fr","74":"pa_time-1-2hrs","76":"first","77":"instock","78":"product-type-simple"},"acf":[],"yoast_head":"<!-- This site is optimized with the Yoast SEO Premium plugin v21.8 (Yoast SEO v27.3) - https:\/\/yoast.com\/product\/yoast-seo-premium-wordpress\/ -->\n<title>Un collage de nos forces, un team building cr\u00e9atif | Teambuilding MSP<\/title>\n<meta name=\"description\" content=\"Un collage de nos forces permet \u00e0 votre groupe de d\u00e9velopper son intelligence collective en utilisant la cr\u00e9ativit\u00e9 comme outil de communication ! En savoir plus ici.\" \/>\n<meta name=\"robots\" content=\"index, follow, max-snippet:-1, max-image-preview:large, max-video-preview:-1\" \/>\n<link rel=\"canonical\" href=\"https:\/\/mspteambuilding.ca\/produit\/creative-team-building-visual-arts-collage-of-our-strengths\/\" \/>\n<meta property=\"og:locale\" content=\"fr_FR\" \/>\n<meta property=\"og:type\" content=\"article\" \/>\n<meta property=\"og:title\" content=\"Collage de nos forces\" \/>\n<meta property=\"og:description\" content=\"Un collage de nos forces permet \u00e0 votre groupe de d\u00e9velopper son intelligence collective en utilisant la cr\u00e9ativit\u00e9 comme outil de communication ! En savoir plus ici.\" \/>\n<meta property=\"og:url\" content=\"https:\/\/mspteambuilding.ca\/produit\/creative-team-building-visual-arts-collage-of-our-strengths\/\" \/>\n<meta property=\"og:site_name\" content=\"MSP Teambuilding\" \/>\n<meta property=\"article:publisher\" content=\"https:\/\/www.facebook.com\/mspteambuilding\" \/>\n<meta property=\"article:modified_time\" content=\"2023-03-20T02:23:34+00:00\" \/>\n<meta property=\"og:image\" content=\"https:\/\/mspteambuilding.ca\/wp-content\/uploads\/2018\/12\/collage-woman-1.jpg\" \/>\n\t<meta property=\"og:image:width\" content=\"500\" \/>\n\t<meta property=\"og:image:height\" content=\"500\" \/>\n\t<meta property=\"og:image:type\" content=\"image\/jpeg\" \/>\n<meta name=\"twitter:card\" content=\"summary_large_image\" \/>\n<meta name=\"twitter:site\" content=\"@teambuildingmsp\" \/>\n<meta name=\"twitter:label1\" content=\"Dur\u00e9e de lecture estim\u00e9e\" \/>\n\t<meta name=\"twitter:data1\" content=\"2 minutes\" \/>\n<script type=\"application\/ld+json\" class=\"yoast-schema-graph\">{\"@context\":\"https:\\\/\\\/schema.org\",\"@graph\":[{\"@type\":\"WebPage\",\"@id\":\"https:\\\/\\\/mspteambuilding.ca\\\/produit\\\/creative-team-building-visual-arts-collage-of-our-strengths\\\/\",\"url\":\"https:\\\/\\\/mspteambuilding.ca\\\/produit\\\/creative-team-building-visual-arts-collage-of-our-strengths\\\/\",\"name\":\"Un collage de nos forces, un team building cr\u00e9atif | Teambuilding MSP\",\"isPartOf\":{\"@id\":\"https:\\\/\\\/mspteambuilding.ca\\\/#website\"},\"primaryImageOfPage\":{\"@id\":\"https:\\\/\\\/mspteambuilding.ca\\\/produit\\\/creative-team-building-visual-arts-collage-of-our-strengths\\\/#primaryimage\"},\"image\":{\"@id\":\"https:\\\/\\\/mspteambuilding.ca\\\/produit\\\/creative-team-building-visual-arts-collage-of-our-strengths\\\/#primaryimage\"},\"thumbnailUrl\":\"https:\\\/\\\/mspteambuilding.ca\\\/wp-content\\\/uploads\\\/2018\\\/12\\\/collage-woman-1.jpg\",\"datePublished\":\"2018-12-28T22:38:50+00:00\",\"dateModified\":\"2023-03-20T02:23:34+00:00\",\"description\":\"Un collage de nos forces permet \u00e0 votre groupe de d\u00e9velopper son intelligence collective en utilisant la cr\u00e9ativit\u00e9 comme outil de communication ! En savoir plus ici.\",\"breadcrumb\":{\"@id\":\"https:\\\/\\\/mspteambuilding.ca\\\/produit\\\/creative-team-building-visual-arts-collage-of-our-strengths\\\/#breadcrumb\"},\"inLanguage\":\"fr-FR\",\"potentialAction\":[{\"@type\":\"ReadAction\",\"target\":[\"https:\\\/\\\/mspteambuilding.ca\\\/produit\\\/creative-team-building-visual-arts-collage-of-our-strengths\\\/\"]}]},{\"@type\":\"ImageObject\",\"inLanguage\":\"fr-FR\",\"@id\":\"https:\\\/\\\/mspteambuilding.ca\\\/produit\\\/creative-team-building-visual-arts-collage-of-our-strengths\\\/#primaryimage\",\"url\":\"https:\\\/\\\/mspteambuilding.ca\\\/wp-content\\\/uploads\\\/2018\\\/12\\\/collage-woman-1.jpg\",\"contentUrl\":\"https:\\\/\\\/mspteambuilding.ca\\\/wp-content\\\/uploads\\\/2018\\\/12\\\/collage-woman-1.jpg\",\"width\":500,\"height\":500,\"caption\":\"Hand of woman making a collage on paper - MSP Teambuilding activity\"},{\"@type\":\"BreadcrumbList\",\"@id\":\"https:\\\/\\\/mspteambuilding.ca\\\/produit\\\/creative-team-building-visual-arts-collage-of-our-strengths\\\/#breadcrumb\",\"itemListElement\":[{\"@type\":\"ListItem\",\"position\":1,\"name\":\"Home\",\"item\":\"https:\\\/\\\/mspteambuilding.ca\\\/fr\\\/\"},{\"@type\":\"ListItem\",\"position\":2,\"name\":\"Magasinez\",\"item\":\"https:\\\/\\\/mspteambuilding.ca\\\/team-building-activities\\\/\"},{\"@type\":\"ListItem\",\"position\":3,\"name\":\"Collage de nos forces\"}]},{\"@type\":\"WebSite\",\"@id\":\"https:\\\/\\\/mspteambuilding.ca\\\/#website\",\"url\":\"https:\\\/\\\/mspteambuilding.ca\\\/\",\"name\":\"MSP Teambuilding\",\"description\":\"Transforming Company Culture, One Human Connection at a time.\",\"publisher\":{\"@id\":\"https:\\\/\\\/mspteambuilding.ca\\\/#organization\"},\"potentialAction\":[{\"@type\":\"SearchAction\",\"target\":{\"@type\":\"EntryPoint\",\"urlTemplate\":\"https:\\\/\\\/mspteambuilding.ca\\\/?s={search_term_string}\"},\"query-input\":{\"@type\":\"PropertyValueSpecification\",\"valueRequired\":true,\"valueName\":\"search_term_string\"}}],\"inLanguage\":\"fr-FR\"},{\"@type\":\"Organization\",\"@id\":\"https:\\\/\\\/mspteambuilding.ca\\\/#organization\",\"name\":\"MSP TeamBuilding\",\"url\":\"https:\\\/\\\/mspteambuilding.ca\\\/\",\"logo\":{\"@type\":\"ImageObject\",\"inLanguage\":\"fr-FR\",\"@id\":\"https:\\\/\\\/mspteambuilding.ca\\\/#\\\/schema\\\/logo\\\/image\\\/\",\"url\":\"https:\\\/\\\/mspteambuilding.ca\\\/wp-content\\\/uploads\\\/2019\\\/03\\\/cropped-mspteambuilding-favicon.png\",\"contentUrl\":\"https:\\\/\\\/mspteambuilding.ca\\\/wp-content\\\/uploads\\\/2019\\\/03\\\/cropped-mspteambuilding-favicon.png\",\"width\":512,\"height\":512,\"caption\":\"MSP TeamBuilding\"},\"image\":{\"@id\":\"https:\\\/\\\/mspteambuilding.ca\\\/#\\\/schema\\\/logo\\\/image\\\/\"},\"sameAs\":[\"https:\\\/\\\/www.facebook.com\\\/mspteambuilding\",\"https:\\\/\\\/x.com\\\/teambuildingmsp\",\"https:\\\/\\\/www.instagram.com\\\/mspteambuilding\\\/\",\"https:\\\/\\\/www.linkedin.com\\\/company\\\/msp-teambuilding\",\"https:\\\/\\\/www.youtube.com\\\/channel\\\/UCKzGwb2bi6TEYMFmEfboppg\\\/\"]}]}<\/script>\n<!-- \/ Yoast SEO Premium plugin. -->","yoast_head_json":{"title":"Un collage de nos forces, un team building cr\u00e9atif | Teambuilding MSP","description":"Un collage de nos forces permet \u00e0 votre groupe de d\u00e9velopper son intelligence collective en utilisant la cr\u00e9ativit\u00e9 comme outil de communication ! En savoir plus ici.","robots":{"index":"index","follow":"follow","max-snippet":"max-snippet:-1","max-image-preview":"max-image-preview:large","max-video-preview":"max-video-preview:-1"},"canonical":"https:\/\/mspteambuilding.ca\/produit\/creative-team-building-visual-arts-collage-of-our-strengths\/","og_locale":"fr_FR","og_type":"article","og_title":"Collage de nos forces","og_description":"Un collage de nos forces permet \u00e0 votre groupe de d\u00e9velopper son intelligence collective en utilisant la cr\u00e9ativit\u00e9 comme outil de communication ! En savoir plus ici.","og_url":"https:\/\/mspteambuilding.ca\/produit\/creative-team-building-visual-arts-collage-of-our-strengths\/","og_site_name":"MSP Teambuilding","article_publisher":"https:\/\/www.facebook.com\/mspteambuilding","article_modified_time":"2023-03-20T02:23:34+00:00","og_image":[{"width":500,"height":500,"url":"https:\/\/mspteambuilding.ca\/wp-content\/uploads\/2018\/12\/collage-woman-1.jpg","type":"image\/jpeg"}],"twitter_card":"summary_large_image","twitter_site":"@teambuildingmsp","twitter_misc":{"Dur\u00e9e de lecture estim\u00e9e":"2 minutes"},"schema":{"@context":"https:\/\/schema.org","@graph":[{"@type":"WebPage","@id":"https:\/\/mspteambuilding.ca\/produit\/creative-team-building-visual-arts-collage-of-our-strengths\/","url":"https:\/\/mspteambuilding.ca\/produit\/creative-team-building-visual-arts-collage-of-our-strengths\/","name":"Un collage de nos forces, un team building cr\u00e9atif | Teambuilding MSP","isPartOf":{"@id":"https:\/\/mspteambuilding.ca\/#website"},"primaryImageOfPage":{"@id":"https:\/\/mspteambuilding.ca\/produit\/creative-team-building-visual-arts-collage-of-our-strengths\/#primaryimage"},"image":{"@id":"https:\/\/mspteambuilding.ca\/produit\/creative-team-building-visual-arts-collage-of-our-strengths\/#primaryimage"},"thumbnailUrl":"https:\/\/mspteambuilding.ca\/wp-content\/uploads\/2018\/12\/collage-woman-1.jpg","datePublished":"2018-12-28T22:38:50+00:00","dateModified":"2023-03-20T02:23:34+00:00","description":"Un collage de nos forces permet \u00e0 votre groupe de d\u00e9velopper son intelligence collective en utilisant la cr\u00e9ativit\u00e9 comme outil de communication ! En savoir plus ici.","breadcrumb":{"@id":"https:\/\/mspteambuilding.ca\/produit\/creative-team-building-visual-arts-collage-of-our-strengths\/#breadcrumb"},"inLanguage":"fr-FR","potentialAction":[{"@type":"ReadAction","target":["https:\/\/mspteambuilding.ca\/produit\/creative-team-building-visual-arts-collage-of-our-strengths\/"]}]},{"@type":"ImageObject","inLanguage":"fr-FR","@id":"https:\/\/mspteambuilding.ca\/produit\/creative-team-building-visual-arts-collage-of-our-strengths\/#primaryimage","url":"https:\/\/mspteambuilding.ca\/wp-content\/uploads\/2018\/12\/collage-woman-1.jpg","contentUrl":"https:\/\/mspteambuilding.ca\/wp-content\/uploads\/2018\/12\/collage-woman-1.jpg","width":500,"height":500,"caption":"Hand of woman making a collage on paper - MSP Teambuilding activity"},{"@type":"BreadcrumbList","@id":"https:\/\/mspteambuilding.ca\/produit\/creative-team-building-visual-arts-collage-of-our-strengths\/#breadcrumb","itemListElement":[{"@type":"ListItem","position":1,"name":"Home","item":"https:\/\/mspteambuilding.ca\/fr\/"},{"@type":"ListItem","position":2,"name":"Magasinez","item":"https:\/\/mspteambuilding.ca\/team-building-activities\/"},{"@type":"ListItem","position":3,"name":"Collage de nos forces"}]},{"@type":"WebSite","@id":"https:\/\/mspteambuilding.ca\/#website","url":"https:\/\/mspteambuilding.ca\/","name":"MSP Teambuilding","description":"Transforming Company Culture, One Human Connection at a time.","publisher":{"@id":"https:\/\/mspteambuilding.ca\/#organization"},"potentialAction":[{"@type":"SearchAction","target":{"@type":"EntryPoint","urlTemplate":"https:\/\/mspteambuilding.ca\/?s={search_term_string}"},"query-input":{"@type":"PropertyValueSpecification","valueRequired":true,"valueName":"search_term_string"}}],"inLanguage":"fr-FR"},{"@type":"Organization","@id":"https:\/\/mspteambuilding.ca\/#organization","name":"MSP TeamBuilding","url":"https:\/\/mspteambuilding.ca\/","logo":{"@type":"ImageObject","inLanguage":"fr-FR","@id":"https:\/\/mspteambuilding.ca\/#\/schema\/logo\/image\/","url":"https:\/\/mspteambuilding.ca\/wp-content\/uploads\/2019\/03\/cropped-mspteambuilding-favicon.png","contentUrl":"https:\/\/mspteambuilding.ca\/wp-content\/uploads\/2019\/03\/cropped-mspteambuilding-favicon.png","width":512,"height":512,"caption":"MSP TeamBuilding"},"image":{"@id":"https:\/\/mspteambuilding.ca\/#\/schema\/logo\/image\/"},"sameAs":["https:\/\/www.facebook.com\/mspteambuilding","https:\/\/x.com\/teambuildingmsp","https:\/\/www.instagram.com\/mspteambuilding\/","https:\/\/www.linkedin.com\/company\/msp-teambuilding","https:\/\/www.youtube.com\/channel\/UCKzGwb2bi6TEYMFmEfboppg\/"]}]}},"_links":{"self":[{"href":"https:\/\/mspteambuilding.ca\/fr\/wp-json\/wp\/v2\/product\/9450","targetHints":{"allow":["GET"]}}],"collection":[{"href":"https:\/\/mspteambuilding.ca\/fr\/wp-json\/wp\/v2\/product"}],"about":[{"href":"https:\/\/mspteambuilding.ca\/fr\/wp-json\/wp\/v2\/types\/product"}],"replies":[{"embeddable":true,"href":"https:\/\/mspteambuilding.ca\/fr\/wp-json\/wp\/v2\/comments?post=9450"}],"wp:featuredmedia":[{"embeddable":true,"href":"https:\/\/mspteambuilding.ca\/fr\/wp-json\/wp\/v2\/media\/17883"}],"wp:attachment":[{"href":"https:\/\/mspteambuilding.ca\/fr\/wp-json\/wp\/v2\/media?parent=9450"}],"wp:term":[{"taxonomy":"product_brand","embeddable":true,"href":"https:\/\/mspteambuilding.ca\/fr\/wp-json\/wp\/v2\/product_brand?post=9450"},{"taxonomy":"product_cat","embeddable":true,"href":"https:\/\/mspteambuilding.ca\/fr\/wp-json\/wp\/v2\/product_cat?post=9450"},{"taxonomy":"product_tag","embeddable":true,"href":"https:\/\/mspteambuilding.ca\/fr\/wp-json\/wp\/v2\/product_tag?post=9450"}],"curies":[{"name":"wp","href":"https:\/\/api.w.org\/{rel}","templated":true}]}}