{"id":9485,"date":"2018-12-31T15:55:13","date_gmt":"2018-12-31T15:55:13","guid":{"rendered":"http:\/\/mspteambuilding.ca\/?post_type=product&#038;p=9485\/"},"modified":"2025-12-22T21:01:31","modified_gmt":"2025-12-22T21:01:31","slug":"vision-en-mosaique","status":"publish","type":"product","link":"https:\/\/mspteambuilding.ca\/fr\/produit\/vision-en-mosaique\/","title":{"rendered":"Vision en Mosa\u00efque"},"content":{"rendered":"<p>Inspirez la cr\u00e9ativit\u00e9 et l&#8217;unit\u00e9 avec une Vision en Mosa\u00efque. Tissez des liens, c\u00e9l\u00e9brez la diversit\u00e9 et cr\u00e9ez un chef-d&#8217;\u0153uvre ensemble.<\/p>\n","protected":false},"excerpt":{"rendered":"<p><span style=\"vertical-align: inherit;\"><span style=\"vertical-align: inherit;\">[edgtf_separator class_name=\"\" type=\"normal\" position=\"left\" color=\"\" border_style=\"solid\" width=\"200px\" thickness=\"\" top_margin=\"20px\" bottom_margin=\"0px\"] <\/span><\/span><br \/>\n<span style=\"vertical-align: inherit;\"><span style=\"vertical-align: inherit;\">[edgtf_custom_font content_custom_font=\"  DURATION: 2h-3h\" custom_font_tag=\"h5\" font_family=\"\" font_size=\"16\" line_height=\"0px\" font_style=\"normal\" text_align=\"left\" font_weight=\"700\" color=\"\" text_decoration=\"none\" letter_spacing=\"\"] <\/span><\/span><br \/>\n<span style=\"vertical-align: inherit;\"><span style=\"vertical-align: inherit;\">[edgtf_separator class_name=\"\" type=\"normal\" position=\"left\" color=\"\" border_style=\"solid\" width=\"200px\" thickness=\"\" top_margin=\"0px\" bottom_margin=\"30px\"]<\/span><\/span><\/p>\n[embed]https:\/\/www.youtube.com\/watch?v=wHabbowoPoY&amp;list=PLeHVhQ1FDtWjR4e1vDFi3Ylusa6Za1sjy&amp;index=5&amp;ab_channel=MSPTeambuilding[\/embed]\n<h5><strong><span style=\"vertical-align: inherit;\"><span style=\"vertical-align: inherit;\"><span style=\"vertical-align: inherit;\"><span style=\"vertical-align: inherit;\">OPTION 1- PROGRAMME EN PERSONNE<\/span><\/span><\/span><\/span><\/strong><\/h5>\n<p><span style=\"vertical-align: inherit;\"><span style=\"vertical-align: inherit;\"><span style=\"vertical-align: inherit;\"><span style=\"vertical-align: inherit;\">Un chef-d&#8217;\u0153uvre de mosa\u00efque con\u00e7u et color\u00e9 par votre \u00e9quipe, mettant en vedette la cr\u00e9ativit\u00e9 et la collaboration de votre groupe. <\/span><\/span><\/span><span style=\"vertical-align: inherit;\"><span style=\"vertical-align: inherit;\"><span style=\"vertical-align: inherit;\">Cette activit\u00e9 est anim\u00e9e par un artiste professionnel et une \u00e9quipe d&#8217;animateurs.<\/span><\/span><\/span><\/span><\/p>\n[embed]https:\/\/youtu.be\/W7bNjL37C8U[\/embed]\n<h5><strong><span style=\"vertical-align: inherit;\"><span style=\"vertical-align: inherit;\"><span style=\"vertical-align: inherit;\"><span style=\"vertical-align: inherit;\">OPTION 2- PROGRAMME VIRTUEL (version en personne \u00e9galement disponible)<\/span><\/span><\/span><\/span><\/strong><\/h5>\n<p><span style=\"vertical-align: inherit;\"><span style=\"vertical-align: inherit;\"><span style=\"vertical-align: inherit;\"><span style=\"vertical-align: inherit;\">Un chef-d&#8217;\u0153uvre con\u00e7u et finalis\u00e9 par un artiste peintre\/muraliste de renom en collaboration avec votre \u00e9quipe et votre organisation.<\/span><\/span><\/span><\/span><\/p>\n[embed]https:\/\/youtu.be\/emfjoDoJayc[\/embed]\n<h5><span style=\"vertical-align: inherit;\"><span style=\"vertical-align: inherit;\"><span style=\"vertical-align: inherit;\"><span style=\"vertical-align: inherit;\">D\u00e9velopper sa vision personnelle d&#8217;une image<\/span><\/span><\/span><\/span><\/h5>\n<p><strong><span style=\"vertical-align: inherit;\"><span style=\"vertical-align: inherit;\"><span style=\"vertical-align: inherit;\"><span style=\"vertical-align: inherit;\">Id\u00e9al pour :<\/span><\/span><\/span><\/span><\/strong><\/p>\n<ul>\n<li>Maintenir\/d\u00e9velopper une saine culture d&#8217;entreprise<\/li>\n<li>L&#8217;unicit\u00e9 de l&#8217;\u00e9quipe<\/li>\n<li>La reconnaissance des employ\u00e9s<\/li>\n<\/ul>\n<h5><strong><span style=\"vertical-align: inherit;\"><span style=\"vertical-align: inherit;\"><span style=\"vertical-align: inherit;\"><span style=\"vertical-align: inherit;\">\u00c9GALEMENT DISPONIBLE VIRTUELLEMENT- <\/span><\/span><\/span><\/span><a href=\"MAILTO:info@mspteambuilding.ca\"><span style=\"vertical-align: inherit;\"><span style=\"vertical-align: inherit;\"><span style=\"vertical-align: inherit;\"><span style=\"vertical-align: inherit;\">CONTACTEZ-NOUS POUR PLUS D&#8217;INFOS ICI<\/span><\/span><\/span><\/span><\/a><\/strong><\/h5>\n<p><strong><span style=\"vertical-align: inherit;\"><span style=\"vertical-align: inherit;\">GROUP SIZE:<\/span><\/span><\/strong><span style=\"vertical-align: inherit;\"><span style=\"vertical-align: inherit;\"> 15+<\/span><\/span><\/p>\n<p><em><strong><span style=\"vertical-align: inherit;\"><span style=\"vertical-align: inherit;\">Vision en Mosa\u00efque<\/span><\/span><\/strong><\/em><span style=\"vertical-align: inherit;\"><span style=\"vertical-align: inherit;\"> est une activit\u00e9 de team building en arts visuels innovante qui permet de d\u00e9velopper sa cr\u00e9ativit\u00e9 en s&#8217;imposant des contraintes. <\/span> <span style=\"vertical-align: inherit;\">Les participants rel\u00e8vent le m\u00eame d\u00e9fi, mais chacun doit cr\u00e9er une \u0153uvre d&#8217;art unique et surprenante en utilisant sa cr\u00e9ativit\u00e9 individuelle. <\/span> <span style=\"vertical-align: inherit;\">D\u00e9fiez votre \u00e9quipe et d\u00e9couvrez vos points forts !<\/span><\/span><\/p>\n<p><a href=\"mailto:info@mspteambuilding.ca?subject=REQUEST:%20Mosaic%20Vision-%20Program%20Details&amp;body=I%20would%20like%20to%20request%20a%20copy%20of%20this%20program%20detailed%20description.%20Thank%20you.\"><strong><span style=\"vertical-align: inherit;\"><span style=\"vertical-align: inherit;\">CLIQUEZ ICI POUR DEMANDER DES INFORMATIONS D\u00c9TAILL\u00c9ES SUR LE PROGRAMME ET LES PARTAGER AVEC VOTRE \u00c9QUIPE<\/span><\/span><\/strong><\/a><\/p>\n<p><em><strong><span style=\"vertical-align: inherit;\"><span style=\"vertical-align: inherit;\">Vision en Mosa\u00efque<\/span><\/span><\/strong><\/em><span style=\"vertical-align: inherit;\"><span style=\"vertical-align: inherit;\"> Est une fa\u00e7on cr\u00e9ative d&#8217;apprendre \u00e0 surmonter les limites et \u00e0 trouver des solutions en \u00e9quipe. <\/span><span style=\"vertical-align: inherit;\">R\u00e9v\u00e9lez les forces et les faiblesses de vos co\u00e9quipiers et d\u00e9couvrez les avantages de la diversit\u00e9 et des perspectives diff\u00e9rentes au sein d&#8217;une \u00e9quipe gr\u00e2ce \u00e0 cette activit\u00e9 de team building en arts visuels. <\/span><span style=\"vertical-align: inherit;\">Foncez, vous repartirez plus solidaires que jamais !<\/span><\/span><\/p>\n<p><strong><span style=\"vertical-align: inherit;\"><span style=\"vertical-align: inherit;\">PERSONNALISABLE<\/span><\/span><\/strong><br \/>\n<span style=\"vertical-align: inherit;\"><span style=\"vertical-align: inherit;\"> Ce programme peut \u00eatre personnalis\u00e9 pour r\u00e9pondre \u00e0 vos besoins. <\/span><span style=\"vertical-align: inherit;\">Envie de faire une s\u00e9ance photo pour comm\u00e9morer cette activit\u00e9 ? <\/span><span style=\"vertical-align: inherit;\">Nous pouvons faire \u00e7a ! <\/span><span style=\"vertical-align: inherit;\">Vous voulez le rendre un peu plus difficile ? <\/span><span style=\"vertical-align: inherit;\">Nous avons la solution pour vous. <\/span><span style=\"vertical-align: inherit;\">Vous voulez le rendre plus amusant et ajouter des prix de particpation ? <\/span><span style=\"vertical-align: inherit;\">Aucun probl\u00e8me! <\/span><span style=\"vertical-align: inherit;\">D&#8217;autres id\u00e9es ? <\/span><span style=\"vertical-align: inherit;\">Faites-le nous savoir, et nous trouverons quelque chose ensemble.<\/span><\/span><\/p>\n<p><strong><span style=\"vertical-align: inherit;\"><span style=\"vertical-align: inherit;\">D\u00c9TAILS TECHNIQUES<\/span><\/span><br \/>\n<\/strong><span style=\"vertical-align: inherit;\"><span style=\"vertical-align: inherit;\"> Pour plus d&#8217;informations sur ce qui est inclus dans le programme et les besoins en espace, veuillez faire d\u00e9filer jusqu&#8217;\u00e0 l&#8217;onglet de description ci-dessous.<\/span><\/span><\/p>\n<p><span style=\"vertical-align: inherit;\"><span style=\"vertical-align: inherit;\"><span style=\"vertical-align: inherit;\"><span style=\"vertical-align: inherit;\"><span style=\"vertical-align: inherit;\"><span style=\"vertical-align: inherit;\">[edgtf_custom_font content_custom_font=\"REQUEST A PRICE QUOTE\" custom_font_tag=\"h5\" font_family=\"\" font_size=\"20\" line_height=\"0px\" font_style=\"normal\" text_align=\"left\" font_weight=\"700\" color=\"\" text_decoration=\"none\" letter_spacing=\"\"] <\/span><\/span><\/span><\/span><\/span><\/span><br \/>\n<strong><em><br \/>\n<span style=\"vertical-align: inherit;\"><span style=\"vertical-align: inherit;\"><span style=\"vertical-align: inherit;\"><span style=\"vertical-align: inherit;\"><span style=\"vertical-align: inherit;\"><span style=\"vertical-align: inherit;\">Vision en Mosa\u00efque<\/span><\/span><\/span><\/span><\/span><\/span><\/em><span style=\"vertical-align: inherit;\"><span style=\"vertical-align: inherit;\"><span style=\"vertical-align: inherit;\"><span style=\"vertical-align: inherit;\"><span style=\"vertical-align: inherit;\"><span style=\"vertical-align: inherit;\"> Le Team Building offre de nombreuses options. <\/span><\/span><\/span><\/span><\/span><span style=\"vertical-align: inherit;\"><span style=\"vertical-align: inherit;\"><span style=\"vertical-align: inherit;\"><span style=\"vertical-align: inherit;\"><span style=\"vertical-align: inherit;\">Nous accueillons diff\u00e9rentes tailles de groupe et personnaliserons le forfait en fonction de vos besoins.<\/span><\/span><\/span><\/span><\/span><\/span><br \/>\n<\/strong><\/p>\n<p><span style=\"vertical-align: inherit;\"><span style=\"vertical-align: inherit;\"><span style=\"vertical-align: inherit;\"><span style=\"vertical-align: inherit;\"><span style=\"vertical-align: inherit;\"><span style=\"vertical-align: inherit;\">Veuillez remplir le formulaire ci-dessous pour \u00e9tablir le prix de votre forfait et un de nos repr\u00e9sentants vous contactera sous peu.<\/span><\/span><\/span><\/span><\/span><\/span><\/p>\n<p><span style=\"vertical-align: inherit;\"><span style=\"vertical-align: inherit;\">[wpforms id=\"14791\" title=\"false\"]<\/span><\/span><\/p>\n","protected":false},"featured_media":17935,"comment_status":"open","ping_status":"closed","template":"","meta":{"_acf_changed":false},"product_brand":[],"product_cat":[1474,1444,1509,1551,1470,1527,1525,1494,1445,1482,1476,1501,1529,1426,206,1511,1429,1459,1466,1519,1478,1488,1446,1536,1513,1451,1515,1507,1484,1546,1455,1456,1449,1505,209,1554,1543,1448,207,1531,1540,1472,1480,1496,1499,1542,1538,1490,1534,1552,1468,1548,172,1553,1503,1492,1462,1517,1464,1428,1523,1521,1550],"product_tag":[1601],"class_list":{"0":"post-9485","1":"product","2":"type-product","3":"status-publish","4":"has-post-thumbnail","6":"product_cat-abbotsford","7":"product_cat-alberta","8":"product_cat-brampton","9":"product_cat-brandon","10":"product_cat-burnaby","11":"product_cat-calgary-et-environs","12":"product_cat-cambridge","13":"product_cat-chicoutimi-jonquiere","14":"product_cat-colombie-britannique","15":"product_cat-coquitlam","16":"product_cat-delta","17":"product_cat-drummondville","18":"product_cat-edmonton-et-environs","19":"product_cat-en-personne","20":"product_cat-engagement","21":"product_cat-hamilton","22":"product_cat-hybride","23":"product_cat-ile-du-prince-edouard","24":"product_cat-kelowna","25":"product_cat-kitchener","26":"product_cat-langley","27":"product_cat-laurentides","28":"product_cat-les-maritimes","29":"product_cat-lethbridge","30":"product_cat-london","31":"product_cat-manitoba-2","32":"product_cat-markham","33":"product_cat-mississauga","34":"product_cat-montreal","35":"product_cat-moose-jaw","36":"product_cat-nouveau-brunswick","37":"product_cat-nouvelle-ecosse","38":"product_cat-ontario-2","39":"product_cat-ottawa","40":"product_cat-performance","41":"product_cat-portage-la-prairie","42":"product_cat-prince-albert","43":"product_cat-quebec","44":"product_cat-reconnaissance","45":"product_cat-red-deer","46":"product_cat-regina","47":"product_cat-richmond","48":"product_cat-saanich","49":"product_cat-saint-jean-sur-richelieu","50":"product_cat-saint-jerome","51":"product_cat-saskatchewan","52":"product_cat-saskatoon","53":"product_cat-sherbrooke","54":"product_cat-st-albert","55":"product_cat-steinbach","56":"product_cat-surrey","57":"product_cat-swift-current","58":"product_cat-team-building-creatif-artistique-musical","59":"product_cat-thompson","60":"product_cat-toronto-gta","61":"product_cat-trois-rivieres","62":"product_cat-vancouver-et-gvr","63":"product_cat-vaughan","64":"product_cat-victoria","65":"product_cat-virtuel","66":"product_cat-waterloo","67":"product_cat-windsor","68":"product_cat-winnipeg","69":"product_tag-en-personne","70":"pa_activity-type-creative","71":"pa_activity-type-culture-dentreprise","72":"pa_activity-type-divertissement","73":"pa_activity-type-ie-intelligence-emotionnelle","74":"pa_activity-type-reconnaissance-de-lequipe","75":"pa_activity-type-responsabilite-sociale-des-entreprises","76":"pa_play-type-team-fr","77":"pa_time-moins-de-30-minutes","78":"pa_time-1-2hrs","79":"pa_time-1h-ou-moins","80":"pa_time-jusqua-toute-la-journee","81":"pa_time-plus-de-2-heures","83":"first","84":"instock","85":"product-type-simple"},"acf":[],"yoast_head":"<!-- This site is optimized with the Yoast SEO Premium plugin v21.8 (Yoast SEO v27.3) - https:\/\/yoast.com\/product\/yoast-seo-premium-wordpress\/ -->\n<title>Vision en Mosa\u00efque pour une culture d&#039;entreprise virtuelle et en personne | Teambuilding MSP<\/title>\n<meta name=\"description\" content=\"Le team building Vision en Mosa\u00efque pour la culture d&#039;entreprise offert en personne et virtuellement est une fa\u00e7on cr\u00e9ative d&#039;apprendre \u00e0 surmonter les limites et \u00e0 trouver des solutions en \u00e9quipe ! En savoir plus ici.\" \/>\n<meta name=\"robots\" content=\"index, follow, max-snippet:-1, max-image-preview:large, max-video-preview:-1\" \/>\n<link rel=\"canonical\" href=\"https:\/\/mspteambuilding.ca\/produit\/creative-team-building-visual-arts-mosaic-vision\/\" \/>\n<meta property=\"og:locale\" content=\"fr_FR\" \/>\n<meta property=\"og:type\" content=\"article\" \/>\n<meta property=\"og:title\" content=\"Vision en Mosa\u00efque\" \/>\n<meta property=\"og:description\" content=\"Le team building Vision en Mosa\u00efque pour la culture d&#039;entreprise offert en personne et virtuellement est une fa\u00e7on cr\u00e9ative d&#039;apprendre \u00e0 surmonter les limites et \u00e0 trouver des solutions en \u00e9quipe ! En savoir plus ici.\" \/>\n<meta property=\"og:url\" content=\"https:\/\/mspteambuilding.ca\/produit\/creative-team-building-visual-arts-mosaic-vision\/\" \/>\n<meta property=\"og:site_name\" content=\"MSP Teambuilding\" \/>\n<meta property=\"article:publisher\" content=\"https:\/\/www.facebook.com\/mspteambuilding\" \/>\n<meta property=\"article:modified_time\" content=\"2025-12-22T21:01:31+00:00\" \/>\n<meta property=\"og:image\" content=\"https:\/\/mspteambuilding.ca\/wp-content\/uploads\/2018\/12\/MSP-Mosaic-Vision-team-building-1.jpg\" \/>\n\t<meta property=\"og:image:width\" content=\"500\" \/>\n\t<meta property=\"og:image:height\" content=\"500\" \/>\n\t<meta property=\"og:image:type\" content=\"image\/jpeg\" \/>\n<meta name=\"twitter:card\" content=\"summary_large_image\" \/>\n<meta name=\"twitter:site\" content=\"@teambuildingmsp\" \/>\n<meta name=\"twitter:label1\" content=\"Dur\u00e9e de lecture estim\u00e9e\" \/>\n\t<meta name=\"twitter:data1\" content=\"2 minutes\" \/>\n<script type=\"application\/ld+json\" class=\"yoast-schema-graph\">{\"@context\":\"https:\\\/\\\/schema.org\",\"@graph\":[{\"@type\":\"WebPage\",\"@id\":\"https:\\\/\\\/mspteambuilding.ca\\\/produit\\\/creative-team-building-visual-arts-mosaic-vision\\\/\",\"url\":\"https:\\\/\\\/mspteambuilding.ca\\\/produit\\\/creative-team-building-visual-arts-mosaic-vision\\\/\",\"name\":\"Vision en Mosa\u00efque pour une culture d'entreprise virtuelle et en personne | Teambuilding MSP\",\"isPartOf\":{\"@id\":\"https:\\\/\\\/mspteambuilding.ca\\\/#website\"},\"primaryImageOfPage\":{\"@id\":\"https:\\\/\\\/mspteambuilding.ca\\\/produit\\\/creative-team-building-visual-arts-mosaic-vision\\\/#primaryimage\"},\"image\":{\"@id\":\"https:\\\/\\\/mspteambuilding.ca\\\/produit\\\/creative-team-building-visual-arts-mosaic-vision\\\/#primaryimage\"},\"thumbnailUrl\":\"https:\\\/\\\/mspteambuilding.ca\\\/wp-content\\\/uploads\\\/2018\\\/12\\\/MSP-Mosaic-Vision-team-building-1.jpg\",\"datePublished\":\"2018-12-31T15:55:13+00:00\",\"dateModified\":\"2025-12-22T21:01:31+00:00\",\"description\":\"Le team building Vision en Mosa\u00efque pour la culture d'entreprise offert en personne et virtuellement est une fa\u00e7on cr\u00e9ative d'apprendre \u00e0 surmonter les limites et \u00e0 trouver des solutions en \u00e9quipe ! En savoir plus ici.\",\"breadcrumb\":{\"@id\":\"https:\\\/\\\/mspteambuilding.ca\\\/produit\\\/creative-team-building-visual-arts-mosaic-vision\\\/#breadcrumb\"},\"inLanguage\":\"fr-FR\",\"potentialAction\":[{\"@type\":\"ReadAction\",\"target\":[\"https:\\\/\\\/mspteambuilding.ca\\\/produit\\\/creative-team-building-visual-arts-mosaic-vision\\\/\"]}]},{\"@type\":\"ImageObject\",\"inLanguage\":\"fr-FR\",\"@id\":\"https:\\\/\\\/mspteambuilding.ca\\\/produit\\\/creative-team-building-visual-arts-mosaic-vision\\\/#primaryimage\",\"url\":\"https:\\\/\\\/mspteambuilding.ca\\\/wp-content\\\/uploads\\\/2018\\\/12\\\/MSP-Mosaic-Vision-team-building-1.jpg\",\"contentUrl\":\"https:\\\/\\\/mspteambuilding.ca\\\/wp-content\\\/uploads\\\/2018\\\/12\\\/MSP-Mosaic-Vision-team-building-1.jpg\",\"width\":500,\"height\":500,\"caption\":\"Mosaic Vision visual arts team building activity by MSP Team building\"},{\"@type\":\"BreadcrumbList\",\"@id\":\"https:\\\/\\\/mspteambuilding.ca\\\/produit\\\/creative-team-building-visual-arts-mosaic-vision\\\/#breadcrumb\",\"itemListElement\":[{\"@type\":\"ListItem\",\"position\":1,\"name\":\"Home\",\"item\":\"https:\\\/\\\/mspteambuilding.ca\\\/fr\\\/\"},{\"@type\":\"ListItem\",\"position\":2,\"name\":\"Magasinez\",\"item\":\"https:\\\/\\\/mspteambuilding.ca\\\/team-building-activities\\\/\"},{\"@type\":\"ListItem\",\"position\":3,\"name\":\"Vision en Mosa\u00efque\"}]},{\"@type\":\"WebSite\",\"@id\":\"https:\\\/\\\/mspteambuilding.ca\\\/#website\",\"url\":\"https:\\\/\\\/mspteambuilding.ca\\\/\",\"name\":\"MSP Teambuilding\",\"description\":\"Transforming Company Culture, One Human Connection at a time.\",\"publisher\":{\"@id\":\"https:\\\/\\\/mspteambuilding.ca\\\/#organization\"},\"potentialAction\":[{\"@type\":\"SearchAction\",\"target\":{\"@type\":\"EntryPoint\",\"urlTemplate\":\"https:\\\/\\\/mspteambuilding.ca\\\/?s={search_term_string}\"},\"query-input\":{\"@type\":\"PropertyValueSpecification\",\"valueRequired\":true,\"valueName\":\"search_term_string\"}}],\"inLanguage\":\"fr-FR\"},{\"@type\":\"Organization\",\"@id\":\"https:\\\/\\\/mspteambuilding.ca\\\/#organization\",\"name\":\"MSP TeamBuilding\",\"url\":\"https:\\\/\\\/mspteambuilding.ca\\\/\",\"logo\":{\"@type\":\"ImageObject\",\"inLanguage\":\"fr-FR\",\"@id\":\"https:\\\/\\\/mspteambuilding.ca\\\/#\\\/schema\\\/logo\\\/image\\\/\",\"url\":\"https:\\\/\\\/mspteambuilding.ca\\\/wp-content\\\/uploads\\\/2019\\\/03\\\/cropped-mspteambuilding-favicon.png\",\"contentUrl\":\"https:\\\/\\\/mspteambuilding.ca\\\/wp-content\\\/uploads\\\/2019\\\/03\\\/cropped-mspteambuilding-favicon.png\",\"width\":512,\"height\":512,\"caption\":\"MSP TeamBuilding\"},\"image\":{\"@id\":\"https:\\\/\\\/mspteambuilding.ca\\\/#\\\/schema\\\/logo\\\/image\\\/\"},\"sameAs\":[\"https:\\\/\\\/www.facebook.com\\\/mspteambuilding\",\"https:\\\/\\\/x.com\\\/teambuildingmsp\",\"https:\\\/\\\/www.instagram.com\\\/mspteambuilding\\\/\",\"https:\\\/\\\/www.linkedin.com\\\/company\\\/msp-teambuilding\",\"https:\\\/\\\/www.youtube.com\\\/channel\\\/UCKzGwb2bi6TEYMFmEfboppg\\\/\"]}]}<\/script>\n<!-- \/ Yoast SEO Premium plugin. -->","yoast_head_json":{"title":"Vision en Mosa\u00efque pour une culture d'entreprise virtuelle et en personne | Teambuilding MSP","description":"Le team building Vision en Mosa\u00efque pour la culture d'entreprise offert en personne et virtuellement est une fa\u00e7on cr\u00e9ative d'apprendre \u00e0 surmonter les limites et \u00e0 trouver des solutions en \u00e9quipe ! En savoir plus ici.","robots":{"index":"index","follow":"follow","max-snippet":"max-snippet:-1","max-image-preview":"max-image-preview:large","max-video-preview":"max-video-preview:-1"},"canonical":"https:\/\/mspteambuilding.ca\/produit\/creative-team-building-visual-arts-mosaic-vision\/","og_locale":"fr_FR","og_type":"article","og_title":"Vision en Mosa\u00efque","og_description":"Le team building Vision en Mosa\u00efque pour la culture d'entreprise offert en personne et virtuellement est une fa\u00e7on cr\u00e9ative d'apprendre \u00e0 surmonter les limites et \u00e0 trouver des solutions en \u00e9quipe ! En savoir plus ici.","og_url":"https:\/\/mspteambuilding.ca\/produit\/creative-team-building-visual-arts-mosaic-vision\/","og_site_name":"MSP Teambuilding","article_publisher":"https:\/\/www.facebook.com\/mspteambuilding","article_modified_time":"2025-12-22T21:01:31+00:00","og_image":[{"width":500,"height":500,"url":"https:\/\/mspteambuilding.ca\/wp-content\/uploads\/2018\/12\/MSP-Mosaic-Vision-team-building-1.jpg","type":"image\/jpeg"}],"twitter_card":"summary_large_image","twitter_site":"@teambuildingmsp","twitter_misc":{"Dur\u00e9e de lecture estim\u00e9e":"2 minutes"},"schema":{"@context":"https:\/\/schema.org","@graph":[{"@type":"WebPage","@id":"https:\/\/mspteambuilding.ca\/produit\/creative-team-building-visual-arts-mosaic-vision\/","url":"https:\/\/mspteambuilding.ca\/produit\/creative-team-building-visual-arts-mosaic-vision\/","name":"Vision en Mosa\u00efque pour une culture d'entreprise virtuelle et en personne | Teambuilding MSP","isPartOf":{"@id":"https:\/\/mspteambuilding.ca\/#website"},"primaryImageOfPage":{"@id":"https:\/\/mspteambuilding.ca\/produit\/creative-team-building-visual-arts-mosaic-vision\/#primaryimage"},"image":{"@id":"https:\/\/mspteambuilding.ca\/produit\/creative-team-building-visual-arts-mosaic-vision\/#primaryimage"},"thumbnailUrl":"https:\/\/mspteambuilding.ca\/wp-content\/uploads\/2018\/12\/MSP-Mosaic-Vision-team-building-1.jpg","datePublished":"2018-12-31T15:55:13+00:00","dateModified":"2025-12-22T21:01:31+00:00","description":"Le team building Vision en Mosa\u00efque pour la culture d'entreprise offert en personne et virtuellement est une fa\u00e7on cr\u00e9ative d'apprendre \u00e0 surmonter les limites et \u00e0 trouver des solutions en \u00e9quipe ! En savoir plus ici.","breadcrumb":{"@id":"https:\/\/mspteambuilding.ca\/produit\/creative-team-building-visual-arts-mosaic-vision\/#breadcrumb"},"inLanguage":"fr-FR","potentialAction":[{"@type":"ReadAction","target":["https:\/\/mspteambuilding.ca\/produit\/creative-team-building-visual-arts-mosaic-vision\/"]}]},{"@type":"ImageObject","inLanguage":"fr-FR","@id":"https:\/\/mspteambuilding.ca\/produit\/creative-team-building-visual-arts-mosaic-vision\/#primaryimage","url":"https:\/\/mspteambuilding.ca\/wp-content\/uploads\/2018\/12\/MSP-Mosaic-Vision-team-building-1.jpg","contentUrl":"https:\/\/mspteambuilding.ca\/wp-content\/uploads\/2018\/12\/MSP-Mosaic-Vision-team-building-1.jpg","width":500,"height":500,"caption":"Mosaic Vision visual arts team building activity by MSP Team building"},{"@type":"BreadcrumbList","@id":"https:\/\/mspteambuilding.ca\/produit\/creative-team-building-visual-arts-mosaic-vision\/#breadcrumb","itemListElement":[{"@type":"ListItem","position":1,"name":"Home","item":"https:\/\/mspteambuilding.ca\/fr\/"},{"@type":"ListItem","position":2,"name":"Magasinez","item":"https:\/\/mspteambuilding.ca\/team-building-activities\/"},{"@type":"ListItem","position":3,"name":"Vision en Mosa\u00efque"}]},{"@type":"WebSite","@id":"https:\/\/mspteambuilding.ca\/#website","url":"https:\/\/mspteambuilding.ca\/","name":"MSP Teambuilding","description":"Transforming Company Culture, One Human Connection at a time.","publisher":{"@id":"https:\/\/mspteambuilding.ca\/#organization"},"potentialAction":[{"@type":"SearchAction","target":{"@type":"EntryPoint","urlTemplate":"https:\/\/mspteambuilding.ca\/?s={search_term_string}"},"query-input":{"@type":"PropertyValueSpecification","valueRequired":true,"valueName":"search_term_string"}}],"inLanguage":"fr-FR"},{"@type":"Organization","@id":"https:\/\/mspteambuilding.ca\/#organization","name":"MSP TeamBuilding","url":"https:\/\/mspteambuilding.ca\/","logo":{"@type":"ImageObject","inLanguage":"fr-FR","@id":"https:\/\/mspteambuilding.ca\/#\/schema\/logo\/image\/","url":"https:\/\/mspteambuilding.ca\/wp-content\/uploads\/2019\/03\/cropped-mspteambuilding-favicon.png","contentUrl":"https:\/\/mspteambuilding.ca\/wp-content\/uploads\/2019\/03\/cropped-mspteambuilding-favicon.png","width":512,"height":512,"caption":"MSP TeamBuilding"},"image":{"@id":"https:\/\/mspteambuilding.ca\/#\/schema\/logo\/image\/"},"sameAs":["https:\/\/www.facebook.com\/mspteambuilding","https:\/\/x.com\/teambuildingmsp","https:\/\/www.instagram.com\/mspteambuilding\/","https:\/\/www.linkedin.com\/company\/msp-teambuilding","https:\/\/www.youtube.com\/channel\/UCKzGwb2bi6TEYMFmEfboppg\/"]}]}},"_links":{"self":[{"href":"https:\/\/mspteambuilding.ca\/fr\/wp-json\/wp\/v2\/product\/9485","targetHints":{"allow":["GET"]}}],"collection":[{"href":"https:\/\/mspteambuilding.ca\/fr\/wp-json\/wp\/v2\/product"}],"about":[{"href":"https:\/\/mspteambuilding.ca\/fr\/wp-json\/wp\/v2\/types\/product"}],"replies":[{"embeddable":true,"href":"https:\/\/mspteambuilding.ca\/fr\/wp-json\/wp\/v2\/comments?post=9485"}],"wp:featuredmedia":[{"embeddable":true,"href":"https:\/\/mspteambuilding.ca\/fr\/wp-json\/wp\/v2\/media\/17935"}],"wp:attachment":[{"href":"https:\/\/mspteambuilding.ca\/fr\/wp-json\/wp\/v2\/media?parent=9485"}],"wp:term":[{"taxonomy":"product_brand","embeddable":true,"href":"https:\/\/mspteambuilding.ca\/fr\/wp-json\/wp\/v2\/product_brand?post=9485"},{"taxonomy":"product_cat","embeddable":true,"href":"https:\/\/mspteambuilding.ca\/fr\/wp-json\/wp\/v2\/product_cat?post=9485"},{"taxonomy":"product_tag","embeddable":true,"href":"https:\/\/mspteambuilding.ca\/fr\/wp-json\/wp\/v2\/product_tag?post=9485"}],"curies":[{"name":"wp","href":"https:\/\/api.w.org\/{rel}","templated":true}]}}