{"id":9530,"date":"2019-01-03T19:41:30","date_gmt":"2019-01-03T19:41:30","guid":{"rendered":"http:\/\/mspteambuilding.ca\/?post_type=product&#038;p=9530\/"},"modified":"2023-11-10T14:35:06","modified_gmt":"2023-11-10T14:35:06","slug":"l-escouade-du-changement-benevolat-pour-faire-la-difference-rse","status":"publish","type":"product","link":"https:\/\/mspteambuilding.ca\/fr\/produit\/l-escouade-du-changement-benevolat-pour-faire-la-difference-rse\/","title":{"rendered":"L&#8217;escouade du changement"},"content":{"rendered":"<p>Change Squad : Le renforcement de l&#8217;esprit d&#8217;\u00e9quipe par le biais du b\u00e9n\u00e9volat communautaire. Stimuler la collaboration, l&#8217;intelligence \u00e9motionnelle et l&#8217;alignement des missions.<\/p>\n<h5><\/h5>\n","protected":false},"excerpt":{"rendered":"<p>[edgtf_separator class_name=\"\" type=\"normal\" position=\"left\" color=\"\" border_style=\"solid\" width=\"200px\" thickness=\"\" top_margin=\"20px\" bottom_margin=\"0px\"]<br \/>\n[edgtf_custom_font content_custom_font=\"DURATION: 1h and +\" custom_font_tag=\"h5\" font_family=\"\" font_size=\"16\" line_height=\"0px\" font_style=\"normal\" text_align=\"left\" font_weight=\"700\" color=\"\" text_decoration=\"none\" letter_spacing=\"\"]<br \/>\n[edgtf_separator class_name=\"\" type=\"normal\" position=\"left\" color=\"\" border_style=\"solid\" width=\"200px\" thickness=\"\" top_margin=\"0px\" bottom_margin=\"30px\"]<\/p>\n[embed]https:\/\/youtu.be\/ozkNZCRY3p4?si=PoUVbLdq8BmEQOMS[\/embed]\n<h5><strong><span style=\"vertical-align: inherit;\">CE QUI EST INCLUS<\/span><\/strong><\/h5>\n<ul>\n<li><span style=\"vertical-align: inherit;\">Coordination et gestion avant et pendant l&#8217;activit\u00e9<\/span><\/li>\n<li><span style=\"vertical-align: inherit;\">Une explication de l&#8217;objectif de l&#8217;activit\u00e9 et des t\u00e2ches \u00e0 effectuer sur place<\/span><\/li>\n<li><span style=\"vertical-align: inherit;\">\u00c9quipement, mat\u00e9riel et\/ou outils n\u00e9cessaires pour entreprendre l&#8217;activit\u00e9<\/span><\/li>\n<li><span style=\"vertical-align: inherit;\">Une \u00e9quipe de 1-2 animateurs pour animer l&#8217;activit\u00e9 et garder l&#8217;\u00e9lan<\/span><\/li>\n<li><span style=\"vertical-align: inherit;\">\u00c9changer\/partager en \u00e9quipe et en groupe \u00e0 la fin de l&#8217;activit\u00e9<\/span><\/li>\n<\/ul>\n<h5>Faites une diff\u00e9rence dans votre communaut\u00e9 en \u00e9quipe<\/h5>\n<p><strong>ID\u00c9AL POUR<\/strong><\/p>\n<ul>\n<li>Maintenir\/d\u00e9velopper une saine culture d&#8217;entreprise<\/li>\n<li>Objectif sup\u00e9rieur<\/li>\n<li>Donner en retour<\/li>\n<li>La synergie d&#8217;\u00e9quipe<\/li>\n<\/ul>\n<p><strong>GROUP SIZE:<\/strong> 10-75<\/p>\n<p><em><strong><span style=\"vertical-align: inherit;\">L&#8217;escouade du changement<\/span><\/strong><\/em><span style=\"vertical-align: inherit;\"> est une activit\u00e9 de consolidation d&#8217;\u00e9quipe dans le cadre de la responsabilit\u00e9 sociale des entreprises (RSE) qui permet aux participants de s&#8217;impliquer et de faire une diff\u00e9rence dans la communaut\u00e9 en faisant du b\u00e9n\u00e9volat. Participer \u00e0 cette activit\u00e9 avec vos coll\u00e8gues renforcera le sentiment d&#8217;appartenance \u00e0 votre \u00e9quipe et vous procurera un sentiment de bien-\u00eatre !<\/span><\/p>\n<p><a href=\"mailto:info@mspteambuilding.ca?subject=REQUEST:%20Change%20Squad-%20Program%20Details&amp;body=I%20would%20like%20to%20request%20a%20copy%20of%20this%20program%20detailed%20description.%20Thank%20you.\"><strong>CLIQUEZ ICI POUR DEMANDER DES INFORMATIONS D\u00c9TAILL\u00c9ES SUR LE PROGRAMME ET LES PARTAGER AVEC VOTRE \u00c9QUIPE<\/strong><\/a><\/p>\n<p><em><strong>L&#8217;escouade du changement<\/strong><\/em> est la meilleure activit\u00e9 pour favoriser l&#8217;altruisme en \u00e9quipe et d\u00e9velopper l&#8217;intelligence \u00e9motionnelle au sein de votre entreprise. En plus de participer \u00e0 une activit\u00e9 de b\u00e9n\u00e9volat, vous am\u00e9liorerez la synergie, la collaboration et la communication de votre \u00e9quipe. C&#8217;est une fa\u00e7on unique et compatissante de participer \u00e0 une activit\u00e9 de team building tout en faisant une diff\u00e9rence dans votre communaut\u00e9 !<\/p>\n<p><a href=\"mailto:info@mspteambuilding.ca?subject=REQUEST:%20Non-profit-%20Registration%20Form&amp;body=We%20would%20like%20to%20request%20a%20registration%20form%20for%20volunteers.%20Thank%20you.\"><strong>CLICK HERE IF YOU&#8217;RE A NON-PROFIT LOOKING FOR VOLUNTEERS AND REQUEST OUR REGISTRATION FORM<\/strong><\/a><\/p>\n<p><strong>PERSONNALISABLE<\/strong><br \/>\nCe programme peut \u00eatre personnalis\u00e9 pour r\u00e9pondre \u00e0 vos besoins. Envie de faire une s\u00e9ance photo pour comm\u00e9morer cette activit\u00e9 ? Nous pouvons faire \u00e7a. D&#8217;autres id\u00e9es ? Faites-le nous savoir et nous trouverons quelque chose ensemble.<\/p>\n<p><strong>D\u00c9TAILS TECHNIQUES<br \/>\n<\/strong>Pour plus d&#8217;informations sur ce qui est inclus dans le programme, veuillez faire d\u00e9filer jusqu&#8217;\u00e0 l&#8217;onglet de description ci-dessous.<\/p>\n<p>[edgtf_custom_font content_custom_font=\"REQUEST A PRICE QUOTE\" custom_font_tag=\"h5\" font_family=\"\" font_size=\"20\" line_height=\"0px\" font_style=\"normal\" text_align=\"left\" font_weight=\"700\" color=\"\" text_decoration=\"none\" letter_spacing=\"\"]<br \/>\n<strong><em><br \/>\nL&#8217;escouade du changement<\/em>Le Team Building offre de nombreuses options. Nous accommodons diff\u00e9rentes tailles de groupe et budgets et personnaliserons le forfait en fonction de vos besoins. Le prix varie en fonction de la taille de votre groupe et du type d&#8217;activit\u00e9 de b\u00e9n\u00e9volat. <\/strong><\/p>\n[edgtf_button size=\"huge\" type=\"\" text=\"R\u00e9servez un appel maintenant\" custom_class=\"\" icon_pack=\"font_awesome\" fa_icon=\"\" link=\"https:\/\/mspteambuilding.ca\/team-building-activities\/\" target=\"_blank\" color=\"\" hover_color=\"\" background_color=\"\" hover_background_color=\"\" border_color=\"\" hover_border_color=\"\" font_size=\"\" font_weight=\"\" margin=\"\"]\n","protected":false},"featured_media":17879,"comment_status":"open","ping_status":"closed","template":"","meta":{"_acf_changed":false},"product_brand":[],"product_cat":[1474,1444,1509,1551,1470,1527,1525,1494,1445,1482,1476,208,1501,1529,1426,206,1511,1459,1466,1519,1478,1488,1446,1536,1513,1451,1515,1507,1484,1546,1455,1456,1449,1505,1554,1543,1448,207,1531,1540,1472,1480,1496,1499,1542,1538,1490,1534,1552,1468,1548,172,1553,1503,1492,1462,1517,1464,1523,1521,1550],"product_tag":[1601],"class_list":{"0":"post-9530","1":"product","2":"type-product","3":"status-publish","4":"has-post-thumbnail","6":"product_cat-abbotsford","7":"product_cat-alberta","8":"product_cat-brampton","9":"product_cat-brandon","10":"product_cat-burnaby","11":"product_cat-calgary-et-environs","12":"product_cat-cambridge","13":"product_cat-chicoutimi-jonquiere","14":"product_cat-colombie-britannique","15":"product_cat-coquitlam","16":"product_cat-delta","17":"product_cat-divertissement","18":"product_cat-drummondville","19":"product_cat-edmonton-et-environs","20":"product_cat-en-personne","21":"product_cat-engagement","22":"product_cat-hamilton","23":"product_cat-ile-du-prince-edouard","24":"product_cat-kelowna","25":"product_cat-kitchener","26":"product_cat-langley","27":"product_cat-laurentides","28":"product_cat-les-maritimes","29":"product_cat-lethbridge","30":"product_cat-london","31":"product_cat-manitoba-2","32":"product_cat-markham","33":"product_cat-mississauga","34":"product_cat-montreal","35":"product_cat-moose-jaw","36":"product_cat-nouveau-brunswick","37":"product_cat-nouvelle-ecosse","38":"product_cat-ontario-2","39":"product_cat-ottawa","40":"product_cat-portage-la-prairie","41":"product_cat-prince-albert","42":"product_cat-quebec","43":"product_cat-reconnaissance","44":"product_cat-red-deer","45":"product_cat-regina","46":"product_cat-richmond","47":"product_cat-saanich","48":"product_cat-saint-jean-sur-richelieu","49":"product_cat-saint-jerome","50":"product_cat-saskatchewan","51":"product_cat-saskatoon","52":"product_cat-sherbrooke","53":"product_cat-st-albert","54":"product_cat-steinbach","55":"product_cat-surrey","56":"product_cat-swift-current","57":"product_cat-team-building-creatif-artistique-musical","58":"product_cat-thompson","59":"product_cat-toronto-gta","60":"product_cat-trois-rivieres","61":"product_cat-vancouver-et-gvr","62":"product_cat-vaughan","63":"product_cat-victoria","64":"product_cat-waterloo","65":"product_cat-windsor","66":"product_cat-winnipeg","67":"product_tag-en-personne","68":"pa_activity-type-culture-dentreprise","69":"pa_activity-type-ie-intelligence-emotionnelle","70":"pa_activity-type-reconnaissance-de-lequipe","71":"pa_activity-type-responsabilite-sociale-des-entreprises","72":"pa_activity-type-sante","73":"pa_play-type-team-fr","74":"pa_time-jusqua-toute-la-journee","76":"first","77":"instock","78":"product-type-simple"},"acf":[],"yoast_head":"<!-- This site is optimized with the Yoast SEO Premium plugin v21.8 (Yoast SEO v27.3) - https:\/\/yoast.com\/product\/yoast-seo-premium-wordpress\/ -->\n<title>L&#039;Escouade du Changement, B\u00e9n\u00e9volat pour Faire la Diff\u00e9rence | Teambuilding MSP<\/title>\n<meta name=\"description\" content=\"L&#039;Escouade du Changement est la meilleure activit\u00e9 pour encourager l&#039;altruisme d&#039;\u00e9quipe tout en am\u00e9liorant la synergie d&#039;\u00e9quipe, la collaboration et la communication. En savoir plus ici.\" \/>\n<meta name=\"robots\" content=\"index, follow, max-snippet:-1, max-image-preview:large, max-video-preview:-1\" \/>\n<link rel=\"canonical\" href=\"https:\/\/mspteambuilding.ca\/produit\/change-squad-volunteering-csr-team-building\/\" \/>\n<meta property=\"og:locale\" content=\"fr_FR\" \/>\n<meta property=\"og:type\" content=\"article\" \/>\n<meta property=\"og:title\" content=\"L&#039;escouade du changement\" \/>\n<meta property=\"og:description\" content=\"L&#039;Escouade du Changement est la meilleure activit\u00e9 pour encourager l&#039;altruisme d&#039;\u00e9quipe tout en am\u00e9liorant la synergie d&#039;\u00e9quipe, la collaboration et la communication. En savoir plus ici.\" \/>\n<meta property=\"og:url\" content=\"https:\/\/mspteambuilding.ca\/produit\/change-squad-volunteering-csr-team-building\/\" \/>\n<meta property=\"og:site_name\" content=\"MSP Teambuilding\" \/>\n<meta property=\"article:publisher\" content=\"https:\/\/www.facebook.com\/mspteambuilding\" \/>\n<meta property=\"article:modified_time\" content=\"2023-11-10T14:35:06+00:00\" \/>\n<meta property=\"og:image\" content=\"https:\/\/mspteambuilding.ca\/wp-content\/uploads\/2019\/01\/equipe-benevolat-responsabilite-sociale-entreprises.jpg\" \/>\n\t<meta property=\"og:image:width\" content=\"500\" \/>\n\t<meta property=\"og:image:height\" content=\"500\" \/>\n\t<meta property=\"og:image:type\" content=\"image\/jpeg\" \/>\n<meta name=\"twitter:card\" content=\"summary_large_image\" \/>\n<meta name=\"twitter:site\" content=\"@teambuildingmsp\" \/>\n<meta name=\"twitter:label1\" content=\"Dur\u00e9e de lecture estim\u00e9e\" \/>\n\t<meta name=\"twitter:data1\" content=\"2 minutes\" \/>\n<script type=\"application\/ld+json\" class=\"yoast-schema-graph\">{\"@context\":\"https:\\\/\\\/schema.org\",\"@graph\":[{\"@type\":\"WebPage\",\"@id\":\"https:\\\/\\\/mspteambuilding.ca\\\/produit\\\/change-squad-volunteering-csr-team-building\\\/\",\"url\":\"https:\\\/\\\/mspteambuilding.ca\\\/produit\\\/change-squad-volunteering-csr-team-building\\\/\",\"name\":\"L'Escouade du Changement, B\u00e9n\u00e9volat pour Faire la Diff\u00e9rence | Teambuilding MSP\",\"isPartOf\":{\"@id\":\"https:\\\/\\\/mspteambuilding.ca\\\/#website\"},\"primaryImageOfPage\":{\"@id\":\"https:\\\/\\\/mspteambuilding.ca\\\/produit\\\/change-squad-volunteering-csr-team-building\\\/#primaryimage\"},\"image\":{\"@id\":\"https:\\\/\\\/mspteambuilding.ca\\\/produit\\\/change-squad-volunteering-csr-team-building\\\/#primaryimage\"},\"thumbnailUrl\":\"https:\\\/\\\/mspteambuilding.ca\\\/wp-content\\\/uploads\\\/2019\\\/01\\\/equipe-benevolat-responsabilite-sociale-entreprises.jpg\",\"datePublished\":\"2019-01-03T19:41:30+00:00\",\"dateModified\":\"2023-11-10T14:35:06+00:00\",\"description\":\"L'Escouade du Changement est la meilleure activit\u00e9 pour encourager l'altruisme d'\u00e9quipe tout en am\u00e9liorant la synergie d'\u00e9quipe, la collaboration et la communication. En savoir plus ici.\",\"breadcrumb\":{\"@id\":\"https:\\\/\\\/mspteambuilding.ca\\\/produit\\\/change-squad-volunteering-csr-team-building\\\/#breadcrumb\"},\"inLanguage\":\"fr-FR\",\"potentialAction\":[{\"@type\":\"ReadAction\",\"target\":[\"https:\\\/\\\/mspteambuilding.ca\\\/produit\\\/change-squad-volunteering-csr-team-building\\\/\"]}]},{\"@type\":\"ImageObject\",\"inLanguage\":\"fr-FR\",\"@id\":\"https:\\\/\\\/mspteambuilding.ca\\\/produit\\\/change-squad-volunteering-csr-team-building\\\/#primaryimage\",\"url\":\"https:\\\/\\\/mspteambuilding.ca\\\/wp-content\\\/uploads\\\/2019\\\/01\\\/equipe-benevolat-responsabilite-sociale-entreprises.jpg\",\"contentUrl\":\"https:\\\/\\\/mspteambuilding.ca\\\/wp-content\\\/uploads\\\/2019\\\/01\\\/equipe-benevolat-responsabilite-sociale-entreprises.jpg\",\"width\":500,\"height\":500,\"caption\":\"Change Squad team building with MSP Teambuilding\"},{\"@type\":\"BreadcrumbList\",\"@id\":\"https:\\\/\\\/mspteambuilding.ca\\\/produit\\\/change-squad-volunteering-csr-team-building\\\/#breadcrumb\",\"itemListElement\":[{\"@type\":\"ListItem\",\"position\":1,\"name\":\"Home\",\"item\":\"https:\\\/\\\/mspteambuilding.ca\\\/fr\\\/\"},{\"@type\":\"ListItem\",\"position\":2,\"name\":\"Magasinez\",\"item\":\"https:\\\/\\\/mspteambuilding.ca\\\/team-building-activities\\\/\"},{\"@type\":\"ListItem\",\"position\":3,\"name\":\"L&#8217;escouade du changement\"}]},{\"@type\":\"WebSite\",\"@id\":\"https:\\\/\\\/mspteambuilding.ca\\\/#website\",\"url\":\"https:\\\/\\\/mspteambuilding.ca\\\/\",\"name\":\"MSP Teambuilding\",\"description\":\"Transforming Company Culture, One Human Connection at a time.\",\"publisher\":{\"@id\":\"https:\\\/\\\/mspteambuilding.ca\\\/#organization\"},\"potentialAction\":[{\"@type\":\"SearchAction\",\"target\":{\"@type\":\"EntryPoint\",\"urlTemplate\":\"https:\\\/\\\/mspteambuilding.ca\\\/?s={search_term_string}\"},\"query-input\":{\"@type\":\"PropertyValueSpecification\",\"valueRequired\":true,\"valueName\":\"search_term_string\"}}],\"inLanguage\":\"fr-FR\"},{\"@type\":\"Organization\",\"@id\":\"https:\\\/\\\/mspteambuilding.ca\\\/#organization\",\"name\":\"MSP TeamBuilding\",\"url\":\"https:\\\/\\\/mspteambuilding.ca\\\/\",\"logo\":{\"@type\":\"ImageObject\",\"inLanguage\":\"fr-FR\",\"@id\":\"https:\\\/\\\/mspteambuilding.ca\\\/#\\\/schema\\\/logo\\\/image\\\/\",\"url\":\"https:\\\/\\\/mspteambuilding.ca\\\/wp-content\\\/uploads\\\/2019\\\/03\\\/cropped-mspteambuilding-favicon.png\",\"contentUrl\":\"https:\\\/\\\/mspteambuilding.ca\\\/wp-content\\\/uploads\\\/2019\\\/03\\\/cropped-mspteambuilding-favicon.png\",\"width\":512,\"height\":512,\"caption\":\"MSP TeamBuilding\"},\"image\":{\"@id\":\"https:\\\/\\\/mspteambuilding.ca\\\/#\\\/schema\\\/logo\\\/image\\\/\"},\"sameAs\":[\"https:\\\/\\\/www.facebook.com\\\/mspteambuilding\",\"https:\\\/\\\/x.com\\\/teambuildingmsp\",\"https:\\\/\\\/www.instagram.com\\\/mspteambuilding\\\/\",\"https:\\\/\\\/www.linkedin.com\\\/company\\\/msp-teambuilding\",\"https:\\\/\\\/www.youtube.com\\\/channel\\\/UCKzGwb2bi6TEYMFmEfboppg\\\/\"]}]}<\/script>\n<!-- \/ Yoast SEO Premium plugin. -->","yoast_head_json":{"title":"L'Escouade du Changement, B\u00e9n\u00e9volat pour Faire la Diff\u00e9rence | Teambuilding MSP","description":"L'Escouade du Changement est la meilleure activit\u00e9 pour encourager l'altruisme d'\u00e9quipe tout en am\u00e9liorant la synergie d'\u00e9quipe, la collaboration et la communication. En savoir plus ici.","robots":{"index":"index","follow":"follow","max-snippet":"max-snippet:-1","max-image-preview":"max-image-preview:large","max-video-preview":"max-video-preview:-1"},"canonical":"https:\/\/mspteambuilding.ca\/produit\/change-squad-volunteering-csr-team-building\/","og_locale":"fr_FR","og_type":"article","og_title":"L'escouade du changement","og_description":"L'Escouade du Changement est la meilleure activit\u00e9 pour encourager l'altruisme d'\u00e9quipe tout en am\u00e9liorant la synergie d'\u00e9quipe, la collaboration et la communication. En savoir plus ici.","og_url":"https:\/\/mspteambuilding.ca\/produit\/change-squad-volunteering-csr-team-building\/","og_site_name":"MSP Teambuilding","article_publisher":"https:\/\/www.facebook.com\/mspteambuilding","article_modified_time":"2023-11-10T14:35:06+00:00","og_image":[{"width":500,"height":500,"url":"https:\/\/mspteambuilding.ca\/wp-content\/uploads\/2019\/01\/equipe-benevolat-responsabilite-sociale-entreprises.jpg","type":"image\/jpeg"}],"twitter_card":"summary_large_image","twitter_site":"@teambuildingmsp","twitter_misc":{"Dur\u00e9e de lecture estim\u00e9e":"2 minutes"},"schema":{"@context":"https:\/\/schema.org","@graph":[{"@type":"WebPage","@id":"https:\/\/mspteambuilding.ca\/produit\/change-squad-volunteering-csr-team-building\/","url":"https:\/\/mspteambuilding.ca\/produit\/change-squad-volunteering-csr-team-building\/","name":"L'Escouade du Changement, B\u00e9n\u00e9volat pour Faire la Diff\u00e9rence | Teambuilding MSP","isPartOf":{"@id":"https:\/\/mspteambuilding.ca\/#website"},"primaryImageOfPage":{"@id":"https:\/\/mspteambuilding.ca\/produit\/change-squad-volunteering-csr-team-building\/#primaryimage"},"image":{"@id":"https:\/\/mspteambuilding.ca\/produit\/change-squad-volunteering-csr-team-building\/#primaryimage"},"thumbnailUrl":"https:\/\/mspteambuilding.ca\/wp-content\/uploads\/2019\/01\/equipe-benevolat-responsabilite-sociale-entreprises.jpg","datePublished":"2019-01-03T19:41:30+00:00","dateModified":"2023-11-10T14:35:06+00:00","description":"L'Escouade du Changement est la meilleure activit\u00e9 pour encourager l'altruisme d'\u00e9quipe tout en am\u00e9liorant la synergie d'\u00e9quipe, la collaboration et la communication. En savoir plus ici.","breadcrumb":{"@id":"https:\/\/mspteambuilding.ca\/produit\/change-squad-volunteering-csr-team-building\/#breadcrumb"},"inLanguage":"fr-FR","potentialAction":[{"@type":"ReadAction","target":["https:\/\/mspteambuilding.ca\/produit\/change-squad-volunteering-csr-team-building\/"]}]},{"@type":"ImageObject","inLanguage":"fr-FR","@id":"https:\/\/mspteambuilding.ca\/produit\/change-squad-volunteering-csr-team-building\/#primaryimage","url":"https:\/\/mspteambuilding.ca\/wp-content\/uploads\/2019\/01\/equipe-benevolat-responsabilite-sociale-entreprises.jpg","contentUrl":"https:\/\/mspteambuilding.ca\/wp-content\/uploads\/2019\/01\/equipe-benevolat-responsabilite-sociale-entreprises.jpg","width":500,"height":500,"caption":"Change Squad team building with MSP Teambuilding"},{"@type":"BreadcrumbList","@id":"https:\/\/mspteambuilding.ca\/produit\/change-squad-volunteering-csr-team-building\/#breadcrumb","itemListElement":[{"@type":"ListItem","position":1,"name":"Home","item":"https:\/\/mspteambuilding.ca\/fr\/"},{"@type":"ListItem","position":2,"name":"Magasinez","item":"https:\/\/mspteambuilding.ca\/team-building-activities\/"},{"@type":"ListItem","position":3,"name":"L&#8217;escouade du changement"}]},{"@type":"WebSite","@id":"https:\/\/mspteambuilding.ca\/#website","url":"https:\/\/mspteambuilding.ca\/","name":"MSP Teambuilding","description":"Transforming Company Culture, One Human Connection at a time.","publisher":{"@id":"https:\/\/mspteambuilding.ca\/#organization"},"potentialAction":[{"@type":"SearchAction","target":{"@type":"EntryPoint","urlTemplate":"https:\/\/mspteambuilding.ca\/?s={search_term_string}"},"query-input":{"@type":"PropertyValueSpecification","valueRequired":true,"valueName":"search_term_string"}}],"inLanguage":"fr-FR"},{"@type":"Organization","@id":"https:\/\/mspteambuilding.ca\/#organization","name":"MSP TeamBuilding","url":"https:\/\/mspteambuilding.ca\/","logo":{"@type":"ImageObject","inLanguage":"fr-FR","@id":"https:\/\/mspteambuilding.ca\/#\/schema\/logo\/image\/","url":"https:\/\/mspteambuilding.ca\/wp-content\/uploads\/2019\/03\/cropped-mspteambuilding-favicon.png","contentUrl":"https:\/\/mspteambuilding.ca\/wp-content\/uploads\/2019\/03\/cropped-mspteambuilding-favicon.png","width":512,"height":512,"caption":"MSP TeamBuilding"},"image":{"@id":"https:\/\/mspteambuilding.ca\/#\/schema\/logo\/image\/"},"sameAs":["https:\/\/www.facebook.com\/mspteambuilding","https:\/\/x.com\/teambuildingmsp","https:\/\/www.instagram.com\/mspteambuilding\/","https:\/\/www.linkedin.com\/company\/msp-teambuilding","https:\/\/www.youtube.com\/channel\/UCKzGwb2bi6TEYMFmEfboppg\/"]}]}},"_links":{"self":[{"href":"https:\/\/mspteambuilding.ca\/fr\/wp-json\/wp\/v2\/product\/9530","targetHints":{"allow":["GET"]}}],"collection":[{"href":"https:\/\/mspteambuilding.ca\/fr\/wp-json\/wp\/v2\/product"}],"about":[{"href":"https:\/\/mspteambuilding.ca\/fr\/wp-json\/wp\/v2\/types\/product"}],"replies":[{"embeddable":true,"href":"https:\/\/mspteambuilding.ca\/fr\/wp-json\/wp\/v2\/comments?post=9530"}],"wp:featuredmedia":[{"embeddable":true,"href":"https:\/\/mspteambuilding.ca\/fr\/wp-json\/wp\/v2\/media\/17879"}],"wp:attachment":[{"href":"https:\/\/mspteambuilding.ca\/fr\/wp-json\/wp\/v2\/media?parent=9530"}],"wp:term":[{"taxonomy":"product_brand","embeddable":true,"href":"https:\/\/mspteambuilding.ca\/fr\/wp-json\/wp\/v2\/product_brand?post=9530"},{"taxonomy":"product_cat","embeddable":true,"href":"https:\/\/mspteambuilding.ca\/fr\/wp-json\/wp\/v2\/product_cat?post=9530"},{"taxonomy":"product_tag","embeddable":true,"href":"https:\/\/mspteambuilding.ca\/fr\/wp-json\/wp\/v2\/product_tag?post=9530"}],"curies":[{"name":"wp","href":"https:\/\/api.w.org\/{rel}","templated":true}]}}