{"id":9790,"date":"2019-02-24T22:58:55","date_gmt":"2019-02-24T22:58:55","guid":{"rendered":"http:\/\/mspteambuilding.ca\/?post_type=product&#038;p=9790\/"},"modified":"2023-11-10T14:55:33","modified_gmt":"2023-11-10T14:55:33","slug":"jeux-de-poches","status":"publish","type":"product","link":"https:\/\/mspteambuilding.ca\/fr\/produit\/jeux-de-poches\/","title":{"rendered":"Jeux de Poches (disponible bient\u00f4t)"},"content":{"rendered":"<p>          <strong>CE QUI EST INCLUS<\/strong><\/p>\n<ul>\n<li>Coordination et gestion avant et pendant l&#8217;activit\u00e9<\/li>\n<li>Une explication de l&#8217;objectif de l&#8217;activit\u00e9 et des t\u00e2ches \u00e0 effectuer sur place<\/li>\n<li>\u00c9quipement, mat\u00e9riel et\/ou outils n\u00e9cessaires pour entreprendre l&#8217;activit\u00e9<\/li>\n<li>Une \u00e9quipe de 1 \u00e0 2 facilitateurs pour animer l&#8217;activit\u00e9 et maintenir l&#8217;\u00e9lan.<\/li>\n<li>\u00c9changer\/partager en \u00e9quipe et en groupe \u00e0 la fin de l&#8217;activit\u00e9<\/li>\n<\/ul>\n<p>          [indeed_popups id=&#8221;1&#8243;]<\/p>\n","protected":false},"excerpt":{"rendered":"<p>[edgtf_separator class_name=\"\" type=\"normal\" position=\"left\" color=\"\" border_style=\"solid\" width=\"200px\" thickness=\"\" top_margin=\"20px\" bottom_margin=\"0px\"]<br \/>\n[edgtf_custom_font content_custom_font=\"DURATION: 1h and +\" custom_font_tag=\"h5\" font_family=\"\" font_size=\"16\" line_height=\"0px\" font_style=\"normal\" text_align=\"left\" font_weight=\"700\" color=\"\" text_decoration=\"none\" letter_spacing=\"\"]<br \/>\n[edgtf_separator class_name=\"\" type=\"normal\" position=\"left\" color=\"\" border_style=\"solid\" width=\"200px\" thickness=\"\" top_margin=\"0px\" bottom_margin=\"30px\"]<\/p>\n<h5>Faites une diff\u00e9rence dans votre communaut\u00e9 en \u00e9quipe<\/h5>\n<p><strong>ID\u00c9AL POUR :<br \/>\n<\/strong>Encourager la collaboration<br \/>\nEncourager l&#8217;ouverture<br \/>\nRenforcer la prise de d\u00e9cision en \u00e9quipe<br \/>\nRenforcer votre mission et les valeurs de votre entreprise<br \/>\nL&#8217;altruisme<br \/>\nFavoriser son intelligence \u00e9motionnelle<br \/>\nLe r\u00e9seautage<\/p>\n<p><strong>GROUP SIZE:<\/strong> 10-75<\/p>\n<p><em><strong>L&#8217;escouade du changement<\/strong><\/em> est une activit\u00e9 de team building qui permet \u00e0 ses participants de s&#8217;impliquer dans la communaut\u00e9 en faisant du b\u00e9n\u00e9volat. Cette activit\u00e9 renforce le sentiment d&#8217;appartenance de votre \u00e9quipe et vous laissera un sentiment de bien-\u00eatre !<\/p>\n<p><a href=\"mailto:info@mspteambuilding.ca?subject=REQUEST:%20Change%20Squad-%20Program%20Details&amp;body=I%20would%20like%20to%20request%20a%20copy%20of%20this%20program%20detailed%20description.%20Thank%20you.\"><strong>CLIQUEZ ICI POUR DEMANDER DES INFORMATIONS D\u00c9TAILL\u00c9ES SUR LE PROGRAMME ET LES PARTAGER AVEC VOTRE \u00c9QUIPE<\/strong><\/a><\/p>\n<p><em><strong>L&#8217;escouade du changement<\/strong><\/em> est la meilleure activit\u00e9 pour favoriser l&#8217;altruisme en \u00e9quipe et d\u00e9velopper l&#8217;intelligence \u00e9motionnelle au sein de votre entreprise. En plus de participer \u00e0 une activit\u00e9 de b\u00e9n\u00e9volat, vous am\u00e9liorerez la synergie, la collaboration et la communication de votre \u00e9quipe. C&#8217;est une fa\u00e7on unique et compatissante de participer \u00e0 une activit\u00e9 de team building tout en faisant une diff\u00e9rence dans votre communaut\u00e9 !<\/p>\n<p><a href=\"mailto:info@mspteambuilding.ca?subject=REQUEST:%20Non-profit-%20Registration%20Form&amp;body=We%20would%20like%20to%20request%20a%20registration%20form%20for%20volunteers.%20Thank%20you.\"><strong>CLICK HERE IF YOU&#8217;RE A NON-PROFIT LOOKING FOR VOLUNTEERS AND REQUEST OUR REGISTRATION FORM<\/strong><\/a><\/p>\n<p><strong>PERSONNALISABLE<\/strong><br \/>\nCe programme peut \u00eatre personnalis\u00e9 pour r\u00e9pondre \u00e0 vos besoins. Envie de faire une s\u00e9ance photo pour comm\u00e9morer cette activit\u00e9 ? Nous pouvons faire \u00e7a. D&#8217;autres id\u00e9es ? Faites-le nous savoir et nous trouverons quelque chose ensemble.<\/p>\n<p><strong>D\u00c9TAILS TECHNIQUES<br \/>\n<\/strong>Pour plus d&#8217;informations sur ce qui est inclus dans le programme, veuillez faire d\u00e9filer jusqu&#8217;\u00e0 l&#8217;onglet de description ci-dessous.<\/p>\n<p>[edgtf_custom_font content_custom_font=\"REQUEST A PRICE QUOTE\" custom_font_tag=\"h5\" font_family=\"\" font_size=\"20\" line_height=\"0px\" font_style=\"normal\" text_align=\"left\" font_weight=\"700\" color=\"\" text_decoration=\"none\" letter_spacing=\"\"]<br \/>\n<strong><em><br \/>\nL&#8217;escouade du changement<\/em>Le Team Building offre de nombreuses options. Nous accommodons diff\u00e9rentes tailles de groupe et budgets et personnaliserons le forfait en fonction de vos besoins. Le prix varie en fonction de la taille de votre groupe et du type d&#8217;activit\u00e9 de b\u00e9n\u00e9volat. <em><br \/>\n<\/em><\/strong><\/p>\n<p>Veuillez remplir le formulaire ci-dessous pour \u00e9tablir le prix de votre forfait et un de nos repr\u00e9sentants vous contactera sous peu.<\/p>\n<p>[contact-form-7 id=&#8221;9532&#8243; title=&#8221;Programmes &#8211; Change Squad&#8221;]<\/p>\n","protected":false},"featured_media":0,"comment_status":"open","ping_status":"closed","template":"","meta":{"_acf_changed":false},"product_brand":[],"product_cat":[208,209,172],"product_tag":[],"class_list":{"0":"post-9790","1":"product","2":"type-product","3":"status-publish","5":"product_cat-divertissement","6":"product_cat-performance","7":"product_cat-team-building-creatif-artistique-musical","9":"first","10":"instock","11":"product-type-simple"},"acf":[],"yoast_head":"<!-- This site is optimized with the Yoast SEO Premium plugin v21.8 (Yoast SEO v27.3) - https:\/\/yoast.com\/product\/yoast-seo-premium-wordpress\/ -->\n<title>Jeux de Poches (disponible bient\u00f4t) - B\u00e9n\u00e9volat Team building pour faire la diff\u00e9rence dans votre communaut\u00e9 | MSP Teambuilding<\/title>\n<meta name=\"description\" content=\"L&#039;activit\u00e9 Jeux de Poches est la meilleure fa\u00e7on d&#039;encourager l&#039;altruisme au sein de votre entreprise tout en am\u00e9liorant la synergie, la collaboration et la communication des membres de votre \u00e9quipe. En savoir plus ici.\" \/>\n<meta name=\"robots\" content=\"index, follow, max-snippet:-1, max-image-preview:large, max-video-preview:-1\" \/>\n<link rel=\"canonical\" href=\"https:\/\/mspteambuilding.ca\/?post_type=product&p=9789\" \/>\n<meta property=\"og:locale\" content=\"fr_FR\" \/>\n<meta property=\"og:type\" content=\"article\" \/>\n<meta property=\"og:title\" content=\"Jeux de Poches (disponible bient\u00f4t)\" \/>\n<meta property=\"og:description\" content=\"L&#039;activit\u00e9 Jeux de Poches est la meilleure fa\u00e7on d&#039;encourager l&#039;altruisme au sein de votre entreprise tout en am\u00e9liorant la synergie, la collaboration et la communication des membres de votre \u00e9quipe. En savoir plus ici.\" \/>\n<meta property=\"og:url\" content=\"https:\/\/mspteambuilding.ca\/?post_type=product&amp;p=9789\" \/>\n<meta property=\"og:site_name\" content=\"MSP Teambuilding\" \/>\n<meta property=\"article:publisher\" content=\"https:\/\/www.facebook.com\/mspteambuilding\" \/>\n<meta property=\"article:modified_time\" content=\"2023-11-10T14:55:33+00:00\" \/>\n<meta property=\"og:image\" content=\"https:\/\/mspteambuilding.ca\/wp-content\/uploads\/2023\/04\/MSP-Teambuilding.png\" \/>\n\t<meta property=\"og:image:width\" content=\"1705\" \/>\n\t<meta property=\"og:image:height\" content=\"953\" \/>\n\t<meta property=\"og:image:type\" content=\"image\/png\" \/>\n<meta name=\"twitter:card\" content=\"summary_large_image\" \/>\n<meta name=\"twitter:site\" content=\"@teambuildingmsp\" \/>\n<script type=\"application\/ld+json\" class=\"yoast-schema-graph\">{\"@context\":\"https:\\\/\\\/schema.org\",\"@graph\":[{\"@type\":\"WebPage\",\"@id\":\"https:\\\/\\\/mspteambuilding.ca\\\/?post_type=product&p=9789\",\"url\":\"https:\\\/\\\/mspteambuilding.ca\\\/?post_type=product&p=9789\",\"name\":\"Jeux de Poches (disponible bient\u00f4t) - B\u00e9n\u00e9volat Team building pour faire la diff\u00e9rence dans votre communaut\u00e9 | MSP Teambuilding\",\"isPartOf\":{\"@id\":\"https:\\\/\\\/mspteambuilding.ca\\\/#website\"},\"datePublished\":\"2019-02-24T22:58:55+00:00\",\"dateModified\":\"2023-11-10T14:55:33+00:00\",\"description\":\"L'activit\u00e9 Jeux de Poches est la meilleure fa\u00e7on d'encourager l'altruisme au sein de votre entreprise tout en am\u00e9liorant la synergie, la collaboration et la communication des membres de votre \u00e9quipe. En savoir plus ici.\",\"breadcrumb\":{\"@id\":\"https:\\\/\\\/mspteambuilding.ca\\\/?post_type=product&p=9789#breadcrumb\"},\"inLanguage\":\"fr-FR\",\"potentialAction\":[{\"@type\":\"ReadAction\",\"target\":[\"https:\\\/\\\/mspteambuilding.ca\\\/?post_type=product&p=9789\"]}]},{\"@type\":\"BreadcrumbList\",\"@id\":\"https:\\\/\\\/mspteambuilding.ca\\\/?post_type=product&p=9789#breadcrumb\",\"itemListElement\":[{\"@type\":\"ListItem\",\"position\":1,\"name\":\"Home\",\"item\":\"https:\\\/\\\/mspteambuilding.ca\\\/fr\\\/\"},{\"@type\":\"ListItem\",\"position\":2,\"name\":\"Magasinez\",\"item\":\"https:\\\/\\\/mspteambuilding.ca\\\/team-building-activities\\\/\"},{\"@type\":\"ListItem\",\"position\":3,\"name\":\"Jeux de Poches (disponible bient\u00f4t)\"}]},{\"@type\":\"WebSite\",\"@id\":\"https:\\\/\\\/mspteambuilding.ca\\\/#website\",\"url\":\"https:\\\/\\\/mspteambuilding.ca\\\/\",\"name\":\"MSP Teambuilding\",\"description\":\"Transforming Company Culture, One Human Connection at a time.\",\"publisher\":{\"@id\":\"https:\\\/\\\/mspteambuilding.ca\\\/#organization\"},\"potentialAction\":[{\"@type\":\"SearchAction\",\"target\":{\"@type\":\"EntryPoint\",\"urlTemplate\":\"https:\\\/\\\/mspteambuilding.ca\\\/?s={search_term_string}\"},\"query-input\":{\"@type\":\"PropertyValueSpecification\",\"valueRequired\":true,\"valueName\":\"search_term_string\"}}],\"inLanguage\":\"fr-FR\"},{\"@type\":\"Organization\",\"@id\":\"https:\\\/\\\/mspteambuilding.ca\\\/#organization\",\"name\":\"MSP TeamBuilding\",\"url\":\"https:\\\/\\\/mspteambuilding.ca\\\/\",\"logo\":{\"@type\":\"ImageObject\",\"inLanguage\":\"fr-FR\",\"@id\":\"https:\\\/\\\/mspteambuilding.ca\\\/#\\\/schema\\\/logo\\\/image\\\/\",\"url\":\"https:\\\/\\\/mspteambuilding.ca\\\/wp-content\\\/uploads\\\/2019\\\/03\\\/cropped-mspteambuilding-favicon.png\",\"contentUrl\":\"https:\\\/\\\/mspteambuilding.ca\\\/wp-content\\\/uploads\\\/2019\\\/03\\\/cropped-mspteambuilding-favicon.png\",\"width\":512,\"height\":512,\"caption\":\"MSP TeamBuilding\"},\"image\":{\"@id\":\"https:\\\/\\\/mspteambuilding.ca\\\/#\\\/schema\\\/logo\\\/image\\\/\"},\"sameAs\":[\"https:\\\/\\\/www.facebook.com\\\/mspteambuilding\",\"https:\\\/\\\/x.com\\\/teambuildingmsp\",\"https:\\\/\\\/www.instagram.com\\\/mspteambuilding\\\/\",\"https:\\\/\\\/www.linkedin.com\\\/company\\\/msp-teambuilding\",\"https:\\\/\\\/www.youtube.com\\\/channel\\\/UCKzGwb2bi6TEYMFmEfboppg\\\/\"]}]}<\/script>\n<!-- \/ Yoast SEO Premium plugin. -->","yoast_head_json":{"title":"Jeux de Poches (disponible bient\u00f4t) - B\u00e9n\u00e9volat Team building pour faire la diff\u00e9rence dans votre communaut\u00e9 | MSP Teambuilding","description":"L'activit\u00e9 Jeux de Poches est la meilleure fa\u00e7on d'encourager l'altruisme au sein de votre entreprise tout en am\u00e9liorant la synergie, la collaboration et la communication des membres de votre \u00e9quipe. En savoir plus ici.","robots":{"index":"index","follow":"follow","max-snippet":"max-snippet:-1","max-image-preview":"max-image-preview:large","max-video-preview":"max-video-preview:-1"},"canonical":"https:\/\/mspteambuilding.ca\/?post_type=product&p=9789","og_locale":"fr_FR","og_type":"article","og_title":"Jeux de Poches (disponible bient\u00f4t)","og_description":"L'activit\u00e9 Jeux de Poches est la meilleure fa\u00e7on d'encourager l'altruisme au sein de votre entreprise tout en am\u00e9liorant la synergie, la collaboration et la communication des membres de votre \u00e9quipe. En savoir plus ici.","og_url":"https:\/\/mspteambuilding.ca\/?post_type=product&p=9789","og_site_name":"MSP Teambuilding","article_publisher":"https:\/\/www.facebook.com\/mspteambuilding","article_modified_time":"2023-11-10T14:55:33+00:00","og_image":[{"width":1705,"height":953,"url":"https:\/\/mspteambuilding.ca\/wp-content\/uploads\/2023\/04\/MSP-Teambuilding.png","type":"image\/png"}],"twitter_card":"summary_large_image","twitter_site":"@teambuildingmsp","schema":{"@context":"https:\/\/schema.org","@graph":[{"@type":"WebPage","@id":"https:\/\/mspteambuilding.ca\/?post_type=product&p=9789","url":"https:\/\/mspteambuilding.ca\/?post_type=product&p=9789","name":"Jeux de Poches (disponible bient\u00f4t) - B\u00e9n\u00e9volat Team building pour faire la diff\u00e9rence dans votre communaut\u00e9 | MSP Teambuilding","isPartOf":{"@id":"https:\/\/mspteambuilding.ca\/#website"},"datePublished":"2019-02-24T22:58:55+00:00","dateModified":"2023-11-10T14:55:33+00:00","description":"L'activit\u00e9 Jeux de Poches est la meilleure fa\u00e7on d'encourager l'altruisme au sein de votre entreprise tout en am\u00e9liorant la synergie, la collaboration et la communication des membres de votre \u00e9quipe. En savoir plus ici.","breadcrumb":{"@id":"https:\/\/mspteambuilding.ca\/?post_type=product&p=9789#breadcrumb"},"inLanguage":"fr-FR","potentialAction":[{"@type":"ReadAction","target":["https:\/\/mspteambuilding.ca\/?post_type=product&p=9789"]}]},{"@type":"BreadcrumbList","@id":"https:\/\/mspteambuilding.ca\/?post_type=product&p=9789#breadcrumb","itemListElement":[{"@type":"ListItem","position":1,"name":"Home","item":"https:\/\/mspteambuilding.ca\/fr\/"},{"@type":"ListItem","position":2,"name":"Magasinez","item":"https:\/\/mspteambuilding.ca\/team-building-activities\/"},{"@type":"ListItem","position":3,"name":"Jeux de Poches (disponible bient\u00f4t)"}]},{"@type":"WebSite","@id":"https:\/\/mspteambuilding.ca\/#website","url":"https:\/\/mspteambuilding.ca\/","name":"MSP Teambuilding","description":"Transforming Company Culture, One Human Connection at a time.","publisher":{"@id":"https:\/\/mspteambuilding.ca\/#organization"},"potentialAction":[{"@type":"SearchAction","target":{"@type":"EntryPoint","urlTemplate":"https:\/\/mspteambuilding.ca\/?s={search_term_string}"},"query-input":{"@type":"PropertyValueSpecification","valueRequired":true,"valueName":"search_term_string"}}],"inLanguage":"fr-FR"},{"@type":"Organization","@id":"https:\/\/mspteambuilding.ca\/#organization","name":"MSP TeamBuilding","url":"https:\/\/mspteambuilding.ca\/","logo":{"@type":"ImageObject","inLanguage":"fr-FR","@id":"https:\/\/mspteambuilding.ca\/#\/schema\/logo\/image\/","url":"https:\/\/mspteambuilding.ca\/wp-content\/uploads\/2019\/03\/cropped-mspteambuilding-favicon.png","contentUrl":"https:\/\/mspteambuilding.ca\/wp-content\/uploads\/2019\/03\/cropped-mspteambuilding-favicon.png","width":512,"height":512,"caption":"MSP TeamBuilding"},"image":{"@id":"https:\/\/mspteambuilding.ca\/#\/schema\/logo\/image\/"},"sameAs":["https:\/\/www.facebook.com\/mspteambuilding","https:\/\/x.com\/teambuildingmsp","https:\/\/www.instagram.com\/mspteambuilding\/","https:\/\/www.linkedin.com\/company\/msp-teambuilding","https:\/\/www.youtube.com\/channel\/UCKzGwb2bi6TEYMFmEfboppg\/"]}]}},"_links":{"self":[{"href":"https:\/\/mspteambuilding.ca\/fr\/wp-json\/wp\/v2\/product\/9790","targetHints":{"allow":["GET"]}}],"collection":[{"href":"https:\/\/mspteambuilding.ca\/fr\/wp-json\/wp\/v2\/product"}],"about":[{"href":"https:\/\/mspteambuilding.ca\/fr\/wp-json\/wp\/v2\/types\/product"}],"replies":[{"embeddable":true,"href":"https:\/\/mspteambuilding.ca\/fr\/wp-json\/wp\/v2\/comments?post=9790"}],"wp:attachment":[{"href":"https:\/\/mspteambuilding.ca\/fr\/wp-json\/wp\/v2\/media?parent=9790"}],"wp:term":[{"taxonomy":"product_brand","embeddable":true,"href":"https:\/\/mspteambuilding.ca\/fr\/wp-json\/wp\/v2\/product_brand?post=9790"},{"taxonomy":"product_cat","embeddable":true,"href":"https:\/\/mspteambuilding.ca\/fr\/wp-json\/wp\/v2\/product_cat?post=9790"},{"taxonomy":"product_tag","embeddable":true,"href":"https:\/\/mspteambuilding.ca\/fr\/wp-json\/wp\/v2\/product_tag?post=9790"}],"curies":[{"name":"wp","href":"https:\/\/api.w.org\/{rel}","templated":true}]}}