{"id":9801,"date":"2019-02-24T23:09:15","date_gmt":"2019-02-24T23:09:15","guid":{"rendered":"http:\/\/mspteambuilding.ca\/?post_type=product&#038;p=9801\/"},"modified":"2023-11-10T13:51:35","modified_gmt":"2023-11-10T13:51:35","slug":"intrapreneuriat-social-soyez-le-changement-que-vous-souhaitez-rse","status":"publish","type":"product","link":"https:\/\/mspteambuilding.ca\/fr\/produit\/intrapreneuriat-social-soyez-le-changement-que-vous-souhaitez-rse\/","title":{"rendered":"Intrapreneuriat Social"},"content":{"rendered":"<p>Allumer la RSE avec l&#8217;intrapreneuriat social. Responsabiliser les dirigeants, inspirer le changement. Faites la diff\u00e9rence \u00e0 l&#8217;int\u00e9rieur et \u00e0 l&#8217;ext\u00e9rieur de votre pays.<\/p>\n","protected":false},"excerpt":{"rendered":"<p><span style=\"vertical-align: inherit;\"><span style=\"vertical-align: inherit;\">[edgtf_separator class_name=\"\" type=\"normal\" position=\"left\" color=\"\" border_style=\"solid\" width=\"200px\" thickness=\"\" top_margin=\"20px\" bottom_margin=\"0px\"] <\/span><\/span><br \/>\n<span style=\"vertical-align: inherit;\"><span style=\"vertical-align: inherit;\">[edgtf_custom_font content_custom_font=\"  DURATION: 4-5 one-hour sessions\" custom_font_tag=\"h5\" font_family=\"\" font_size=\"16\" line_height=\"0px\" font_style=\"normal\" text_align=\"left\" font_weight=\"700\" color=\"\" text_decoration=\"none\" letter_spacing=\"\"] <\/span><\/span><br \/>\n<span style=\"vertical-align: inherit;\"><span style=\"vertical-align: inherit;\">[edgtf_separator class_name=\"\" type=\"normal\" position=\"left\" color=\"\" border_style=\"solid\" width=\"200px\" thickness=\"\" top_margin=\"0px\" bottom_margin=\"30px\"]<\/span><\/span><\/p>\n[embed]https:\/\/youtu.be\/tw6fbopXzJc?si=fPopEI9DfCItfk1l[\/embed]\n<h5><strong><span style=\"vertical-align: inherit;\"><span style=\"vertical-align: inherit;\">Prendre des initiatives et faire la diff\u00e9rence<\/span><\/span><\/strong><\/h5>\n<p><strong><span style=\"vertical-align: inherit;\"><span style=\"vertical-align: inherit;\">Id\u00e9al pour:<\/span><\/span><br \/>\n<\/strong><\/p>\n<ul>\n<li>La motivation<\/li>\n<li>D\u00e9velopper ses comp\u00e9tences communicationnelles<\/li>\n<li>Gestion de projet<\/li>\n<\/ul>\n<p><strong><span style=\"vertical-align: inherit;\"><span style=\"vertical-align: inherit;\">GROUP SIZE:<\/span><\/span><\/strong> <span style=\"vertical-align: inherit;\"><span style=\"vertical-align: inherit;\">10+<\/span><\/span><\/p>\n<p><strong><em><span style=\"vertical-align: inherit;\"><span style=\"vertical-align: inherit;\">Intrapreneuriat Social<\/span><\/span><\/em><\/strong><span style=\"vertical-align: inherit;\"><span style=\"vertical-align: inherit;\"> est une activit\u00e9 de team building o\u00f9 les organisations encouragent leurs employ\u00e9s \u00e0 prendre leur propre initiative sociale en tant qu&#8217;intrapreneurs. <\/span><span style=\"vertical-align: inherit;\">Les employ\u00e9s participants pr\u00e9sentent une initiative visant \u00e0 cr\u00e9er un impact social ou environnemental remarquable en redonnant \u00e0 leur communaut\u00e9 ou en aidant une cause caritative, et en faisant avancer la mission de l&#8217;entreprise. <\/span><span style=\"vertical-align: inherit;\">Donner cette opportunit\u00e9 aux employ\u00e9s encourage l&#8217;engagement sur le lieu de travail et aide \u00e0 identifier les leaders naturels au sein de votre \u00e9quipe. <\/span><span style=\"vertical-align: inherit;\">De plus, de telles initiatives cr\u00e9ent un fort sentiment d&#8217;appartenance au sein d&#8217;une organisation. <\/span><span style=\"vertical-align: inherit;\">De nos jours, les employ\u00e9s veulent travailler pour des entreprises socialement responsables. <\/span><span style=\"vertical-align: inherit;\">En lan\u00e7ant cette initiative, vous stimulez la cr\u00e9ativit\u00e9 et l&#8217;innovation en vous. <\/span><span style=\"vertical-align: inherit;\">De plus, vous contribuez \u00e0 am\u00e9liorer les performances de l&#8217;\u00e9quipe ainsi qu&#8217;\u00e0 attirer et retenir les talents.<\/span><\/span><\/p>\n<p><a href=\"mailto:info@mspteambuilding.ca?subject=REQUEST:%20Social%20Intrapreneurship%20Details&amp;body=I%20would%20like%20to%20request%20a%20copy%20of%20this%20program%20detailed%20description.%20Thank%20you.\"><strong><span style=\"vertical-align: inherit;\"><span style=\"vertical-align: inherit;\">CLIQUEZ ICI POUR DEMANDER DES INFORMATIONS D\u00c9TAILL\u00c9ES SUR LE PROGRAMME ET LES PARTAGER AVEC VOTRE \u00c9QUIPE<\/span><\/span><\/strong><\/a><\/p>\n<p><strong><em><span style=\"vertical-align: inherit;\"><span style=\"vertical-align: inherit;\">Intrapreneuriat Social<\/span><\/span><\/em><\/strong><span style=\"vertical-align: inherit;\"><span style=\"vertical-align: inherit;\"> est une belle activit\u00e9 mobilisatrice. <\/span><span style=\"vertical-align: inherit;\">De nombreuses \u00e9tudes ont montr\u00e9 que les initiatives sociales renforcent l&#8217;engagement des employ\u00e9s ainsi que le sentiment de faire partie de quelque chose de plus grand. <\/span><span style=\"vertical-align: inherit;\">C&#8217;est pour les employ\u00e9s beaucoup plus gratifiant qu&#8217;une simple reconnaissance mon\u00e9taire car cela leur donne un sens large de leur objectif. <\/span><span style=\"vertical-align: inherit;\">De plus, les participants d\u00e9veloppent leur intelligence \u00e9motionnelle et leur cr\u00e9ativit\u00e9 en travaillant sur leurs propres initiatives sociales. <\/span><span style=\"vertical-align: inherit;\">Encouragez-les \u00e0 donner en retour et vous en r\u00e9colterez les b\u00e9n\u00e9fices.<\/span><\/span><\/p>\n<h5><strong><span style=\"vertical-align: inherit;\">CE QUI EST INCLUS<\/span><\/strong><\/h5>\n<ul>\n<li><span style=\"vertical-align: inherit;\">Tactiques de motivation pour augmenter la participation<\/span><\/li>\n<li><span style=\"vertical-align: inherit;\">Strat\u00e9gie de communication pour l&#8217;engagement<\/span><\/li>\n<li><span style=\"vertical-align: inherit;\">Gestion de projet et suivi d&#8217;avancement<\/span><\/li>\n<li><span style=\"vertical-align: inherit;\">Une \u00e9quipe de 1 \u00e0 2 chefs de projet animateurs<\/span><\/li>\n<li><span style=\"vertical-align: inherit;\">\u00c9changer\/partager en \u00e9quipe et en groupe tout au long du processus<\/span><\/li>\n<\/ul>\n<p><strong><span style=\"vertical-align: inherit;\"><span style=\"vertical-align: inherit;\">PERSONNALISABLE<\/span><\/span><\/strong><br \/>\n<span style=\"vertical-align: inherit;\"><span style=\"vertical-align: inherit;\"> Ce programme peut \u00eatre personnalis\u00e9 pour r\u00e9pondre \u00e0 vos besoins. <\/span><span style=\"vertical-align: inherit;\">Envie de faire une s\u00e9ance photo pour comm\u00e9morer cette activit\u00e9 ? <\/span><span style=\"vertical-align: inherit;\">Nous pouvons faire \u00e7a ! <\/span><span style=\"vertical-align: inherit;\">D&#8217;autres id\u00e9es ? <\/span><span style=\"vertical-align: inherit;\">Faites-le nous savoir, et nous trouverons quelque chose ensemble.<\/span><\/span><\/p>\n<p><strong><span style=\"vertical-align: inherit;\"><span style=\"vertical-align: inherit;\">D\u00c9TAILS TECHNIQUES<\/span><\/span><br \/>\n<\/strong><span style=\"vertical-align: inherit;\"><span style=\"vertical-align: inherit;\"> Pour plus d&#8217;informations sur ce qui est inclus dans le programme, veuillez faire d\u00e9filer jusqu&#8217;\u00e0 l&#8217;onglet de description ci-dessous.<\/span><\/span><\/p>\n<p><span style=\"vertical-align: inherit;\"><span style=\"vertical-align: inherit;\">[edgtf_custom_font content_custom_font=\"REQUEST A PRICE QUOTE\" custom_font_tag=\"h5\" font_family=\"\" font_size=\"20\" line_height=\"0px\" font_style=\"normal\" text_align=\"left\" font_weight=\"700\" color=\"\" text_decoration=\"none\" letter_spacing=\"\"] <\/span><\/span><\/p>\n<p><span style=\"vertical-align: inherit;\"><strong><em><span style=\"vertical-align: inherit;\">Intrapreneuriat Social<\/span><\/em><\/strong><strong><span style=\"vertical-align: inherit;\"> Le Team Building offre de nombreuses options. <\/span><\/strong><strong><span style=\"vertical-align: inherit;\">Nous accueillons diff\u00e9rentes tailles de groupe et personnaliserons le forfait en fonction de vos besoins. <\/span><\/strong><strong><span style=\"vertical-align: inherit;\">Le prix varie en fonction de la taille de votre groupe et du type d&#8217;activit\u00e9.<\/span><\/strong><\/span><br \/>\n<strong><em><br \/>\n<\/em><\/strong><\/p>\n<p><span style=\"vertical-align: inherit;\"><span style=\"vertical-align: inherit;\">Veuillez remplir le formulaire ci-dessous pour \u00e9tablir le prix de votre forfait et un de nos repr\u00e9sentants vous contactera sous peu.<\/span><\/span><\/p>\n[wpforms id=\"14791\" title=\"false\"]\n","protected":false},"featured_media":17876,"comment_status":"open","ping_status":"closed","template":"","meta":{"_acf_changed":false},"product_brand":[],"product_cat":[1474,1444,1509,1551,1470,1527,1525,1494,1445,1482,1476,1501,1529,1426,206,1511,1459,1466,1519,1478,1488,1446,1536,1513,1451,1515,1507,1484,1546,1455,1456,1449,1505,209,1554,1543,1448,207,1531,1540,1472,1480,1496,1542,1538,1490,1534,1552,1468,1548,172,1553,1503,1492,1462,1517,1464,1523,1521,1550],"product_tag":[1601],"class_list":{"0":"post-9801","1":"product","2":"type-product","3":"status-publish","4":"has-post-thumbnail","6":"product_cat-abbotsford","7":"product_cat-alberta","8":"product_cat-brampton","9":"product_cat-brandon","10":"product_cat-burnaby","11":"product_cat-calgary-et-environs","12":"product_cat-cambridge","13":"product_cat-chicoutimi-jonquiere","14":"product_cat-colombie-britannique","15":"product_cat-coquitlam","16":"product_cat-delta","17":"product_cat-drummondville","18":"product_cat-edmonton-et-environs","19":"product_cat-en-personne","20":"product_cat-engagement","21":"product_cat-hamilton","22":"product_cat-ile-du-prince-edouard","23":"product_cat-kelowna","24":"product_cat-kitchener","25":"product_cat-langley","26":"product_cat-laurentides","27":"product_cat-les-maritimes","28":"product_cat-lethbridge","29":"product_cat-london","30":"product_cat-manitoba-2","31":"product_cat-markham","32":"product_cat-mississauga","33":"product_cat-montreal","34":"product_cat-moose-jaw","35":"product_cat-nouveau-brunswick","36":"product_cat-nouvelle-ecosse","37":"product_cat-ontario-2","38":"product_cat-ottawa","39":"product_cat-performance","40":"product_cat-portage-la-prairie","41":"product_cat-prince-albert","42":"product_cat-quebec","43":"product_cat-reconnaissance","44":"product_cat-red-deer","45":"product_cat-regina","46":"product_cat-richmond","47":"product_cat-saanich","48":"product_cat-saint-jean-sur-richelieu","49":"product_cat-saskatchewan","50":"product_cat-saskatoon","51":"product_cat-sherbrooke","52":"product_cat-st-albert","53":"product_cat-steinbach","54":"product_cat-surrey","55":"product_cat-swift-current","56":"product_cat-team-building-creatif-artistique-musical","57":"product_cat-thompson","58":"product_cat-toronto-gta","59":"product_cat-trois-rivieres","60":"product_cat-vancouver-et-gvr","61":"product_cat-vaughan","62":"product_cat-victoria","63":"product_cat-waterloo","64":"product_cat-windsor","65":"product_cat-winnipeg","66":"product_tag-en-personne","67":"pa_activity-type-culture-dentreprise","68":"pa_activity-type-ie-intelligence-emotionnelle","69":"pa_activity-type-reconnaissance-de-lequipe","70":"pa_activity-type-responsabilite-sociale-des-entreprises","71":"pa_play-type-team-fr","72":"pa_time-moins-de-30-minutes","73":"pa_time-1-2hrs","74":"pa_time-1h-ou-moins","75":"pa_time-jusqua-toute-la-journee","76":"pa_time-plus-de-2-heures","78":"first","79":"instock","80":"product-type-simple"},"acf":[],"yoast_head":"<!-- This site is optimized with the Yoast SEO Premium plugin v21.8 (Yoast SEO v27.3) - https:\/\/yoast.com\/product\/yoast-seo-premium-wordpress\/ -->\n<title>L&#039;intrapreneuriat social, soyez le changement que vous souhaitez | Teambuilding MSP<\/title>\n<meta name=\"description\" content=\"L&#039;Intrapreneuriat Social est un formidable programme de mobilisation d&#039;\u00e9quipe qui contribue \u00e0 la Responsabilit\u00e9 Sociale de votre entreprise (RSE). En savoir plus ici.\" \/>\n<meta name=\"robots\" content=\"index, follow, max-snippet:-1, max-image-preview:large, max-video-preview:-1\" \/>\n<link rel=\"canonical\" href=\"https:\/\/mspteambuilding.ca\/produit\/social-intrapreneurship-csr-team-building\/\" \/>\n<meta property=\"og:locale\" content=\"fr_FR\" \/>\n<meta property=\"og:type\" content=\"article\" \/>\n<meta property=\"og:title\" content=\"Intrapreneuriat Social\" \/>\n<meta property=\"og:description\" content=\"L&#039;Intrapreneuriat Social est un formidable programme de mobilisation d&#039;\u00e9quipe qui contribue \u00e0 la Responsabilit\u00e9 Sociale de votre entreprise (RSE). En savoir plus ici.\" \/>\n<meta property=\"og:url\" content=\"https:\/\/mspteambuilding.ca\/produit\/social-intrapreneurship-csr-team-building\/\" \/>\n<meta property=\"og:site_name\" content=\"MSP Teambuilding\" \/>\n<meta property=\"article:publisher\" content=\"https:\/\/www.facebook.com\/mspteambuilding\" \/>\n<meta property=\"article:modified_time\" content=\"2023-11-10T13:51:35+00:00\" \/>\n<meta property=\"og:image\" content=\"https:\/\/mspteambuilding.ca\/wp-content\/uploads\/2019\/02\/groupe-benevolat-1.jpg\" \/>\n\t<meta property=\"og:image:width\" content=\"500\" \/>\n\t<meta property=\"og:image:height\" content=\"500\" \/>\n\t<meta property=\"og:image:type\" content=\"image\/jpeg\" \/>\n<meta name=\"twitter:card\" content=\"summary_large_image\" \/>\n<meta name=\"twitter:site\" content=\"@teambuildingmsp\" \/>\n<script type=\"application\/ld+json\" class=\"yoast-schema-graph\">{\"@context\":\"https:\\\/\\\/schema.org\",\"@graph\":[{\"@type\":\"WebPage\",\"@id\":\"https:\\\/\\\/mspteambuilding.ca\\\/produit\\\/social-intrapreneurship-csr-team-building\\\/\",\"url\":\"https:\\\/\\\/mspteambuilding.ca\\\/produit\\\/social-intrapreneurship-csr-team-building\\\/\",\"name\":\"L'intrapreneuriat social, soyez le changement que vous souhaitez | Teambuilding MSP\",\"isPartOf\":{\"@id\":\"https:\\\/\\\/mspteambuilding.ca\\\/#website\"},\"primaryImageOfPage\":{\"@id\":\"https:\\\/\\\/mspteambuilding.ca\\\/produit\\\/social-intrapreneurship-csr-team-building\\\/#primaryimage\"},\"image\":{\"@id\":\"https:\\\/\\\/mspteambuilding.ca\\\/produit\\\/social-intrapreneurship-csr-team-building\\\/#primaryimage\"},\"thumbnailUrl\":\"https:\\\/\\\/mspteambuilding.ca\\\/wp-content\\\/uploads\\\/2019\\\/02\\\/groupe-benevolat-1.jpg\",\"datePublished\":\"2019-02-24T23:09:15+00:00\",\"dateModified\":\"2023-11-10T13:51:35+00:00\",\"description\":\"L'Intrapreneuriat Social est un formidable programme de mobilisation d'\u00e9quipe qui contribue \u00e0 la Responsabilit\u00e9 Sociale de votre entreprise (RSE). En savoir plus ici.\",\"breadcrumb\":{\"@id\":\"https:\\\/\\\/mspteambuilding.ca\\\/produit\\\/social-intrapreneurship-csr-team-building\\\/#breadcrumb\"},\"inLanguage\":\"fr-FR\",\"potentialAction\":[{\"@type\":\"ReadAction\",\"target\":[\"https:\\\/\\\/mspteambuilding.ca\\\/produit\\\/social-intrapreneurship-csr-team-building\\\/\"]}]},{\"@type\":\"ImageObject\",\"inLanguage\":\"fr-FR\",\"@id\":\"https:\\\/\\\/mspteambuilding.ca\\\/produit\\\/social-intrapreneurship-csr-team-building\\\/#primaryimage\",\"url\":\"https:\\\/\\\/mspteambuilding.ca\\\/wp-content\\\/uploads\\\/2019\\\/02\\\/groupe-benevolat-1.jpg\",\"contentUrl\":\"https:\\\/\\\/mspteambuilding.ca\\\/wp-content\\\/uploads\\\/2019\\\/02\\\/groupe-benevolat-1.jpg\",\"width\":500,\"height\":500,\"caption\":\"A group of diverse people doing volunteering work - MSP Teambuilding\"},{\"@type\":\"BreadcrumbList\",\"@id\":\"https:\\\/\\\/mspteambuilding.ca\\\/produit\\\/social-intrapreneurship-csr-team-building\\\/#breadcrumb\",\"itemListElement\":[{\"@type\":\"ListItem\",\"position\":1,\"name\":\"Home\",\"item\":\"https:\\\/\\\/mspteambuilding.ca\\\/fr\\\/\"},{\"@type\":\"ListItem\",\"position\":2,\"name\":\"Magasinez\",\"item\":\"https:\\\/\\\/mspteambuilding.ca\\\/team-building-activities\\\/\"},{\"@type\":\"ListItem\",\"position\":3,\"name\":\"Intrapreneuriat Social\"}]},{\"@type\":\"WebSite\",\"@id\":\"https:\\\/\\\/mspteambuilding.ca\\\/#website\",\"url\":\"https:\\\/\\\/mspteambuilding.ca\\\/\",\"name\":\"MSP Teambuilding\",\"description\":\"Transforming Company Culture, One Human Connection at a time.\",\"publisher\":{\"@id\":\"https:\\\/\\\/mspteambuilding.ca\\\/#organization\"},\"potentialAction\":[{\"@type\":\"SearchAction\",\"target\":{\"@type\":\"EntryPoint\",\"urlTemplate\":\"https:\\\/\\\/mspteambuilding.ca\\\/?s={search_term_string}\"},\"query-input\":{\"@type\":\"PropertyValueSpecification\",\"valueRequired\":true,\"valueName\":\"search_term_string\"}}],\"inLanguage\":\"fr-FR\"},{\"@type\":\"Organization\",\"@id\":\"https:\\\/\\\/mspteambuilding.ca\\\/#organization\",\"name\":\"MSP TeamBuilding\",\"url\":\"https:\\\/\\\/mspteambuilding.ca\\\/\",\"logo\":{\"@type\":\"ImageObject\",\"inLanguage\":\"fr-FR\",\"@id\":\"https:\\\/\\\/mspteambuilding.ca\\\/#\\\/schema\\\/logo\\\/image\\\/\",\"url\":\"https:\\\/\\\/mspteambuilding.ca\\\/wp-content\\\/uploads\\\/2019\\\/03\\\/cropped-mspteambuilding-favicon.png\",\"contentUrl\":\"https:\\\/\\\/mspteambuilding.ca\\\/wp-content\\\/uploads\\\/2019\\\/03\\\/cropped-mspteambuilding-favicon.png\",\"width\":512,\"height\":512,\"caption\":\"MSP TeamBuilding\"},\"image\":{\"@id\":\"https:\\\/\\\/mspteambuilding.ca\\\/#\\\/schema\\\/logo\\\/image\\\/\"},\"sameAs\":[\"https:\\\/\\\/www.facebook.com\\\/mspteambuilding\",\"https:\\\/\\\/x.com\\\/teambuildingmsp\",\"https:\\\/\\\/www.instagram.com\\\/mspteambuilding\\\/\",\"https:\\\/\\\/www.linkedin.com\\\/company\\\/msp-teambuilding\",\"https:\\\/\\\/www.youtube.com\\\/channel\\\/UCKzGwb2bi6TEYMFmEfboppg\\\/\"]}]}<\/script>\n<!-- \/ Yoast SEO Premium plugin. -->","yoast_head_json":{"title":"L'intrapreneuriat social, soyez le changement que vous souhaitez | Teambuilding MSP","description":"L'Intrapreneuriat Social est un formidable programme de mobilisation d'\u00e9quipe qui contribue \u00e0 la Responsabilit\u00e9 Sociale de votre entreprise (RSE). En savoir plus ici.","robots":{"index":"index","follow":"follow","max-snippet":"max-snippet:-1","max-image-preview":"max-image-preview:large","max-video-preview":"max-video-preview:-1"},"canonical":"https:\/\/mspteambuilding.ca\/produit\/social-intrapreneurship-csr-team-building\/","og_locale":"fr_FR","og_type":"article","og_title":"Intrapreneuriat Social","og_description":"L'Intrapreneuriat Social est un formidable programme de mobilisation d'\u00e9quipe qui contribue \u00e0 la Responsabilit\u00e9 Sociale de votre entreprise (RSE). En savoir plus ici.","og_url":"https:\/\/mspteambuilding.ca\/produit\/social-intrapreneurship-csr-team-building\/","og_site_name":"MSP Teambuilding","article_publisher":"https:\/\/www.facebook.com\/mspteambuilding","article_modified_time":"2023-11-10T13:51:35+00:00","og_image":[{"width":500,"height":500,"url":"https:\/\/mspteambuilding.ca\/wp-content\/uploads\/2019\/02\/groupe-benevolat-1.jpg","type":"image\/jpeg"}],"twitter_card":"summary_large_image","twitter_site":"@teambuildingmsp","schema":{"@context":"https:\/\/schema.org","@graph":[{"@type":"WebPage","@id":"https:\/\/mspteambuilding.ca\/produit\/social-intrapreneurship-csr-team-building\/","url":"https:\/\/mspteambuilding.ca\/produit\/social-intrapreneurship-csr-team-building\/","name":"L'intrapreneuriat social, soyez le changement que vous souhaitez | Teambuilding MSP","isPartOf":{"@id":"https:\/\/mspteambuilding.ca\/#website"},"primaryImageOfPage":{"@id":"https:\/\/mspteambuilding.ca\/produit\/social-intrapreneurship-csr-team-building\/#primaryimage"},"image":{"@id":"https:\/\/mspteambuilding.ca\/produit\/social-intrapreneurship-csr-team-building\/#primaryimage"},"thumbnailUrl":"https:\/\/mspteambuilding.ca\/wp-content\/uploads\/2019\/02\/groupe-benevolat-1.jpg","datePublished":"2019-02-24T23:09:15+00:00","dateModified":"2023-11-10T13:51:35+00:00","description":"L'Intrapreneuriat Social est un formidable programme de mobilisation d'\u00e9quipe qui contribue \u00e0 la Responsabilit\u00e9 Sociale de votre entreprise (RSE). En savoir plus ici.","breadcrumb":{"@id":"https:\/\/mspteambuilding.ca\/produit\/social-intrapreneurship-csr-team-building\/#breadcrumb"},"inLanguage":"fr-FR","potentialAction":[{"@type":"ReadAction","target":["https:\/\/mspteambuilding.ca\/produit\/social-intrapreneurship-csr-team-building\/"]}]},{"@type":"ImageObject","inLanguage":"fr-FR","@id":"https:\/\/mspteambuilding.ca\/produit\/social-intrapreneurship-csr-team-building\/#primaryimage","url":"https:\/\/mspteambuilding.ca\/wp-content\/uploads\/2019\/02\/groupe-benevolat-1.jpg","contentUrl":"https:\/\/mspteambuilding.ca\/wp-content\/uploads\/2019\/02\/groupe-benevolat-1.jpg","width":500,"height":500,"caption":"A group of diverse people doing volunteering work - MSP Teambuilding"},{"@type":"BreadcrumbList","@id":"https:\/\/mspteambuilding.ca\/produit\/social-intrapreneurship-csr-team-building\/#breadcrumb","itemListElement":[{"@type":"ListItem","position":1,"name":"Home","item":"https:\/\/mspteambuilding.ca\/fr\/"},{"@type":"ListItem","position":2,"name":"Magasinez","item":"https:\/\/mspteambuilding.ca\/team-building-activities\/"},{"@type":"ListItem","position":3,"name":"Intrapreneuriat Social"}]},{"@type":"WebSite","@id":"https:\/\/mspteambuilding.ca\/#website","url":"https:\/\/mspteambuilding.ca\/","name":"MSP Teambuilding","description":"Transforming Company Culture, One Human Connection at a time.","publisher":{"@id":"https:\/\/mspteambuilding.ca\/#organization"},"potentialAction":[{"@type":"SearchAction","target":{"@type":"EntryPoint","urlTemplate":"https:\/\/mspteambuilding.ca\/?s={search_term_string}"},"query-input":{"@type":"PropertyValueSpecification","valueRequired":true,"valueName":"search_term_string"}}],"inLanguage":"fr-FR"},{"@type":"Organization","@id":"https:\/\/mspteambuilding.ca\/#organization","name":"MSP TeamBuilding","url":"https:\/\/mspteambuilding.ca\/","logo":{"@type":"ImageObject","inLanguage":"fr-FR","@id":"https:\/\/mspteambuilding.ca\/#\/schema\/logo\/image\/","url":"https:\/\/mspteambuilding.ca\/wp-content\/uploads\/2019\/03\/cropped-mspteambuilding-favicon.png","contentUrl":"https:\/\/mspteambuilding.ca\/wp-content\/uploads\/2019\/03\/cropped-mspteambuilding-favicon.png","width":512,"height":512,"caption":"MSP TeamBuilding"},"image":{"@id":"https:\/\/mspteambuilding.ca\/#\/schema\/logo\/image\/"},"sameAs":["https:\/\/www.facebook.com\/mspteambuilding","https:\/\/x.com\/teambuildingmsp","https:\/\/www.instagram.com\/mspteambuilding\/","https:\/\/www.linkedin.com\/company\/msp-teambuilding","https:\/\/www.youtube.com\/channel\/UCKzGwb2bi6TEYMFmEfboppg\/"]}]}},"_links":{"self":[{"href":"https:\/\/mspteambuilding.ca\/fr\/wp-json\/wp\/v2\/product\/9801","targetHints":{"allow":["GET"]}}],"collection":[{"href":"https:\/\/mspteambuilding.ca\/fr\/wp-json\/wp\/v2\/product"}],"about":[{"href":"https:\/\/mspteambuilding.ca\/fr\/wp-json\/wp\/v2\/types\/product"}],"replies":[{"embeddable":true,"href":"https:\/\/mspteambuilding.ca\/fr\/wp-json\/wp\/v2\/comments?post=9801"}],"wp:featuredmedia":[{"embeddable":true,"href":"https:\/\/mspteambuilding.ca\/fr\/wp-json\/wp\/v2\/media\/17876"}],"wp:attachment":[{"href":"https:\/\/mspteambuilding.ca\/fr\/wp-json\/wp\/v2\/media?parent=9801"}],"wp:term":[{"taxonomy":"product_brand","embeddable":true,"href":"https:\/\/mspteambuilding.ca\/fr\/wp-json\/wp\/v2\/product_brand?post=9801"},{"taxonomy":"product_cat","embeddable":true,"href":"https:\/\/mspteambuilding.ca\/fr\/wp-json\/wp\/v2\/product_cat?post=9801"},{"taxonomy":"product_tag","embeddable":true,"href":"https:\/\/mspteambuilding.ca\/fr\/wp-json\/wp\/v2\/product_tag?post=9801"}],"curies":[{"name":"wp","href":"https:\/\/api.w.org\/{rel}","templated":true}]}}